{"id":11208,"date":"2021-10-06T16:35:56","date_gmt":"2021-10-06T14:35:56","guid":{"rendered":"http:\/\/sp1.hrubieszow.info\/?page_id=11208"},"modified":"2021-10-06T16:36:37","modified_gmt":"2021-10-06T14:36:37","slug":"odpowiedzi-na-pytania-rodzicow-dotyczace-szczepien","status":"publish","type":"page","link":"https:\/\/sp1hrubieszow.pl\/index.php\/kronika-2020-2021\/odpowiedzi-na-pytania-rodzicow-dotyczace-szczepien\/","title":{"rendered":"Odpowiedzi na pytania rodzic\u00f3w dotycz\u0105ce szczepie\u0144"},"content":{"rendered":"\n<p style=\"text-align: left;\"><span style=\"color: #000080;\"><strong>Szanowni Pa\u0144stwo,<\/strong><\/span><br><span style=\"color: #000080;\">przekazuj\u0119 w za\u0142\u0105czeniu odpowiedzi na pytania rodzic\u00f3w zadane podczas wideokonferencji w dniu 22 wrze\u015bnia 2021 r. Informacje dotycz\u0105ce szczepie\u0144 opracowa\u0142a Pani prof. Agnieszka Szuster-Ciesielska &#8211; wirusolog, za\u015b odpowiedzi na pytania z zakresu funkcjonowania szk\u00f3\u0142 przygotowa\u0142 Lubelski Kurator O\u015bwiaty.&nbsp;<\/span><br><br><span style=\"color: #000080;\">Z powa\u017caniem<\/span><br><span style=\"color: #000080;\">Teresa Misiuk<\/span><br><span style=\"color: #000080;\">Lubelski Kurator O\u015bwiaty<\/span><\/p>\n<p><u>ZA\u0141\u0104CZNIKI:<\/u><br><a href=\"https:\/\/www.kuratorium.lublin.pl\/gsok\/include\/pliki.php?cl=pliki&amp;akc=dl&amp;id=18086\"><strong><span style=\"color: #000080;\">PYTANIA RODZIC\u00d3W &#8211; konferencja 22 .09.2021.pdf<\/span><\/strong><\/a><\/p>\n<p><span style=\"color: #000080;\"><a style=\"color: #000080;\" href=\"https:\/\/www.kuratorium.lublin.pl\/gsok\/include\/pliki.php?cl=pliki&amp;akc=dl&amp;id=18087\"><strong><span style=\"color: #000080;\">PYTANIA RODZIC\u00d3W DO LUBELSKIEGO KURATORA O\u015aWIATY.pdf<\/span><\/strong><\/a><\/span><\/p>\n<p><span style=\"color: #000080;\">.<\/span><\/p>\n","protected":false},"excerpt":{"rendered":"<p>Szanowni Pa\u0144stwo,przekazuj\u0119 w za\u0142\u0105czeniu odpowiedzi na pytania rodzic\u00f3w zadane podczas wideokonferencji w dniu 22 wrze\u015bnia 2021 r. Informacje dotycz\u0105ce szczepie\u0144 opracowa\u0142a Pani prof. Agnieszka Szuster-Ciesielska &#8211; wirusolog, za\u015b odpowiedzi na pytania z zakresu funkcjonowania szk\u00f3\u0142 przygotowa\u0142 Lubelski Kurator O\u015bwiaty.&nbsp; Z powa\u017caniemTeresa MisiukLubelski Kurator O\u015bwiaty ZA\u0141\u0104CZNIKI:PYTANIA RODZIC\u00d3W &#8211; konferencja 22 .09.2021.pdf PYTANIA RODZIC\u00d3W DO LUBELSKIEGO KURATORA [&hellip;]<\/p>\n","protected":false},"author":2,"featured_media":0,"parent":5983,"menu_order":0,"comment_status":"closed","ping_status":"closed","template":"","meta":{"ngg_post_thumbnail":0,"footnotes":""},"class_list":["post-11208","page","type-page","status-publish","hentry"],"_links":{"self":[{"href":"https:\/\/sp1hrubieszow.pl\/index.php\/wp-json\/wp\/v2\/pages\/11208","targetHints":{"allow":["GET"]}}],"collection":[{"href":"https:\/\/sp1hrubieszow.pl\/index.php\/wp-json\/wp\/v2\/pages"}],"about":[{"href":"https:\/\/sp1hrubieszow.pl\/index.php\/wp-json\/wp\/v2\/types\/page"}],"author":[{"embeddable":true,"href":"https:\/\/sp1hrubieszow.pl\/index.php\/wp-json\/wp\/v2\/users\/2"}],"replies":[{"embeddable":true,"href":"https:\/\/sp1hrubieszow.pl\/index.php\/wp-json\/wp\/v2\/comments?post=11208"}],"version-history":[{"count":1,"href":"https:\/\/sp1hrubieszow.pl\/index.php\/wp-json\/wp\/v2\/pages\/11208\/revisions"}],"predecessor-version":[{"id":11209,"href":"https:\/\/sp1hrubieszow.pl\/index.php\/wp-json\/wp\/v2\/pages\/11208\/revisions\/11209"}],"up":[{"embeddable":true,"href":"https:\/\/sp1hrubieszow.pl\/index.php\/wp-json\/wp\/v2\/pages\/5983"}],"wp:attachment":[{"href":"https:\/\/sp1hrubieszow.pl\/index.php\/wp-json\/wp\/v2\/media?parent=11208"}],"curies":[{"name":"wp","href":"https:\/\/api.w.org\/{rel}","templated":true}]}}