{"id":11204,"date":"2021-10-05T17:22:11","date_gmt":"2021-10-05T15:22:11","guid":{"rendered":"http:\/\/sp1.hrubieszow.info\/?page_id=11204"},"modified":"2021-10-05T17:22:31","modified_gmt":"2021-10-05T15:22:31","slug":"ja-i-moja-klasa-zajecia-w-klasach-pierwszych","status":"publish","type":"page","link":"https:\/\/sp1hrubieszow.pl\/index.php\/kronika-2020-2021\/ja-i-moja-klasa-zajecia-w-klasach-pierwszych\/","title":{"rendered":"&#8222;Ja i moja klasa&#8221; &#8211; zaj\u0119cia w klasach pierwszych"},"content":{"rendered":"\n<p><span style=\"color: #000080;\">04.10.2021r. wszystkie klasy pierwsze go\u015bci\u0142y u siebie pracownic\u0119 hrubieszowskiej PPP, pani\u0105 Ma\u0142gorzat\u0119 Bara\u0144sk\u0105. Uczestniczy\u0142y, tym samym, w zaj\u0119ciach reintegracyjnych na temat &#8221; Ja i moja klasa&#8221;. Dzieci by\u0142y bardzo zainteresowane proponowanymi zadaniami, wskazywa\u0142y si\u0119 du\u017c\u0105 wiedz\u0105 o \u017cyciu klasowym. Podczas realizacji wielu wyzwa\u0144 kierowa\u0142y si\u0119 wsp\u00f3\u0142prac\u0105, wyobra\u017ani\u0105 i kreatywno\u015bci\u0105. Wychowawczynie klas 1 wraz ze swoimi uczniami dzi\u0119kuj\u0105 pani Ma\u0142gosi za owocnie sp\u0119dzony czas i bardzo ciekawe zaj\u0119cia.<\/span><\/p>\nngg_shortcode_0_placeholder\n","protected":false},"excerpt":{"rendered":"<p>04.10.2021r. wszystkie klasy pierwsze go\u015bci\u0142y u siebie pracownic\u0119 hrubieszowskiej PPP, pani\u0105 Ma\u0142gorzat\u0119 Bara\u0144sk\u0105. Uczestniczy\u0142y, tym samym, w zaj\u0119ciach reintegracyjnych na temat &#8221; Ja i moja klasa&#8221;. Dzieci by\u0142y bardzo zainteresowane proponowanymi zadaniami, wskazywa\u0142y si\u0119 du\u017c\u0105 wiedz\u0105 o \u017cyciu klasowym. Podczas realizacji wielu wyzwa\u0144 kierowa\u0142y si\u0119 wsp\u00f3\u0142prac\u0105, wyobra\u017ani\u0105 i kreatywno\u015bci\u0105. Wychowawczynie klas 1 wraz ze swoimi [&hellip;]<\/p>\n","protected":false},"author":2,"featured_media":0,"parent":5983,"menu_order":0,"comment_status":"closed","ping_status":"closed","template":"","meta":{"ngg_post_thumbnail":0,"footnotes":""},"class_list":["post-11204","page","type-page","status-publish","hentry"],"_links":{"self":[{"href":"https:\/\/sp1hrubieszow.pl\/index.php\/wp-json\/wp\/v2\/pages\/11204","targetHints":{"allow":["GET"]}}],"collection":[{"href":"https:\/\/sp1hrubieszow.pl\/index.php\/wp-json\/wp\/v2\/pages"}],"about":[{"href":"https:\/\/sp1hrubieszow.pl\/index.php\/wp-json\/wp\/v2\/types\/page"}],"author":[{"embeddable":true,"href":"https:\/\/sp1hrubieszow.pl\/index.php\/wp-json\/wp\/v2\/users\/2"}],"replies":[{"embeddable":true,"href":"https:\/\/sp1hrubieszow.pl\/index.php\/wp-json\/wp\/v2\/comments?post=11204"}],"version-history":[{"count":1,"href":"https:\/\/sp1hrubieszow.pl\/index.php\/wp-json\/wp\/v2\/pages\/11204\/revisions"}],"predecessor-version":[{"id":11205,"href":"https:\/\/sp1hrubieszow.pl\/index.php\/wp-json\/wp\/v2\/pages\/11204\/revisions\/11205"}],"up":[{"embeddable":true,"href":"https:\/\/sp1hrubieszow.pl\/index.php\/wp-json\/wp\/v2\/pages\/5983"}],"wp:attachment":[{"href":"https:\/\/sp1hrubieszow.pl\/index.php\/wp-json\/wp\/v2\/media?parent=11204"}],"curies":[{"name":"wp","href":"https:\/\/api.w.org\/{rel}","templated":true}]}}