{"id":11169,"date":"2021-10-02T22:42:11","date_gmt":"2021-10-02T20:42:11","guid":{"rendered":"http:\/\/sp1.hrubieszow.info\/?page_id=11169"},"modified":"2021-10-02T22:42:38","modified_gmt":"2021-10-02T20:42:38","slug":"czytamy-z-sercem","status":"publish","type":"page","link":"https:\/\/sp1hrubieszow.pl\/index.php\/kronika-2020-2021\/czytamy-z-sercem\/","title":{"rendered":"Czytamy z sercem"},"content":{"rendered":"\n<p><span style=\"color: #000080;\">Dnia 29 wrze\u015bnia 2021 r. w Og\u00f3lnopolski Dzie\u0144 G\u0142o\u015bnego Czytania i \u015awiatowy Dzie\u0144 Serca Biblioteka Pedagogiczna w Zamo\u015bciu Filia w Hrubieszowie wraz z nasz\u0105 szko\u0142\u0105 w\u0142\u0105czy\u0142a si\u0119 do Og\u00f3lnopolskiej Akcji Czytelniczej \u201eCzytamy z sercem\u201d.<\/span><br><span style=\"color: #000080;\">G\u0142\u00f3wny cel akcji to rozwijanie i promowanie czytelnictwa i literatury w\u015br\u00f3d uczni\u00f3w, a tak\u017ce poszerzanie wiedzy na temat budowy, funkcjonowania, chor\u00f3b i symboliki serca oraz propagowanie zdrowego stylu \u017cycia. Podczas spotkania uczniowie i nauczyciele czytali teksty literackie oraz popularnonaukowe prosto z serca.<\/span><br><span style=\"color: #000080;\">W spotkaniu uczestniczyli: Martyna Balcer klasa 4b, Ma\u0142gorzata Korneluk klasa 5a, Wiktoria Dynkiewicz i Agata Szyma\u0144ska klasa 5b, Lidia Grab klasa 5c, Dawid Pempko i Stefania Suchecka klasa 7c, Gabriela Fr\u0105c i Oliwia M\u0105czka klasa 7d, Konrad Le\u015bko klasa 8b, Pawe\u0142 Gumieniak, Wiktoria Najfeld i Aleksandra raczy\u0144ska klasa 8d oraz pani Sylwia Wojak. Uczni\u00f3w przygotowa\u0142y panie: Aneta Rycerz i Marta Lackowska.<\/span><\/p>\nngg_shortcode_0_placeholder\n<p><iframe loading=\"lazy\" title=\"Krzysztof Kamil Baczy\u0144ski Serce\" width=\"625\" height=\"352\" src=\"https:\/\/www.youtube.com\/embed\/GcHFr_rHwZc?feature=oembed\" frameborder=\"0\" allow=\"accelerometer; autoplay; clipboard-write; encrypted-media; gyroscope; picture-in-picture; web-share\" referrerpolicy=\"strict-origin-when-cross-origin\" allowfullscreen><\/iframe><\/p>\n<p><iframe loading=\"lazy\" title=\"Adam Asnyk Jednego serca\u2026\" width=\"625\" height=\"352\" src=\"https:\/\/www.youtube.com\/embed\/hUOonOouaL8?feature=oembed\" frameborder=\"0\" allow=\"accelerometer; autoplay; clipboard-write; encrypted-media; gyroscope; picture-in-picture; web-share\" referrerpolicy=\"strict-origin-when-cross-origin\" allowfullscreen><\/iframe><\/p>\n","protected":false},"excerpt":{"rendered":"<p>Dnia 29 wrze\u015bnia 2021 r. w Og\u00f3lnopolski Dzie\u0144 G\u0142o\u015bnego Czytania i \u015awiatowy Dzie\u0144 Serca Biblioteka Pedagogiczna w Zamo\u015bciu Filia w Hrubieszowie wraz z nasz\u0105 szko\u0142\u0105 w\u0142\u0105czy\u0142a si\u0119 do Og\u00f3lnopolskiej Akcji Czytelniczej \u201eCzytamy z sercem\u201d.G\u0142\u00f3wny cel akcji to rozwijanie i promowanie czytelnictwa i literatury w\u015br\u00f3d uczni\u00f3w, a tak\u017ce poszerzanie wiedzy na temat budowy, funkcjonowania, chor\u00f3b i [&hellip;]<\/p>\n","protected":false},"author":2,"featured_media":0,"parent":5983,"menu_order":0,"comment_status":"closed","ping_status":"closed","template":"","meta":{"ngg_post_thumbnail":0,"footnotes":""},"class_list":["post-11169","page","type-page","status-publish","hentry"],"_links":{"self":[{"href":"https:\/\/sp1hrubieszow.pl\/index.php\/wp-json\/wp\/v2\/pages\/11169","targetHints":{"allow":["GET"]}}],"collection":[{"href":"https:\/\/sp1hrubieszow.pl\/index.php\/wp-json\/wp\/v2\/pages"}],"about":[{"href":"https:\/\/sp1hrubieszow.pl\/index.php\/wp-json\/wp\/v2\/types\/page"}],"author":[{"embeddable":true,"href":"https:\/\/sp1hrubieszow.pl\/index.php\/wp-json\/wp\/v2\/users\/2"}],"replies":[{"embeddable":true,"href":"https:\/\/sp1hrubieszow.pl\/index.php\/wp-json\/wp\/v2\/comments?post=11169"}],"version-history":[{"count":1,"href":"https:\/\/sp1hrubieszow.pl\/index.php\/wp-json\/wp\/v2\/pages\/11169\/revisions"}],"predecessor-version":[{"id":11170,"href":"https:\/\/sp1hrubieszow.pl\/index.php\/wp-json\/wp\/v2\/pages\/11169\/revisions\/11170"}],"up":[{"embeddable":true,"href":"https:\/\/sp1hrubieszow.pl\/index.php\/wp-json\/wp\/v2\/pages\/5983"}],"wp:attachment":[{"href":"https:\/\/sp1hrubieszow.pl\/index.php\/wp-json\/wp\/v2\/media?parent=11169"}],"curies":[{"name":"wp","href":"https:\/\/api.w.org\/{rel}","templated":true}]}}