{"id":11149,"date":"2021-10-02T20:52:12","date_gmt":"2021-10-02T18:52:12","guid":{"rendered":"http:\/\/sp1.hrubieszow.info\/?page_id=11149"},"modified":"2021-10-02T20:52:44","modified_gmt":"2021-10-02T18:52:44","slug":"wycieczka-do-lublina","status":"publish","type":"page","link":"https:\/\/sp1hrubieszow.pl\/index.php\/kronika-2020-2021\/wycieczka-do-lublina\/","title":{"rendered":"WYCIECZKA DO LUBLINA"},"content":{"rendered":"\n<p><span style=\"color: #000080;\">28 wrze\u015bnia 2021r. uczniowie klas: 2a, 3a, 3b, 3c wzi\u0119li udzia\u0142 w jednodniowej wycieczce do Lublina. Opiek\u0119 nad uczniami sprawowa\u0142y panie: Joanna Bartnik, Renata Pacza\u0142a, Jolanta Podlewska, Katarzyna Sztuk, Iwona Kalbarczyk.<\/span><\/p>\n<p><span style=\"color: #000080;\">&nbsp;&nbsp;&nbsp;&nbsp;&nbsp;&nbsp;&nbsp;&nbsp;&nbsp; Pierwszym punktem programu by\u0142o zapoznanie si\u0119 z histori\u0105 Zamku Kr\u00f3lewskiego. Nast\u0119pnie obeszli\u015bmy Rynek Starego Miasta oraz podziwiali\u015bmy panoram\u0119 Lublina z Wie\u017cy Trynitarskiej. Kolejnym punktem wycieczki by\u0142o zwiedzenie Katedry i przej\u015bcie reprezentacyjn\u0105 ulic\u0105 Lublina \u2013 Krakowskim Przedmie\u015bciem. Niezapomniane chwile dzieci sp\u0119dzi\u0142y w Muzeum Wsi Lubelskiej. Na zako\u0144czenie wycieczki w\u0119drowali\u015bmy alejkami Ogrodu Botanicznego UMCS.<\/span><br><span style=\"color: #000080;\">&nbsp;&nbsp;&nbsp;&nbsp;&nbsp;&nbsp;&nbsp;&nbsp;&nbsp; Pomimo p\u00f3\u017anego powrotu, wszyscy pe\u0142ni wra\u017ce\u0144 i bardzo zadowoleni wr\u00f3cili w obj\u0119cia oczekuj\u0105cych rodzic\u00f3w.<\/span><\/p>\nngg_shortcode_0_placeholder\n<p>&nbsp;<\/p>\n","protected":false},"excerpt":{"rendered":"<p>28 wrze\u015bnia 2021r. uczniowie klas: 2a, 3a, 3b, 3c wzi\u0119li udzia\u0142 w jednodniowej wycieczce do Lublina. Opiek\u0119 nad uczniami sprawowa\u0142y panie: Joanna Bartnik, Renata Pacza\u0142a, Jolanta Podlewska, Katarzyna Sztuk, Iwona Kalbarczyk. &nbsp;&nbsp;&nbsp;&nbsp;&nbsp;&nbsp;&nbsp;&nbsp;&nbsp; Pierwszym punktem programu by\u0142o zapoznanie si\u0119 z histori\u0105 Zamku Kr\u00f3lewskiego. Nast\u0119pnie obeszli\u015bmy Rynek Starego Miasta oraz podziwiali\u015bmy panoram\u0119 Lublina z Wie\u017cy Trynitarskiej. Kolejnym [&hellip;]<\/p>\n","protected":false},"author":2,"featured_media":0,"parent":5983,"menu_order":0,"comment_status":"closed","ping_status":"closed","template":"","meta":{"ngg_post_thumbnail":0,"footnotes":""},"class_list":["post-11149","page","type-page","status-publish","hentry"],"_links":{"self":[{"href":"https:\/\/sp1hrubieszow.pl\/index.php\/wp-json\/wp\/v2\/pages\/11149","targetHints":{"allow":["GET"]}}],"collection":[{"href":"https:\/\/sp1hrubieszow.pl\/index.php\/wp-json\/wp\/v2\/pages"}],"about":[{"href":"https:\/\/sp1hrubieszow.pl\/index.php\/wp-json\/wp\/v2\/types\/page"}],"author":[{"embeddable":true,"href":"https:\/\/sp1hrubieszow.pl\/index.php\/wp-json\/wp\/v2\/users\/2"}],"replies":[{"embeddable":true,"href":"https:\/\/sp1hrubieszow.pl\/index.php\/wp-json\/wp\/v2\/comments?post=11149"}],"version-history":[{"count":1,"href":"https:\/\/sp1hrubieszow.pl\/index.php\/wp-json\/wp\/v2\/pages\/11149\/revisions"}],"predecessor-version":[{"id":11150,"href":"https:\/\/sp1hrubieszow.pl\/index.php\/wp-json\/wp\/v2\/pages\/11149\/revisions\/11150"}],"up":[{"embeddable":true,"href":"https:\/\/sp1hrubieszow.pl\/index.php\/wp-json\/wp\/v2\/pages\/5983"}],"wp:attachment":[{"href":"https:\/\/sp1hrubieszow.pl\/index.php\/wp-json\/wp\/v2\/media?parent=11149"}],"curies":[{"name":"wp","href":"https:\/\/api.w.org\/{rel}","templated":true}]}}