{"id":11125,"date":"2021-10-02T20:18:38","date_gmt":"2021-10-02T18:18:38","guid":{"rendered":"http:\/\/sp1.hrubieszow.info\/?page_id=11125"},"modified":"2021-10-02T20:21:20","modified_gmt":"2021-10-02T18:21:20","slug":"wycieczka-do-wojslawic","status":"publish","type":"page","link":"https:\/\/sp1hrubieszow.pl\/index.php\/kronika-2020-2021\/wycieczka-do-wojslawic\/","title":{"rendered":"Wycieczka do Wojs\u0142awic"},"content":{"rendered":"\n<p><span style=\"color: #000080;\">Dnia 27.09.2021 klasy 8b i 8c uczestniczy\u0142y w wycieczce do Wojs\u0142awic. W programie by\u0142o zwiedzanie Rynku, Ko\u015bcio\u0142a i Cerkwi, wizyta w Synagodze, w kt\u00f3rej obecnie mie\u015bci si\u0119 Izba Tradycji Ziemi Wojs\u0142awickiej, Quest po Rynku, w kt\u00f3rym nasza m\u0142odzie\u017c mog\u0142a sprawdzi\u0107 zdobyt\u0105 wiedz\u0119 na temat historii miejscowo\u015bci. Ponadto odwiedzili\u015bmy O\u015brodek Trzech Kultur <\/span><span style=\"color: #000080;\">w Majdanie Ostrowskim, piekli\u015bmy cebularze w O\u015brodku Dawnych Kultur &nbsp;i Tradycji w Rozi\u0119cinie oraz poznawali\u015bmy pi\u0119kno okolicy podczas \u015bcie\u017cki edukacyjnej w pobliskich w\u0105wozach.&nbsp;<\/span><\/p>\nngg_shortcode_0_placeholder\n<p><br><br><\/p>\n","protected":false},"excerpt":{"rendered":"<p>Dnia 27.09.2021 klasy 8b i 8c uczestniczy\u0142y w wycieczce do Wojs\u0142awic. W programie by\u0142o zwiedzanie Rynku, Ko\u015bcio\u0142a i Cerkwi, wizyta w Synagodze, w kt\u00f3rej obecnie mie\u015bci si\u0119 Izba Tradycji Ziemi Wojs\u0142awickiej, Quest po Rynku, w kt\u00f3rym nasza m\u0142odzie\u017c mog\u0142a sprawdzi\u0107 zdobyt\u0105 wiedz\u0119 na temat historii miejscowo\u015bci. Ponadto odwiedzili\u015bmy O\u015brodek Trzech Kultur w Majdanie Ostrowskim, piekli\u015bmy [&hellip;]<\/p>\n","protected":false},"author":2,"featured_media":0,"parent":5983,"menu_order":0,"comment_status":"closed","ping_status":"closed","template":"","meta":{"ngg_post_thumbnail":0,"footnotes":""},"class_list":["post-11125","page","type-page","status-publish","hentry"],"_links":{"self":[{"href":"https:\/\/sp1hrubieszow.pl\/index.php\/wp-json\/wp\/v2\/pages\/11125","targetHints":{"allow":["GET"]}}],"collection":[{"href":"https:\/\/sp1hrubieszow.pl\/index.php\/wp-json\/wp\/v2\/pages"}],"about":[{"href":"https:\/\/sp1hrubieszow.pl\/index.php\/wp-json\/wp\/v2\/types\/page"}],"author":[{"embeddable":true,"href":"https:\/\/sp1hrubieszow.pl\/index.php\/wp-json\/wp\/v2\/users\/2"}],"replies":[{"embeddable":true,"href":"https:\/\/sp1hrubieszow.pl\/index.php\/wp-json\/wp\/v2\/comments?post=11125"}],"version-history":[{"count":2,"href":"https:\/\/sp1hrubieszow.pl\/index.php\/wp-json\/wp\/v2\/pages\/11125\/revisions"}],"predecessor-version":[{"id":11129,"href":"https:\/\/sp1hrubieszow.pl\/index.php\/wp-json\/wp\/v2\/pages\/11125\/revisions\/11129"}],"up":[{"embeddable":true,"href":"https:\/\/sp1hrubieszow.pl\/index.php\/wp-json\/wp\/v2\/pages\/5983"}],"wp:attachment":[{"href":"https:\/\/sp1hrubieszow.pl\/index.php\/wp-json\/wp\/v2\/media?parent=11125"}],"curies":[{"name":"wp","href":"https:\/\/api.w.org\/{rel}","templated":true}]}}