{"id":11090,"date":"2021-09-30T21:21:46","date_gmt":"2021-09-30T19:21:46","guid":{"rendered":"http:\/\/sp1.hrubieszow.info\/?page_id=11090"},"modified":"2021-09-30T21:22:25","modified_gmt":"2021-09-30T19:22:25","slug":"wybory-do-msu","status":"publish","type":"page","link":"https:\/\/sp1hrubieszow.pl\/index.php\/kronika-2020-2021\/wybory-do-msu\/","title":{"rendered":"WYBORY DO MSU"},"content":{"rendered":"\n<p><span style=\"color: #000080;\">27.09.2021r. odby\u0142y si\u0119 wybory do Ma\u0142ego Samorz\u0105du Uczniowskiego. W obecno\u015bci opiekun\u00f3w, p. Agnieszki Kolano, p. Moniki Korneluk i p. Katarzyny Sztuk kandydaci &#8211; uczniowie klas 2 i 3 pi\u0119knie si\u0119 zaprezentowali. Niekt\u00f3rzy przygotowali ciekawe i kolorowe plakaty z w\u0142asnym programem wyborczym. W swoich wyst\u0105pieniach proponowali wiele dzia\u0142a\u0144 i atrakcyjnych przedsi\u0119wzi\u0119\u0107 na rzecz naszej szko\u0142y.<\/span><br><span style=\"color: #000080;\">W wyniku tajnego g\u0142osowania, do prezydium MSU zostali wybrani nast\u0119puj\u0105cy uczniowie:<\/span><br><strong><span style=\"color: #000080;\">PRZEWODNICZ\u0104CA: Hanna Sidorczuk&nbsp; kl. 3a,<\/span><\/strong><br><strong><span style=\"color: #000080;\">ZAST\u0118PCY: Borz\u0119cki Rados\u0142aw &#8211; kl. 3c<\/span><\/strong><br><strong><span style=\"color: #000080;\">&nbsp;&nbsp;&nbsp;&nbsp;&nbsp;&nbsp;&nbsp;&nbsp;&nbsp;&nbsp;&nbsp;&nbsp;&nbsp;&nbsp;&nbsp;&nbsp;&nbsp;&nbsp;&nbsp;&nbsp;&nbsp; Banach Karolina &#8211; kl. 2a<\/span><\/strong><br><br><\/p>\n<p style=\"text-align: left;\"><strong><span style=\"color: #000080;\">Do rady MSU nale\u017c\u0105 tak\u017ce:<\/span><\/strong><br><span style=\"color: #000080;\">Szczepanik Jagoda- kl. 2a<\/span><br><span style=\"color: #000080;\">B\u0142aszczuk Dawid- kl. 2b<\/span><br><span style=\"color: #000080;\">Nowak Urszula &#8211; kl. 2b<\/span><br><span style=\"color: #000080;\">Paw\u0142owski Szymon &#8211; kl. 3a<\/span><br><span style=\"color: #000080;\">Kraj Robert &#8211; kl. 3b<\/span><br><span style=\"color: #000080;\">Szczur Anastazja &#8211; kl. 3b<\/span><br><span style=\"color: #000080;\">Ka\u0144ski Mateusz &#8211; kl. 3c<\/span><br><br><span style=\"color: #000080;\">Gratulujemy i \u017cyczymy owocnej pracy w MSU w roku szkolnym 2021\/2022.<\/span><\/p>\nngg_shortcode_0_placeholder\n","protected":false},"excerpt":{"rendered":"<p>27.09.2021r. odby\u0142y si\u0119 wybory do Ma\u0142ego Samorz\u0105du Uczniowskiego. W obecno\u015bci opiekun\u00f3w, p. Agnieszki Kolano, p. Moniki Korneluk i p. Katarzyny Sztuk kandydaci &#8211; uczniowie klas 2 i 3 pi\u0119knie si\u0119 zaprezentowali. Niekt\u00f3rzy przygotowali ciekawe i kolorowe plakaty z w\u0142asnym programem wyborczym. W swoich wyst\u0105pieniach proponowali wiele dzia\u0142a\u0144 i atrakcyjnych przedsi\u0119wzi\u0119\u0107 na rzecz naszej szko\u0142y.W wyniku [&hellip;]<\/p>\n","protected":false},"author":2,"featured_media":0,"parent":5983,"menu_order":0,"comment_status":"closed","ping_status":"closed","template":"","meta":{"ngg_post_thumbnail":0,"footnotes":""},"class_list":["post-11090","page","type-page","status-publish","hentry"],"_links":{"self":[{"href":"https:\/\/sp1hrubieszow.pl\/index.php\/wp-json\/wp\/v2\/pages\/11090","targetHints":{"allow":["GET"]}}],"collection":[{"href":"https:\/\/sp1hrubieszow.pl\/index.php\/wp-json\/wp\/v2\/pages"}],"about":[{"href":"https:\/\/sp1hrubieszow.pl\/index.php\/wp-json\/wp\/v2\/types\/page"}],"author":[{"embeddable":true,"href":"https:\/\/sp1hrubieszow.pl\/index.php\/wp-json\/wp\/v2\/users\/2"}],"replies":[{"embeddable":true,"href":"https:\/\/sp1hrubieszow.pl\/index.php\/wp-json\/wp\/v2\/comments?post=11090"}],"version-history":[{"count":1,"href":"https:\/\/sp1hrubieszow.pl\/index.php\/wp-json\/wp\/v2\/pages\/11090\/revisions"}],"predecessor-version":[{"id":11091,"href":"https:\/\/sp1hrubieszow.pl\/index.php\/wp-json\/wp\/v2\/pages\/11090\/revisions\/11091"}],"up":[{"embeddable":true,"href":"https:\/\/sp1hrubieszow.pl\/index.php\/wp-json\/wp\/v2\/pages\/5983"}],"wp:attachment":[{"href":"https:\/\/sp1hrubieszow.pl\/index.php\/wp-json\/wp\/v2\/media?parent=11090"}],"curies":[{"name":"wp","href":"https:\/\/api.w.org\/{rel}","templated":true}]}}