{"id":11082,"date":"2021-09-29T19:14:13","date_gmt":"2021-09-29T17:14:13","guid":{"rendered":"http:\/\/sp1.hrubieszow.info\/?page_id=11082"},"modified":"2021-09-29T19:14:40","modified_gmt":"2021-09-29T17:14:40","slug":"pozegnanie-lata","status":"publish","type":"page","link":"https:\/\/sp1hrubieszow.pl\/index.php\/kronika-2020-2021\/pozegnanie-lata\/","title":{"rendered":"Po\u017cegnanie lata"},"content":{"rendered":"\n<div><span style=\"color: #000080;\">W niecodzienny spos\u00f3b klasa 7A \u017cegna\u0142a lato 25.09.2021. Wraz z rodzicami pop\u0142yn\u0119li\u015bmy przepi\u0119kn\u0105 rzek\u0105 Huczw\u0105, \u017cegnaj\u0105c lato, kt\u00f3re wyra\u017anie jest ju\u017c za nami.<\/span><\/div>\n<div><span style=\"color: #000080;\">Przepi\u0119kna hrubieszowska przyroda, rzeka, my i Rodzice. Niczego wi\u0119cej nie trzeba, by sobota okaza\u0142a si\u0119 cudowna, nawet przy braku s\u0142o\u0144ca.<\/span><\/div>\n<div><span style=\"color: #000080;\">Potem tylko klasowy grill, gra w pi\u0142k\u0119, zabawy na \u015bwie\u017cym powietrzu i wiemy, \u017ce jeste\u015bmy klas\u0105 7A, czyli tak\u0105, kt\u00f3ra je\u015bli chce to potrafi.<\/span><\/div>\n<div>\nngg_shortcode_0_placeholder\n<\/div>\n","protected":false},"excerpt":{"rendered":"<p>W niecodzienny spos\u00f3b klasa 7A \u017cegna\u0142a lato 25.09.2021. Wraz z rodzicami pop\u0142yn\u0119li\u015bmy przepi\u0119kn\u0105 rzek\u0105 Huczw\u0105, \u017cegnaj\u0105c lato, kt\u00f3re wyra\u017anie jest ju\u017c za nami. Przepi\u0119kna hrubieszowska przyroda, rzeka, my i Rodzice. Niczego wi\u0119cej nie trzeba, by sobota okaza\u0142a si\u0119 cudowna, nawet przy braku s\u0142o\u0144ca. Potem tylko klasowy grill, gra w pi\u0142k\u0119, zabawy na \u015bwie\u017cym powietrzu i [&hellip;]<\/p>\n","protected":false},"author":2,"featured_media":0,"parent":5983,"menu_order":0,"comment_status":"closed","ping_status":"closed","template":"","meta":{"ngg_post_thumbnail":0,"footnotes":""},"class_list":["post-11082","page","type-page","status-publish","hentry"],"_links":{"self":[{"href":"https:\/\/sp1hrubieszow.pl\/index.php\/wp-json\/wp\/v2\/pages\/11082","targetHints":{"allow":["GET"]}}],"collection":[{"href":"https:\/\/sp1hrubieszow.pl\/index.php\/wp-json\/wp\/v2\/pages"}],"about":[{"href":"https:\/\/sp1hrubieszow.pl\/index.php\/wp-json\/wp\/v2\/types\/page"}],"author":[{"embeddable":true,"href":"https:\/\/sp1hrubieszow.pl\/index.php\/wp-json\/wp\/v2\/users\/2"}],"replies":[{"embeddable":true,"href":"https:\/\/sp1hrubieszow.pl\/index.php\/wp-json\/wp\/v2\/comments?post=11082"}],"version-history":[{"count":1,"href":"https:\/\/sp1hrubieszow.pl\/index.php\/wp-json\/wp\/v2\/pages\/11082\/revisions"}],"predecessor-version":[{"id":11083,"href":"https:\/\/sp1hrubieszow.pl\/index.php\/wp-json\/wp\/v2\/pages\/11082\/revisions\/11083"}],"up":[{"embeddable":true,"href":"https:\/\/sp1hrubieszow.pl\/index.php\/wp-json\/wp\/v2\/pages\/5983"}],"wp:attachment":[{"href":"https:\/\/sp1hrubieszow.pl\/index.php\/wp-json\/wp\/v2\/media?parent=11082"}],"curies":[{"name":"wp","href":"https:\/\/api.w.org\/{rel}","templated":true}]}}