{"id":11028,"date":"2021-09-28T20:55:31","date_gmt":"2021-09-28T18:55:31","guid":{"rendered":"http:\/\/sp1.hrubieszow.info\/?page_id=11028"},"modified":"2021-09-28T20:56:39","modified_gmt":"2021-09-28T18:56:39","slug":"wybory-do-su","status":"publish","type":"page","link":"https:\/\/sp1hrubieszow.pl\/index.php\/kronika-2020-2021\/wybory-do-su\/","title":{"rendered":"Wybory do Samorz\u0105du Uczniowskiego"},"content":{"rendered":"\n<p style=\"margin: 0cm; text-align: justify; line-height: 150%;\"><span style=\"color: #000080;\">Dnia 24 wrze\u015bnia 2021r. w Szkole Podstawowej Nr 1 im. Boles\u0142awa Prusa w Hrubieszowie odby\u0142y si\u0119 wybory do Rady Samorz\u0105du Uczniowskiego. W wyborach uczestniczyli uczniowie klas od 4 do 8. Komisja wyborcza przeliczy\u0142a g\u0142osy i po zweryfikowaniu ocen z zachowania ustalono nast\u0119puj\u0105cy sk\u0142ad Rady SU:<\/span><\/p>\n<p style=\"margin: 0cm;\">&nbsp;<\/p>\n<p style=\"margin: 0cm;\">&nbsp;<\/p>\n<p style=\"margin: 0cm;\">&nbsp;<\/p>\n<p style=\"margin: 0cm; text-align: center;\" align=\"center\"><span style=\"color: #000080;\"><b>Przewodnicz\u0105cy Rady SU: Marcel Baj<\/b><\/span><\/p>\n<p style=\"margin: 0cm; text-align: center;\" align=\"center\">&nbsp;<\/p>\n<p style=\"margin: 0cm; text-align: center;\" align=\"center\"><span style=\"color: #000080;\"><b>Zast\u0119pcy Przewodnicz\u0105cego SU: <br>Pawe\u0142 Gumieniak, Karolina Jasi\u0144ska<\/b><\/span><\/p>\n<p style=\"margin: 0cm; text-align: center;\" align=\"center\">&nbsp;<\/p>\n<p style=\"margin: 0cm; text-align: center;\" align=\"center\"><span style=\"color: #000080;\"><b>Cz\u0142onkowie: Oliwia Sztojko, Lena Ho\u0142\u00f3wek, <br>Maja Klimkowska, Karol Krajewski<\/b><\/span><\/p>\nngg_shortcode_0_placeholder\n","protected":false},"excerpt":{"rendered":"<p>Dnia 24 wrze\u015bnia 2021r. w Szkole Podstawowej Nr 1 im. Boles\u0142awa Prusa w Hrubieszowie odby\u0142y si\u0119 wybory do Rady Samorz\u0105du Uczniowskiego. W wyborach uczestniczyli uczniowie klas od 4 do 8. Komisja wyborcza przeliczy\u0142a g\u0142osy i po zweryfikowaniu ocen z zachowania ustalono nast\u0119puj\u0105cy sk\u0142ad Rady SU: &nbsp; &nbsp; &nbsp; Przewodnicz\u0105cy Rady SU: Marcel Baj &nbsp; Zast\u0119pcy [&hellip;]<\/p>\n","protected":false},"author":2,"featured_media":0,"parent":5983,"menu_order":0,"comment_status":"closed","ping_status":"closed","template":"","meta":{"ngg_post_thumbnail":0,"footnotes":""},"class_list":["post-11028","page","type-page","status-publish","hentry"],"_links":{"self":[{"href":"https:\/\/sp1hrubieszow.pl\/index.php\/wp-json\/wp\/v2\/pages\/11028","targetHints":{"allow":["GET"]}}],"collection":[{"href":"https:\/\/sp1hrubieszow.pl\/index.php\/wp-json\/wp\/v2\/pages"}],"about":[{"href":"https:\/\/sp1hrubieszow.pl\/index.php\/wp-json\/wp\/v2\/types\/page"}],"author":[{"embeddable":true,"href":"https:\/\/sp1hrubieszow.pl\/index.php\/wp-json\/wp\/v2\/users\/2"}],"replies":[{"embeddable":true,"href":"https:\/\/sp1hrubieszow.pl\/index.php\/wp-json\/wp\/v2\/comments?post=11028"}],"version-history":[{"count":2,"href":"https:\/\/sp1hrubieszow.pl\/index.php\/wp-json\/wp\/v2\/pages\/11028\/revisions"}],"predecessor-version":[{"id":11030,"href":"https:\/\/sp1hrubieszow.pl\/index.php\/wp-json\/wp\/v2\/pages\/11028\/revisions\/11030"}],"up":[{"embeddable":true,"href":"https:\/\/sp1hrubieszow.pl\/index.php\/wp-json\/wp\/v2\/pages\/5983"}],"wp:attachment":[{"href":"https:\/\/sp1hrubieszow.pl\/index.php\/wp-json\/wp\/v2\/media?parent=11028"}],"curies":[{"name":"wp","href":"https:\/\/api.w.org\/{rel}","templated":true}]}}