{"id":10888,"date":"2021-09-27T20:23:36","date_gmt":"2021-09-27T18:23:36","guid":{"rendered":"http:\/\/sp1.hrubieszow.info\/?page_id=10888"},"modified":"2021-09-27T20:23:51","modified_gmt":"2021-09-27T18:23:51","slug":"klasa-1a-i-zajecia-z-kodowania","status":"publish","type":"page","link":"https:\/\/sp1hrubieszow.pl\/index.php\/kronika-2020-2021\/klasa-1a-i-zajecia-z-kodowania\/","title":{"rendered":"Klasa 1a i zaj\u0119cia z Kodowania"},"content":{"rendered":"\n<p><span style=\"color: #000080;\">Uczniowie klasy 1a wzi\u0119li udzia\u0142 w zaj\u0119ciach z cyklu Kodowanie &#8211; wst\u0119p do programowania pod has\u0142em Poznajemy j\u0119zyk robot\u00f3w. Prowadzi\u0142a je pracownica MBP &#8211; pani Aleksandra Kopczy\u0144ska. Uczestnicy zaj\u0119\u0107 zostali w magiczny spos\u00f3b zaprogramowani i z bardzo du\u017cym zaanga\u017cowaniem przyst\u0119powali do pokonywania zada\u0144.<\/span><\/p>\nngg_shortcode_0_placeholder\n<p>&nbsp;<\/p>\n","protected":false},"excerpt":{"rendered":"<p>Uczniowie klasy 1a wzi\u0119li udzia\u0142 w zaj\u0119ciach z cyklu Kodowanie &#8211; wst\u0119p do programowania pod has\u0142em Poznajemy j\u0119zyk robot\u00f3w. Prowadzi\u0142a je pracownica MBP &#8211; pani Aleksandra Kopczy\u0144ska. Uczestnicy zaj\u0119\u0107 zostali w magiczny spos\u00f3b zaprogramowani i z bardzo du\u017cym zaanga\u017cowaniem przyst\u0119powali do pokonywania zada\u0144. &nbsp;<\/p>\n","protected":false},"author":2,"featured_media":0,"parent":5983,"menu_order":0,"comment_status":"closed","ping_status":"closed","template":"","meta":{"ngg_post_thumbnail":0,"footnotes":""},"class_list":["post-10888","page","type-page","status-publish","hentry"],"_links":{"self":[{"href":"https:\/\/sp1hrubieszow.pl\/index.php\/wp-json\/wp\/v2\/pages\/10888","targetHints":{"allow":["GET"]}}],"collection":[{"href":"https:\/\/sp1hrubieszow.pl\/index.php\/wp-json\/wp\/v2\/pages"}],"about":[{"href":"https:\/\/sp1hrubieszow.pl\/index.php\/wp-json\/wp\/v2\/types\/page"}],"author":[{"embeddable":true,"href":"https:\/\/sp1hrubieszow.pl\/index.php\/wp-json\/wp\/v2\/users\/2"}],"replies":[{"embeddable":true,"href":"https:\/\/sp1hrubieszow.pl\/index.php\/wp-json\/wp\/v2\/comments?post=10888"}],"version-history":[{"count":1,"href":"https:\/\/sp1hrubieszow.pl\/index.php\/wp-json\/wp\/v2\/pages\/10888\/revisions"}],"predecessor-version":[{"id":10889,"href":"https:\/\/sp1hrubieszow.pl\/index.php\/wp-json\/wp\/v2\/pages\/10888\/revisions\/10889"}],"up":[{"embeddable":true,"href":"https:\/\/sp1hrubieszow.pl\/index.php\/wp-json\/wp\/v2\/pages\/5983"}],"wp:attachment":[{"href":"https:\/\/sp1hrubieszow.pl\/index.php\/wp-json\/wp\/v2\/media?parent=10888"}],"curies":[{"name":"wp","href":"https:\/\/api.w.org\/{rel}","templated":true}]}}