{"id":10826,"date":"2021-09-25T19:00:30","date_gmt":"2021-09-25T17:00:30","guid":{"rendered":"http:\/\/sp1.hrubieszow.info\/?page_id=10826"},"modified":"2021-09-25T19:00:47","modified_gmt":"2021-09-25T17:00:47","slug":"forum-lokalne-zrozum-mlodych","status":"publish","type":"page","link":"https:\/\/sp1hrubieszow.pl\/index.php\/kronika-2020-2021\/forum-lokalne-zrozum-mlodych\/","title":{"rendered":"FORUM LOKALNE (Z)ROZUM M\u0141ODYCH"},"content":{"rendered":"\n<p><span style=\"color: #000080;\">Uczniowie klasy 8a: Kaja Grosman, Wiktoria Kaspruk, Oliwia Koty\u0142o, Wiktor D\u0105browski i Szymon Jasic uczestniczyli&nbsp; w &#8222;Forum lokalnym (z)rozum m\u0142odych&#8221;. W pierwszej cz\u0119\u015bci spotkania uczniowie nasi mieli mo\u017cliwo\u015b\u0107 dyskutowania metod\u0105 Word Cafe (czyli prowadzili rozmowy kawiarniane w atmosferze szacunku i tolerancji) pod kierunkiem grupy &#8222;Lokalsi&#8221;. Podczas zadania poruszano tematy wa\u017cne dla m\u0142odzie\u017cy. <\/span><\/p>\n<p><span style=\"color: #000080;\">W drugiej cz\u0119\u015bci spotkania- go\u015b\u0107 wydarzenia- Magdalena B\u0142yskosz ( licealistka z Krakowa) inspirowa\u0142a zebranych do podejmowania dzia\u0142a\u0144 przez m\u0142odzie\u017c dla m\u0142odzie\u017cy. Zdradzi\u0142a nam te\u017c tajemnic\u0119 w\u0142asnego sukcesu, kt\u00f3ra tkwi w prze\u0142amaniu strachu i zadaniu prostego pytania &#8211; Czy mo\u017cesz mi pom\u00f3c? W tej cz\u0119\u015bci spotkania obecni byli tak\u017ce uczniowie klasy 8b oraz 7c.&nbsp;<\/span><\/p>\n<p><span style=\"color: #000080;\">Poza tym zaproszenie na forum przyj\u0119li tak\u017ce nasi nauczyciele: p. Monika Anigacz, p. Monika Czulak, p. Marta Kuczy\u0144ska, p. Marta Lackowska , p. Anna Lewandowska.&nbsp;<\/span><\/p>\nngg_shortcode_0_placeholder\n","protected":false},"excerpt":{"rendered":"<p>Uczniowie klasy 8a: Kaja Grosman, Wiktoria Kaspruk, Oliwia Koty\u0142o, Wiktor D\u0105browski i Szymon Jasic uczestniczyli&nbsp; w &#8222;Forum lokalnym (z)rozum m\u0142odych&#8221;. W pierwszej cz\u0119\u015bci spotkania uczniowie nasi mieli mo\u017cliwo\u015b\u0107 dyskutowania metod\u0105 Word Cafe (czyli prowadzili rozmowy kawiarniane w atmosferze szacunku i tolerancji) pod kierunkiem grupy &#8222;Lokalsi&#8221;. Podczas zadania poruszano tematy wa\u017cne dla m\u0142odzie\u017cy. W drugiej cz\u0119\u015bci [&hellip;]<\/p>\n","protected":false},"author":2,"featured_media":0,"parent":5983,"menu_order":0,"comment_status":"closed","ping_status":"closed","template":"","meta":{"ngg_post_thumbnail":0,"footnotes":""},"class_list":["post-10826","page","type-page","status-publish","hentry"],"_links":{"self":[{"href":"https:\/\/sp1hrubieszow.pl\/index.php\/wp-json\/wp\/v2\/pages\/10826","targetHints":{"allow":["GET"]}}],"collection":[{"href":"https:\/\/sp1hrubieszow.pl\/index.php\/wp-json\/wp\/v2\/pages"}],"about":[{"href":"https:\/\/sp1hrubieszow.pl\/index.php\/wp-json\/wp\/v2\/types\/page"}],"author":[{"embeddable":true,"href":"https:\/\/sp1hrubieszow.pl\/index.php\/wp-json\/wp\/v2\/users\/2"}],"replies":[{"embeddable":true,"href":"https:\/\/sp1hrubieszow.pl\/index.php\/wp-json\/wp\/v2\/comments?post=10826"}],"version-history":[{"count":1,"href":"https:\/\/sp1hrubieszow.pl\/index.php\/wp-json\/wp\/v2\/pages\/10826\/revisions"}],"predecessor-version":[{"id":10827,"href":"https:\/\/sp1hrubieszow.pl\/index.php\/wp-json\/wp\/v2\/pages\/10826\/revisions\/10827"}],"up":[{"embeddable":true,"href":"https:\/\/sp1hrubieszow.pl\/index.php\/wp-json\/wp\/v2\/pages\/5983"}],"wp:attachment":[{"href":"https:\/\/sp1hrubieszow.pl\/index.php\/wp-json\/wp\/v2\/media?parent=10826"}],"curies":[{"name":"wp","href":"https:\/\/api.w.org\/{rel}","templated":true}]}}