{"id":10811,"date":"2021-09-25T18:42:54","date_gmt":"2021-09-25T16:42:54","guid":{"rendered":"http:\/\/sp1.hrubieszow.info\/?page_id=10811"},"modified":"2021-09-25T18:43:13","modified_gmt":"2021-09-25T16:43:13","slug":"tu-sie-dba-o-dobrostan","status":"publish","type":"page","link":"https:\/\/sp1hrubieszow.pl\/index.php\/kronika-2020-2021\/tu-sie-dba-o-dobrostan\/","title":{"rendered":"&#8222;TU SI\u0118 DBA O DOBROSTAN&#8221;"},"content":{"rendered":"\n<p><span style=\"color: #000080;\">W ubieg\u0142ym roku szkolnym przyst\u0105pili\u015bmy do programu &#8222;Tu si\u0119 dba o dobrostan&#8221;.&nbsp; Jednym z element\u00f3w projektu by\u0142o przeprowadzenie szeroko rozbudowanej autodiagnozy. Po przes\u0142aniu pe\u0142nej dokumentacji z niecierpliwo\u015bci\u0105 czekali\u015bmy na rezultaty. Teraz z dum\u0105 i rado\u015bci\u0105 mo\u017cemy oznajmi\u0107, \u017ce nasza szko\u0142a otrzyma\u0142a certyfikat&nbsp; programu &#8222;Tu si\u0119 dba o dobrostan&#8221;. MAMY TO!!!<\/span><\/p>\n<p style=\"text-align: right;\"><span style=\"color: #000080;\">koordynatorki akcji Marta Kuczy\u0144ska, Marta Lackowska&nbsp;<\/span><\/p>\n<p><img loading=\"lazy\" decoding=\"async\" class=\"alignnone size-medium wp-image-10802\" src=\"http:\/\/sp1.hrubieszow.info\/wp-content\/uploads\/2021\/09\/DSCN3958-300x225.jpg\" alt=\"\" width=\"300\" height=\"225\" srcset=\"https:\/\/sp1hrubieszow.pl\/wp-content\/uploads\/2021\/09\/DSCN3958-300x225.jpg 300w, https:\/\/sp1hrubieszow.pl\/wp-content\/uploads\/2021\/09\/DSCN3958-768x576.jpg 768w, https:\/\/sp1hrubieszow.pl\/wp-content\/uploads\/2021\/09\/DSCN3958-1024x768.jpg 1024w, https:\/\/sp1hrubieszow.pl\/wp-content\/uploads\/2021\/09\/DSCN3958-624x468.jpg 624w\" sizes=\"auto, (max-width: 300px) 100vw, 300px\" \/><\/p>\n<p><img loading=\"lazy\" decoding=\"async\" class=\"alignnone size-medium wp-image-10801\" src=\"http:\/\/sp1.hrubieszow.info\/wp-content\/uploads\/2021\/09\/DSCN3955-300x225.jpg\" alt=\"\" width=\"300\" height=\"225\" srcset=\"https:\/\/sp1hrubieszow.pl\/wp-content\/uploads\/2021\/09\/DSCN3955-300x225.jpg 300w, https:\/\/sp1hrubieszow.pl\/wp-content\/uploads\/2021\/09\/DSCN3955-768x576.jpg 768w, https:\/\/sp1hrubieszow.pl\/wp-content\/uploads\/2021\/09\/DSCN3955-1024x768.jpg 1024w, https:\/\/sp1hrubieszow.pl\/wp-content\/uploads\/2021\/09\/DSCN3955-624x468.jpg 624w\" sizes=\"auto, (max-width: 300px) 100vw, 300px\" \/><\/p>\n<p>&nbsp;<\/p>\n","protected":false},"excerpt":{"rendered":"<p>W ubieg\u0142ym roku szkolnym przyst\u0105pili\u015bmy do programu &#8222;Tu si\u0119 dba o dobrostan&#8221;.&nbsp; Jednym z element\u00f3w projektu by\u0142o przeprowadzenie szeroko rozbudowanej autodiagnozy. Po przes\u0142aniu pe\u0142nej dokumentacji z niecierpliwo\u015bci\u0105 czekali\u015bmy na rezultaty. Teraz z dum\u0105 i rado\u015bci\u0105 mo\u017cemy oznajmi\u0107, \u017ce nasza szko\u0142a otrzyma\u0142a certyfikat&nbsp; programu &#8222;Tu si\u0119 dba o dobrostan&#8221;. MAMY TO!!! koordynatorki akcji Marta Kuczy\u0144ska, Marta [&hellip;]<\/p>\n","protected":false},"author":2,"featured_media":0,"parent":5983,"menu_order":0,"comment_status":"closed","ping_status":"closed","template":"","meta":{"ngg_post_thumbnail":0,"footnotes":""},"class_list":["post-10811","page","type-page","status-publish","hentry"],"_links":{"self":[{"href":"https:\/\/sp1hrubieszow.pl\/index.php\/wp-json\/wp\/v2\/pages\/10811","targetHints":{"allow":["GET"]}}],"collection":[{"href":"https:\/\/sp1hrubieszow.pl\/index.php\/wp-json\/wp\/v2\/pages"}],"about":[{"href":"https:\/\/sp1hrubieszow.pl\/index.php\/wp-json\/wp\/v2\/types\/page"}],"author":[{"embeddable":true,"href":"https:\/\/sp1hrubieszow.pl\/index.php\/wp-json\/wp\/v2\/users\/2"}],"replies":[{"embeddable":true,"href":"https:\/\/sp1hrubieszow.pl\/index.php\/wp-json\/wp\/v2\/comments?post=10811"}],"version-history":[{"count":1,"href":"https:\/\/sp1hrubieszow.pl\/index.php\/wp-json\/wp\/v2\/pages\/10811\/revisions"}],"predecessor-version":[{"id":10812,"href":"https:\/\/sp1hrubieszow.pl\/index.php\/wp-json\/wp\/v2\/pages\/10811\/revisions\/10812"}],"up":[{"embeddable":true,"href":"https:\/\/sp1hrubieszow.pl\/index.php\/wp-json\/wp\/v2\/pages\/5983"}],"wp:attachment":[{"href":"https:\/\/sp1hrubieszow.pl\/index.php\/wp-json\/wp\/v2\/media?parent=10811"}],"curies":[{"name":"wp","href":"https:\/\/api.w.org\/{rel}","templated":true}]}}