{"id":10643,"date":"2021-09-20T17:16:13","date_gmt":"2021-09-20T15:16:13","guid":{"rendered":"http:\/\/sp1.hrubieszow.info\/?page_id=10643"},"modified":"2021-09-20T18:04:11","modified_gmt":"2021-09-20T16:04:11","slug":"17-09-2021-sprzatanie-swiata","status":"publish","type":"page","link":"https:\/\/sp1hrubieszow.pl\/index.php\/kronika-2020-2021\/17-09-2021-sprzatanie-swiata\/","title":{"rendered":"17.09.2021 &#8211; Sprz\u0105tanie \u015awiata"},"content":{"rendered":"\n<p><span style=\"color: #000080;\">Tegoroczna Akcja Sprz\u0105tania \u015awiata nie mog\u0142a odby\u0107 si\u0119 bez \u201eJedynki\u201d. Pomimo, niezbyt sprzyjaj\u0105cej pogody, w dniu 17.09.2021 uczestniczy\u0142a w niej klasa 5a pod opiek\u0105 Pani Ewy Filipowicz \u2013 Sidorczuk oraz klasa 7c pod opiek\u0105 Pani Jolanty Korkosz.<\/span><\/p>\n<p><span style=\"color: #000080;\">&nbsp;&nbsp;&nbsp;&nbsp;&nbsp;&nbsp;&nbsp;&nbsp;&nbsp;&nbsp;&nbsp; Przed rozpocz\u0119ciem Akcji Sprz\u0105tania \u015awiata rozmawiali\u015bmy o idei tego pomys\u0142u, poprawno\u015bci zachowania podczas sprz\u0105tania oraz umiej\u0119tno\u015bci i potrzebie segregowania odpad\u00f3w.<\/span><\/p>\n<p><span style=\"color: #000080;\">Po zabezpieczeniu r\u0105k, zaopatrzeni w odpowiednie worki, sprz\u0105tali\u015bmy wyznaczone rewiry.<\/span><\/p>\n<p><span style=\"color: #000080;\">Nasz\u0105 prac\u0119 udokumentowali\u015bmy na zdj\u0119ciach.<\/span><\/p>\nngg_shortcode_0_placeholder\nngg_shortcode_1_placeholder\n","protected":false},"excerpt":{"rendered":"<p>Tegoroczna Akcja Sprz\u0105tania \u015awiata nie mog\u0142a odby\u0107 si\u0119 bez \u201eJedynki\u201d. Pomimo, niezbyt sprzyjaj\u0105cej pogody, w dniu 17.09.2021 uczestniczy\u0142a w niej klasa 5a pod opiek\u0105 Pani Ewy Filipowicz \u2013 Sidorczuk oraz klasa 7c pod opiek\u0105 Pani Jolanty Korkosz. &nbsp;&nbsp;&nbsp;&nbsp;&nbsp;&nbsp;&nbsp;&nbsp;&nbsp;&nbsp;&nbsp; Przed rozpocz\u0119ciem Akcji Sprz\u0105tania \u015awiata rozmawiali\u015bmy o idei tego pomys\u0142u, poprawno\u015bci zachowania podczas sprz\u0105tania oraz umiej\u0119tno\u015bci i [&hellip;]<\/p>\n","protected":false},"author":2,"featured_media":0,"parent":5983,"menu_order":0,"comment_status":"closed","ping_status":"closed","template":"","meta":{"ngg_post_thumbnail":0,"footnotes":""},"class_list":["post-10643","page","type-page","status-publish","hentry"],"_links":{"self":[{"href":"https:\/\/sp1hrubieszow.pl\/index.php\/wp-json\/wp\/v2\/pages\/10643","targetHints":{"allow":["GET"]}}],"collection":[{"href":"https:\/\/sp1hrubieszow.pl\/index.php\/wp-json\/wp\/v2\/pages"}],"about":[{"href":"https:\/\/sp1hrubieszow.pl\/index.php\/wp-json\/wp\/v2\/types\/page"}],"author":[{"embeddable":true,"href":"https:\/\/sp1hrubieszow.pl\/index.php\/wp-json\/wp\/v2\/users\/2"}],"replies":[{"embeddable":true,"href":"https:\/\/sp1hrubieszow.pl\/index.php\/wp-json\/wp\/v2\/comments?post=10643"}],"version-history":[{"count":2,"href":"https:\/\/sp1hrubieszow.pl\/index.php\/wp-json\/wp\/v2\/pages\/10643\/revisions"}],"predecessor-version":[{"id":10654,"href":"https:\/\/sp1hrubieszow.pl\/index.php\/wp-json\/wp\/v2\/pages\/10643\/revisions\/10654"}],"up":[{"embeddable":true,"href":"https:\/\/sp1hrubieszow.pl\/index.php\/wp-json\/wp\/v2\/pages\/5983"}],"wp:attachment":[{"href":"https:\/\/sp1hrubieszow.pl\/index.php\/wp-json\/wp\/v2\/media?parent=10643"}],"curies":[{"name":"wp","href":"https:\/\/api.w.org\/{rel}","templated":true}]}}