{"id":10626,"date":"2021-09-20T16:27:10","date_gmt":"2021-09-20T14:27:10","guid":{"rendered":"http:\/\/sp1.hrubieszow.info\/?page_id=10626"},"modified":"2021-09-20T16:27:33","modified_gmt":"2021-09-20T14:27:33","slug":"debata-na-temat-szczepien-link-do-nagrania","status":"publish","type":"page","link":"https:\/\/sp1hrubieszow.pl\/index.php\/kronika-2020-2021\/debata-na-temat-szczepien-link-do-nagrania\/","title":{"rendered":"Debata na temat szczepie\u0144 &#8211; link do nagrania"},"content":{"rendered":"\n<table class=\"gwp4e6be2c2_panel gwp4e6be2c2_table gwp4e6be2c2_table-bordered\">\n<tbody>\n<tr>\n<th class=\"gwp4e6be2c2_warning\">\n<h3><span style=\"color: #003366;\">Szanowni Pa\u0144stwo Rodzice<\/span><\/h3>\n<h3><span style=\"color: #003366;\">zapraszam do zapoznania si\u0119 z nagraniem wideokonferencji<\/span><\/h3>\n<\/th>\n<\/tr>\n<tr>\n<td>\n<h3><span style=\"color: #003366;\">przekazuj\u0119 link do nagrania debaty, jaka odby\u0142a si\u0119 podczas pikniku prozdrowotnego w Lublinie<\/span><\/h3>\n<h3 style=\"text-align: center;\"><span style=\"color: #003366;\"><a style=\"color: #003366;\" href=\"https:\/\/fb.watch\/84iDSQ0YV1\/\" rel=\"noopener\" data-saferedirecturl=\"https:\/\/zasobygwp.pl\/redirect?sig=8d8d8f2164f3e45a57944975fbb00cb66c7131be711b7b31c81315fa8e41cdc1&amp;url=aHR0cHM6Ly9mYi53YXRjaC84NGlEU1EwWVYxLw==&amp;platform=desktop&amp;brand=wp\">https:\/\/fb.watch\/84iDSQ0YV1\/<\/a><\/span><\/h3>\n<h3 class=\"gwp4e6be2c2_btn-group\">&nbsp;<\/h3>\n<\/td>\n<\/tr>\n<\/tbody>\n<\/table>\n","protected":false},"excerpt":{"rendered":"<p>Szanowni Pa\u0144stwo Rodzice zapraszam do zapoznania si\u0119 z nagraniem wideokonferencji przekazuj\u0119 link do nagrania debaty, jaka odby\u0142a si\u0119 podczas pikniku prozdrowotnego w Lublinie https:\/\/fb.watch\/84iDSQ0YV1\/ &nbsp;<\/p>\n","protected":false},"author":2,"featured_media":0,"parent":5983,"menu_order":0,"comment_status":"closed","ping_status":"closed","template":"","meta":{"ngg_post_thumbnail":0,"footnotes":""},"class_list":["post-10626","page","type-page","status-publish","hentry"],"_links":{"self":[{"href":"https:\/\/sp1hrubieszow.pl\/index.php\/wp-json\/wp\/v2\/pages\/10626","targetHints":{"allow":["GET"]}}],"collection":[{"href":"https:\/\/sp1hrubieszow.pl\/index.php\/wp-json\/wp\/v2\/pages"}],"about":[{"href":"https:\/\/sp1hrubieszow.pl\/index.php\/wp-json\/wp\/v2\/types\/page"}],"author":[{"embeddable":true,"href":"https:\/\/sp1hrubieszow.pl\/index.php\/wp-json\/wp\/v2\/users\/2"}],"replies":[{"embeddable":true,"href":"https:\/\/sp1hrubieszow.pl\/index.php\/wp-json\/wp\/v2\/comments?post=10626"}],"version-history":[{"count":1,"href":"https:\/\/sp1hrubieszow.pl\/index.php\/wp-json\/wp\/v2\/pages\/10626\/revisions"}],"predecessor-version":[{"id":10627,"href":"https:\/\/sp1hrubieszow.pl\/index.php\/wp-json\/wp\/v2\/pages\/10626\/revisions\/10627"}],"up":[{"embeddable":true,"href":"https:\/\/sp1hrubieszow.pl\/index.php\/wp-json\/wp\/v2\/pages\/5983"}],"wp:attachment":[{"href":"https:\/\/sp1hrubieszow.pl\/index.php\/wp-json\/wp\/v2\/media?parent=10626"}],"curies":[{"name":"wp","href":"https:\/\/api.w.org\/{rel}","templated":true}]}}