{"id":10603,"date":"2021-09-15T20:55:42","date_gmt":"2021-09-15T18:55:42","guid":{"rendered":"http:\/\/sp1.hrubieszow.info\/?page_id=10603"},"modified":"2021-09-15T20:55:59","modified_gmt":"2021-09-15T18:55:59","slug":"hrubieszowscy-modelarze-na-mistrzostwach-polski","status":"publish","type":"page","link":"https:\/\/sp1hrubieszow.pl\/index.php\/kronika-2020-2021\/hrubieszowscy-modelarze-na-mistrzostwach-polski\/","title":{"rendered":"Hrubieszowscy  modelarze na Mistrzostwach Polski"},"content":{"rendered":"\n<p><span style=\"color: #000080;\">Zawodnicy sekcji Modelarstwa Lotniczego Uczniowskiego Klubu Sportowego \u201eJedynka\u201d w&nbsp;Hrubieszowie w dniach 11-12 wrze\u015bnia 2021 r. uczestniczyli w&nbsp;Otwartych Mistrzostwach Polski&nbsp;Modeli Swobodnie Lataj\u0105cych klas F1A, F1B, F1C, F1Q w Pilszczu.<\/span><br><span style=\"color: #000080;\">W zawodach startowa\u0142o ponad siedemdziesi\u0119ciu zawodnik\u00f3w z klub\u00f3w z ca\u0142ej Polski. UKS \u201eJedynka\u201d reprezentowa\u0142o 4 sportowc\u00f3w: Kacper Ho\u0142uj, Pawe\u0142 Gumieniak, Piotr Wielosz-Ha\u0142asa oraz instruktor Leszek Kryszczuk.<\/span><br><span style=\"color: #000080;\">Nasi modelarze wystartowali w klasach: klasa modeli F1A (szybowce) Piotr Wielosz-Ha\u0142asa, Pawe\u0142 Gumieniak oraz instruktor. Ogromnego pecha mia\u0142 Pawe\u0142, kt\u00f3remu po trzeciej kolejce lot\u00f3w, model szybowca odlecia\u0142 ponad 4 km od linii startu, przez co zawodnik nie wystartowa\u0142 w nast\u0119pnych kolejkach lot\u00f3w. W klasie modeli F1B (modele z nap\u0119dem gumowym) instruktor Leszek Kryszczuk oraz w klasie modeli F1Q (model z nap\u0119dem elektrycznym) Kacper Ho\u0142uj. <\/span><br><span style=\"color: #000080;\">86 Mistrzostwa Polski Modeli Swobodnie Lataj\u0105cych UKS \u201eJedynka\u201d ko\u0144czy tu\u017c za podium na IV miejscu w punktacji generalnej. Pozosta\u0142e lokaty: I miejsce Gliwice II miejsce Bia\u0142ystok i III miejsce Suwa\u0142ki. &nbsp;<\/span><br><span style=\"color: #000080;\">Zawody rangi Mistrzostw Polski, kt\u00f3re odby\u0142y si\u0119 w Pilszczu, mo\u017cna zaliczy\u0107 do udanych. Ci\u0119\u017cka praca, poprzedzona d\u0142ugim treningiem, kt\u00f3ry odby\u0142 si\u0119 na tydzie\u0144 wcze\u015bniej na polach Kombinatu Kietrz, skutkowa\u0142y precyzyjnym przygotowaniem przez zawodnik\u00f3w modeli oraz wysokimi lokatami. <\/span><br><span style=\"color: #000080;\">Dzi\u0119kuj\u0119 Pani Burmistrz Miasta Hrubieszowa za umo\u017cliwienie wyjazdu grupie modelarzy na Mistrzostwa Polski oraz Bankowi Sp\u00f3\u0142dzielczemu w Izbicy za wsparcie finansowe dzi\u0119ki kt\u00f3remu mo\u017cna by\u0142o zakupi\u0107 niezb\u0119dny sprz\u0119t do obserwacji modeli (lornetki oraz statywy).<\/span><\/p>\nngg_shortcode_0_placeholder\n","protected":false},"excerpt":{"rendered":"<p>Zawodnicy sekcji Modelarstwa Lotniczego Uczniowskiego Klubu Sportowego \u201eJedynka\u201d w&nbsp;Hrubieszowie w dniach 11-12 wrze\u015bnia 2021 r. uczestniczyli w&nbsp;Otwartych Mistrzostwach Polski&nbsp;Modeli Swobodnie Lataj\u0105cych klas F1A, F1B, F1C, F1Q w Pilszczu.W zawodach startowa\u0142o ponad siedemdziesi\u0119ciu zawodnik\u00f3w z klub\u00f3w z ca\u0142ej Polski. UKS \u201eJedynka\u201d reprezentowa\u0142o 4 sportowc\u00f3w: Kacper Ho\u0142uj, Pawe\u0142 Gumieniak, Piotr Wielosz-Ha\u0142asa oraz instruktor Leszek Kryszczuk.Nasi modelarze wystartowali [&hellip;]<\/p>\n","protected":false},"author":2,"featured_media":0,"parent":5983,"menu_order":0,"comment_status":"closed","ping_status":"closed","template":"","meta":{"ngg_post_thumbnail":0,"footnotes":""},"class_list":["post-10603","page","type-page","status-publish","hentry"],"_links":{"self":[{"href":"https:\/\/sp1hrubieszow.pl\/index.php\/wp-json\/wp\/v2\/pages\/10603","targetHints":{"allow":["GET"]}}],"collection":[{"href":"https:\/\/sp1hrubieszow.pl\/index.php\/wp-json\/wp\/v2\/pages"}],"about":[{"href":"https:\/\/sp1hrubieszow.pl\/index.php\/wp-json\/wp\/v2\/types\/page"}],"author":[{"embeddable":true,"href":"https:\/\/sp1hrubieszow.pl\/index.php\/wp-json\/wp\/v2\/users\/2"}],"replies":[{"embeddable":true,"href":"https:\/\/sp1hrubieszow.pl\/index.php\/wp-json\/wp\/v2\/comments?post=10603"}],"version-history":[{"count":1,"href":"https:\/\/sp1hrubieszow.pl\/index.php\/wp-json\/wp\/v2\/pages\/10603\/revisions"}],"predecessor-version":[{"id":10604,"href":"https:\/\/sp1hrubieszow.pl\/index.php\/wp-json\/wp\/v2\/pages\/10603\/revisions\/10604"}],"up":[{"embeddable":true,"href":"https:\/\/sp1hrubieszow.pl\/index.php\/wp-json\/wp\/v2\/pages\/5983"}],"wp:attachment":[{"href":"https:\/\/sp1hrubieszow.pl\/index.php\/wp-json\/wp\/v2\/media?parent=10603"}],"curies":[{"name":"wp","href":"https:\/\/api.w.org\/{rel}","templated":true}]}}