{"id":10567,"date":"2021-09-15T20:26:55","date_gmt":"2021-09-15T18:26:55","guid":{"rendered":"http:\/\/sp1.hrubieszow.info\/?page_id=10567"},"modified":"2021-09-15T20:27:19","modified_gmt":"2021-09-15T18:27:19","slug":"w-rytmie-rap","status":"publish","type":"page","link":"https:\/\/sp1hrubieszow.pl\/index.php\/kronika-2020-2021\/w-rytmie-rap\/","title":{"rendered":"W rytmie rap\u2026"},"content":{"rendered":"\n<p><span style=\"color: #000080;\">W niecodzienny spos\u00f3b mieli\u015bmy okazj\u0119 dnia 8.09.2021r. bawi\u0107 si\u0119 i uczy\u0107 jednocze\u015bnie. Spotkanie profilaktyczne, w kt\u00f3rym brali\u015bmy udzia\u0142, otworzy\u0142o nam oczy na wiele problem\u00f3w i sytuacji, z kt\u00f3rymi spotykamy si\u0119 na co dzie\u0144, ale w p\u0119dzie dnia nie zwracamy na nie uwagi. Mowa by\u0142a o przemocy, o odrzuceniu i odosobnieniu, kt\u00f3re s\u0105 wszechobecne, ale my staramy si\u0119 tego nie dostrzega\u0107. Ka\u017cdy uczestnik mia\u0142 mo\u017cliwo\u015b\u0107 wejrzenia w samego siebie, zapytania si\u0119 czy po\u015bwi\u0119ca czas w\u0142a\u015bciwym sprawom, czy przypadkiem rzeczy materialne nie przys\u0142aniaj\u0105 nam drugiego cz\u0142owieka a czasem i nas samych.<\/span><br><span style=\"color: #000080;\">Te trudne zagadnienia om\u00f3wione by\u0142y w tak szczery i otwarty spos\u00f3b, \u017ce niemo\u017cliwym by\u0142oby nie dostrzec ich wagi w \u017cyciu ka\u017cdego cz\u0142owieka. Prosty przekaz i ciekawa forma utwor\u00f3w muzycznych sprawi\u0142y, \u017ce ka\u017cdy znalaz\u0142 co\u015b dla siebie, a czas sp\u0119dzony w HDK by\u0142 nie tylko zabaw\u0105, ale przyjemno\u015bci\u0105.<\/span><\/p>\nngg_shortcode_0_placeholder\n","protected":false},"excerpt":{"rendered":"<p>W niecodzienny spos\u00f3b mieli\u015bmy okazj\u0119 dnia 8.09.2021r. bawi\u0107 si\u0119 i uczy\u0107 jednocze\u015bnie. Spotkanie profilaktyczne, w kt\u00f3rym brali\u015bmy udzia\u0142, otworzy\u0142o nam oczy na wiele problem\u00f3w i sytuacji, z kt\u00f3rymi spotykamy si\u0119 na co dzie\u0144, ale w p\u0119dzie dnia nie zwracamy na nie uwagi. Mowa by\u0142a o przemocy, o odrzuceniu i odosobnieniu, kt\u00f3re s\u0105 wszechobecne, ale my [&hellip;]<\/p>\n","protected":false},"author":2,"featured_media":0,"parent":5983,"menu_order":0,"comment_status":"closed","ping_status":"closed","template":"","meta":{"ngg_post_thumbnail":0,"footnotes":""},"class_list":["post-10567","page","type-page","status-publish","hentry"],"_links":{"self":[{"href":"https:\/\/sp1hrubieszow.pl\/index.php\/wp-json\/wp\/v2\/pages\/10567","targetHints":{"allow":["GET"]}}],"collection":[{"href":"https:\/\/sp1hrubieszow.pl\/index.php\/wp-json\/wp\/v2\/pages"}],"about":[{"href":"https:\/\/sp1hrubieszow.pl\/index.php\/wp-json\/wp\/v2\/types\/page"}],"author":[{"embeddable":true,"href":"https:\/\/sp1hrubieszow.pl\/index.php\/wp-json\/wp\/v2\/users\/2"}],"replies":[{"embeddable":true,"href":"https:\/\/sp1hrubieszow.pl\/index.php\/wp-json\/wp\/v2\/comments?post=10567"}],"version-history":[{"count":1,"href":"https:\/\/sp1hrubieszow.pl\/index.php\/wp-json\/wp\/v2\/pages\/10567\/revisions"}],"predecessor-version":[{"id":10568,"href":"https:\/\/sp1hrubieszow.pl\/index.php\/wp-json\/wp\/v2\/pages\/10567\/revisions\/10568"}],"up":[{"embeddable":true,"href":"https:\/\/sp1hrubieszow.pl\/index.php\/wp-json\/wp\/v2\/pages\/5983"}],"wp:attachment":[{"href":"https:\/\/sp1hrubieszow.pl\/index.php\/wp-json\/wp\/v2\/media?parent=10567"}],"curies":[{"name":"wp","href":"https:\/\/api.w.org\/{rel}","templated":true}]}}