{"id":10549,"date":"2021-09-15T20:09:05","date_gmt":"2021-09-15T18:09:05","guid":{"rendered":"http:\/\/sp1.hrubieszow.info\/?page_id=10549"},"modified":"2021-09-15T20:17:08","modified_gmt":"2021-09-15T18:17:08","slug":"regulamin-konkursu-plastycznego-pt-mediacja-sposobem-na-konflikt","status":"publish","type":"page","link":"https:\/\/sp1hrubieszow.pl\/index.php\/kronika-2020-2021\/regulamin-konkursu-plastycznego-pt-mediacja-sposobem-na-konflikt\/","title":{"rendered":"Regulamin konkursu plastycznego  pt.\u201e Mediacja sposobem na konflikt\u201d"},"content":{"rendered":"\n<p><span style=\"color: #000080;\"><strong>1. <\/strong><strong>Organizator konkursu<\/strong><\/span><\/p>\n<p><span style=\"color: #000080;\">Organizatorem konkursu jest Szko\u0142a Podstawowa Nr 1 im. Boles\u0142awa Prusa w Hrubieszowie, osoba odpowiedzialna za organizacj\u0119 konkursu: Marta Kuczy\u0144ska, opiekun Szkolnego Klubu Mediatora.<\/span><\/p>\n<p><span style=\"color: #000080;\"><strong>2. <\/strong><strong>Patronat konkursu<\/strong><\/span><\/p>\n<p><span style=\"color: #000080;\">Konkurs odbywa si\u0119 pod patronatem honorowym Burmistrza Miasta Hrubieszowa Pani Marty Majewskiej oraz pod patronatem honorowym Prezesa S\u0105du Rejonowego w Hrubieszowie Pana Adama Pisiewicza<\/span><\/p>\n<p><span style=\"color: #000080;\"><strong>3. <\/strong><strong>Cele konkursu<\/strong><\/span><\/p>\n<ol>\n<li><span style=\"color: #000080;\">Popularyzowanie w\u015br\u00f3d dzieci i m\u0142odzie\u017cy wiedzy na temat mediacji, jako konstruktywnego sposobu rozwi\u0105zywania konflikt\u00f3w i spor\u00f3w.<\/span><\/li>\n<li><span style=\"color: #000080;\">Promowanie mediacji i kszta\u0142towanie w\u015br\u00f3d uczni\u00f3w pozytywnego wizerunku mediacji, w tym mediacji r\u00f3wie\u015bniczych.<\/span><\/li>\n<li><span style=\"color: #000080;\">Zach\u0119cenie uczestnik\u00f3w konkursu do udzia\u0142u w obchodach Mi\u0119dzynarodowego Dnia Mediacji i Tygodnia Mediacji\u20192021.<\/span><\/li>\n<\/ol>\n<p><span style=\"color: #000080;\"><strong>4. <\/strong><strong>Uczestnicy konkursu<\/strong><\/span><\/p>\n<p><span style=\"color: #000080;\">Konkurs jest skierowany do uczni\u00f3w szk\u00f3\u0142 podstawowych (klasy IV-VIII) oraz ponadpodstawowych(klasy I-III, I-IV b\u0105d\u017a I-V) dzia\u0142aj\u0105cych na terenie Gminy Miejskiej Hrubiesz\u00f3w oraz innych szk\u00f3\u0142 z powiatu hrubieszowskiego a tak\u017ce szk\u00f3\u0142 wsp\u00f3\u0142pracuj\u0105cych <\/span><br><span style=\"color: #000080;\">ze Szkolnym Klubem Mediatora SP Nr 1 Hrubiesz\u00f3w.<\/span><\/p>\n<p><span style=\"color: #000080;\"><strong>5. <\/strong><strong>Warunki uczestnictwa w konkursie\/Wymagania konkursowe<\/strong><\/span><\/p>\n<ol>\n<li><span style=\"color: #000080;\">Uczestnicy konkursu maj\u0105 za zadanie wykonanie pracy plastycznej\/plakatu promuj\u0105cego mediacj\u0119 jako jedn\u0105 z form rozwi\u0105zywania konflikt\u00f3w.<\/span><\/li>\n<li><span style=\"color: #000080;\">Format i technika pracy-dowolne.<\/span><\/li>\n<li><span style=\"color: #000080;\">Na pracy mog\u0105 by\u0107 umieszczone napisy i has\u0142a promuj\u0105ce mediacj\u0119, w tym mediacje r\u00f3wie\u015bnicze.<\/span><\/li>\n<li><span style=\"color: #000080;\">Ka\u017cda zg\u0142oszona na konkurs praca powinna by\u0107 prac\u0105 indywidualn\u0105 nie zbiorow\u0105.<\/span><\/li>\n<li><span style=\"color: #000080;\">Uczestnik mo\u017ce zg\u0142osi\u0107 jedn\u0105 prac\u0119 konkursow\u0105.<\/span><\/li>\n<li><span style=\"color: #000080;\">Prac\u0119 nale\u017cy podpisa\u0107 na odwrocie: Imi\u0119 i nazwisko autora, wiek, nazwa szko\u0142y.<\/span><\/li>\n<li><span style=\"color: #000080;\">Do pracy nale\u017cy do\u0142\u0105czy\u0107 za\u0142\u0105czniki: formularz zg\u0142oszeniowy oraz zgoda na udzia\u0142 <\/span><br><span style=\"color: #000080;\">w konkursie, podpisana przez rodzica\/opiekuna prawnego. Za\u0142\u0105czniki umieszczone <\/span><br><span style=\"color: #000080;\">zosta\u0142y w za\u0142\u0105czeniu do niniejszego regulaminu jako za\u0142\u0105cznik nr 1 i za\u0142\u0105cznik nr 2.<\/span><\/li>\n<li><span style=\"color: #000080;\">Po zako\u0144czeniu konkursu prace nie b\u0119d\u0105 odsy\u0142ane do uczestnik\u00f3w.<\/span><\/li>\n<\/ol>\n<p><span style=\"color: #000080;\"><strong>6. <\/strong><strong>Przebieg konkursu<\/strong><\/span><\/p>\n<p><span style=\"color: #000080;\">1.Termin i spos\u00f3b sk\u0142adania prac:<\/span><\/p>\n<p><span style=\"color: #000080;\"><u>Prace nale\u017cy nades\u0142a\u0107 na adres<\/u>: Szko\u0142a Podstawowa Nr 1 im. Boles\u0142awa Prusa <\/span><br><span style=\"color: #000080;\">w Hrubieszowie, ul. Listopadowa 12, 22-500 Hrubiesz\u00f3w z dopiskiem: Konkurs- Mediacja: <u>lub z\u0142o\u017cy\u0107 w sekretariacie szko\u0142y <strong>do dnia 03.10.2021r<\/strong>. <\/u><\/span><\/p>\n<p><span style=\"color: #000080;\">2.Rozstrzygni\u0119cie konkursu przewidywane jest na dzie\u0144: 21 pa\u017adziernika 2021r., w\u00f3wczas przypadaj\u0105 obchody Mi\u0119dzynarodowego Dnia Mediacji (organizator zastrzega sobie, \u017ce data ta mo\u017ce ulec zmianie z przyczyn organizacyjnych).<\/span><\/p>\n<p><span style=\"color: #000080;\"><strong>7. <\/strong><strong>Nagrody<\/strong><\/span><\/p>\n<p><span style=\"color: #000080;\">Fundatorem nagr\u00f3d jest Gmina Miejska Hrubiesz\u00f3w.<\/span><\/p>\n<p><span style=\"color: #000080;\">-W kategorii klas IV-VIII szk\u00f3\u0142 podstawowych zostan\u0105 przyznane 3 nagrody i 3 wyr\u00f3\u017cnienia.<\/span><\/p>\n<p><span style=\"color: #000080;\">-W kategorii klas I-III, I-IV b\u0105d\u017a I-V szk\u00f3\u0142 ponadpodstawowych zostan\u0105 przyznane 3 nagrody i 3 wyr\u00f3\u017cnienia.<\/span><\/p>\n<p><span style=\"color: #000080;\">&#8211; Organizator zastrzega sobie prawo do przyznania nagr\u00f3d lub wyr\u00f3\u017cnie\u0144 specjalnych, przyznanych przez mediator\u00f3w r\u00f3wie\u015bniczych ze Szkolnego Klubu Mediatora SP Nr 1 Hrubiesz\u00f3w.<\/span><\/p>\n<p><span style=\"color: #000080;\"><strong>8. <\/strong><strong>Prawa autorskie. Prawa os\u00f3b trzecich.<\/strong><\/span><\/p>\n<p><span style=\"color: #000080;\">1.Przes\u0142anie pracy na konkurs wraz z za\u0142\u0105cznikami, jest r\u00f3wnoznaczne z akceptacj\u0105 niniejszego regulaminu oraz postanowie\u0144, wynikaj\u0105cych z Rozporz\u0105dzenia Parlamentu Europejskiego i Rady 2016\/679 z dnia 27 kwietnia 2016r. w sprawie ochrony os\u00f3b fizycznych w zwi\u0105zku z przetwarzaniem danych osobowych i swobodnym przep\u0142ywem takich danych oraz uchylenia dyrektywy 95\/46\/WE (RODO).<\/span><\/p>\n<p><span style=\"color: #000080;\">2.Uczestnik konkursu o\u015bwiadcza, \u017ce przes\u0142ana przez niego praca konkursowa zosta\u0142a przez niego wykonana osobi\u015bcie, nie jest cudzym dzie\u0142em oraz \u017ce uczestnikowi, jako autorowi pracy przys\u0142uguj\u0105 wy\u0142\u0105czne, pe\u0142ne i nieograniczone prawa autorskie do przes\u0142anej pracy konkursowej.<\/span><\/p>\n<ol start=\"3\">\n<li><span style=\"color: #000080;\">Uczestnik konkursu o\u015bwiadcza, \u017ce w celu udzia\u0142u w konkursie, wyra\u017ca zgod\u0119 na przetwarzanie udost\u0119pnionych przez nich w zg\u0142oszeniu konkursowym danych osobowych, <\/span><br><span style=\"color: #000080;\">w celach konkursowych, przez organizatora konkursu.<\/span><\/li>\n<\/ol>\n<p><span style=\"color: #000080;\">4.Uczestnik konkursu o\u015bwiadcza, \u017ce wyra\u017ca zgod\u0119 na publikacj\u0119 w internecie zdj\u0119\u0107 pracy konkursowej oraz zdj\u0119\u0107 z wizerunkiem autora pracy podczas ceremonii wr\u0119czenia nagr\u00f3d <\/span><br><span style=\"color: #000080;\">a tak\u017ce wyra\u017ca zgod\u0119 na wykorzystanie pracy do wykonania wystawy prac konkursowych zaplanowanej po zako\u0144czonym konkursie.<\/span><\/p>\n<p><span style=\"color: #000080;\">5.Organizator konkursu jako administrator danych informuje, \u017ce dane osobowe uczestnik\u00f3w konkursu s\u0105 chronione i przechowywane na okres niezb\u0119dny do organizacji konkursu, za\u015b uczestnikowi konkursu przys\u0142uguj\u0105 prawa zgodne z art.13.ust.1 i ust.2 Rozporz\u0105dzenia Parlamentu Europejskiego i Rady 2016\/679 z dnia 27 kwietnia w sprawie ochrony os\u00f3b fizycznych w zwi\u0105zku z przetwarzaniem danych osobowych oraz uchylenia dyrektywy 95\/46\/WE(RODO).<\/span><\/p>\n<p><span style=\"color: #000080;\"><strong>9. <\/strong><strong>Kontakt w sprawie konkursu<\/strong><\/span><\/p>\n<p><span style=\"color: #000080;\">W razie pyta\u0144 w sprawie konkursu nale\u017cy skontaktowa\u0107 si\u0119 z organizatorem<\/span><\/p>\n<p><span style=\"color: #000080;\">Mart\u0105 Kuczy\u0144sk\u0105, tel. do szko\u0142y 84&nbsp;696 2074,e-mail: <a style=\"color: #000080;\" href=\"mailto:pedagog.mk@op.pl\">pedagog.mk@op.pl<\/a><\/span><\/p>\n<p><a href=\"http:\/\/sp1.hrubieszow.info\/wp-content\/uploads\/2021\/09\/za\u0142acznik-nr-1.odt\"><span style=\"color: #000080;\"><strong>za\u0142\u0105cznik nr 1<\/strong><\/span><\/a><\/p>\n<p><span style=\"color: #000080;\"><strong><a style=\"color: #000080;\" href=\"http:\/\/sp1.hrubieszow.info\/wp-content\/uploads\/2021\/09\/za\u0142acznik-nr-2.odt\">za\u0142\u0105cznik nr 2<\/a><\/strong><\/span><\/p>\n","protected":false},"excerpt":{"rendered":"<p>1. Organizator konkursu Organizatorem konkursu jest Szko\u0142a Podstawowa Nr 1 im. Boles\u0142awa Prusa w Hrubieszowie, osoba odpowiedzialna za organizacj\u0119 konkursu: Marta Kuczy\u0144ska, opiekun Szkolnego Klubu Mediatora. 2. Patronat konkursu Konkurs odbywa si\u0119 pod patronatem honorowym Burmistrza Miasta Hrubieszowa Pani Marty Majewskiej oraz pod patronatem honorowym Prezesa S\u0105du Rejonowego w Hrubieszowie Pana Adama Pisiewicza 3. Cele [&hellip;]<\/p>\n","protected":false},"author":2,"featured_media":0,"parent":5983,"menu_order":0,"comment_status":"closed","ping_status":"closed","template":"","meta":{"ngg_post_thumbnail":0,"footnotes":""},"class_list":["post-10549","page","type-page","status-publish","hentry"],"_links":{"self":[{"href":"https:\/\/sp1hrubieszow.pl\/index.php\/wp-json\/wp\/v2\/pages\/10549","targetHints":{"allow":["GET"]}}],"collection":[{"href":"https:\/\/sp1hrubieszow.pl\/index.php\/wp-json\/wp\/v2\/pages"}],"about":[{"href":"https:\/\/sp1hrubieszow.pl\/index.php\/wp-json\/wp\/v2\/types\/page"}],"author":[{"embeddable":true,"href":"https:\/\/sp1hrubieszow.pl\/index.php\/wp-json\/wp\/v2\/users\/2"}],"replies":[{"embeddable":true,"href":"https:\/\/sp1hrubieszow.pl\/index.php\/wp-json\/wp\/v2\/comments?post=10549"}],"version-history":[{"count":2,"href":"https:\/\/sp1hrubieszow.pl\/index.php\/wp-json\/wp\/v2\/pages\/10549\/revisions"}],"predecessor-version":[{"id":10557,"href":"https:\/\/sp1hrubieszow.pl\/index.php\/wp-json\/wp\/v2\/pages\/10549\/revisions\/10557"}],"up":[{"embeddable":true,"href":"https:\/\/sp1hrubieszow.pl\/index.php\/wp-json\/wp\/v2\/pages\/5983"}],"wp:attachment":[{"href":"https:\/\/sp1hrubieszow.pl\/index.php\/wp-json\/wp\/v2\/media?parent=10549"}],"curies":[{"name":"wp","href":"https:\/\/api.w.org\/{rel}","templated":true}]}}