{"id":10538,"date":"2021-09-13T19:28:14","date_gmt":"2021-09-13T17:28:14","guid":{"rendered":"http:\/\/sp1.hrubieszow.info\/?page_id=10538"},"modified":"2024-04-05T09:55:04","modified_gmt":"2024-04-05T07:55:04","slug":"statut","status":"publish","type":"page","link":"https:\/\/sp1hrubieszow.pl\/index.php\/przykladowa-strona\/statut\/","title":{"rendered":"STATUT"},"content":{"rendered":"\n<p><span style=\"color: #000080;\"><strong><a style=\"color: #000080;\" href=\"http:\/\/sp1hrubieszow.pl\/wp-content\/uploads\/2024\/04\/12.-STATUT-03.04.2024-r.docx\">12. STATUT &#8211; 03.04.2024 r.<\/a><\/strong><\/span><\/p>\n<p><span style=\"color: #000080;\"><strong><a style=\"color: #000080;\" href=\"http:\/\/sp1hrubieszow.pl\/wp-content\/uploads\/2024\/04\/14.-Uchwala-z-dnia-03.04.2024.docx\">14. Uchwa\u0142a z dnia 03.04.2024<\/a><\/strong><\/span><\/p>\n<p><strong><span style=\"color: #333399;\"><a style=\"color: #333399;\" href=\"http:\/\/sp1hrubieszow.pl\/wp-content\/uploads\/2023\/02\/12.-Uchwala-z-dnia-30.01.2023.docx\">Uchwa\u0142a z dnia 30.01.2023<\/a><\/span><\/strong><\/p>\n<p><span style=\"color: #000080;\"><strong><a style=\"color: #000080;\" href=\"http:\/\/sp1hrubieszow.pl\/wp-content\/uploads\/2022\/12\/Uchwala-nr-5-z-dnia-27.08.2021-statut.doc.docx\">Uchwa\u0142a nr 5 z dnia 27.08.2021 statut.doc<\/a><\/strong><\/span><\/p>\n<p><span style=\"color: #000080;\"><strong><a style=\"color: #000080;\" href=\"http:\/\/sp1hrubieszow.pl\/wp-content\/uploads\/2022\/11\/11.-Uchwala-8.11.2002.docx\">11. Uchwa\u0142a 8.11.2002<\/a><\/strong><\/span><\/p>\n<p><strong><span style=\"color: #000080;\"><a style=\"color: #000080;\" href=\"https:\/\/sp1hrubieszow.pl\/wp-content\/uploads\/2022\/09\/9.-Uchwala-29.08.-2022.doc\">9. Uchwa\u0142a 29.08. 2022<\/a><\/span><\/strong><\/p>\n<p><strong><span style=\"color: #000080;\"><a style=\"color: #000080;\" href=\"https:\/\/sp1hrubieszow.pl\/wp-content\/uploads\/2022\/09\/10.Uchwala-15.09.2022.docx\">10.Uchwa\u0142a 15.09.2022<\/a><\/span><\/strong><\/p>\n<p><a href=\"http:\/\/sp1.hrubieszow.info\/wp-content\/uploads\/2021\/09\/Uchwa\u0142a-nr-5-2021-2022-z-dn.-27.08.2021.doc\"><strong><span style=\"color: #000080;\">Uchwa\u0142a nr 5-2021-2022 z dn. 27.08.2021<\/span><\/strong><\/a><\/p>\n<p><strong><span style=\"color: #000080;\"><a style=\"color: #000080;\" href=\"http:\/\/sp1.hrubieszow.info\/wp-content\/uploads\/2019\/11\/Uchwa\u0142a-13-listopad-2019.doc\">Uchwa\u0142a 13 listopad 2019<\/a><\/span><\/strong><\/p>\n","protected":false},"excerpt":{"rendered":"<p>12. STATUT &#8211; 03.04.2024 r. 14. Uchwa\u0142a z dnia 03.04.2024 Uchwa\u0142a z dnia 30.01.2023 Uchwa\u0142a nr 5 z dnia 27.08.2021 statut.doc 11. Uchwa\u0142a 8.11.2002 9. Uchwa\u0142a 29.08. 2022 10.Uchwa\u0142a 15.09.2022 Uchwa\u0142a nr 5-2021-2022 z dn. 27.08.2021 Uchwa\u0142a 13 listopad 2019<\/p>\n","protected":false},"author":2,"featured_media":0,"parent":2,"menu_order":0,"comment_status":"closed","ping_status":"closed","template":"","meta":{"ngg_post_thumbnail":0,"footnotes":""},"class_list":["post-10538","page","type-page","status-publish","hentry"],"_links":{"self":[{"href":"https:\/\/sp1hrubieszow.pl\/index.php\/wp-json\/wp\/v2\/pages\/10538","targetHints":{"allow":["GET"]}}],"collection":[{"href":"https:\/\/sp1hrubieszow.pl\/index.php\/wp-json\/wp\/v2\/pages"}],"about":[{"href":"https:\/\/sp1hrubieszow.pl\/index.php\/wp-json\/wp\/v2\/types\/page"}],"author":[{"embeddable":true,"href":"https:\/\/sp1hrubieszow.pl\/index.php\/wp-json\/wp\/v2\/users\/2"}],"replies":[{"embeddable":true,"href":"https:\/\/sp1hrubieszow.pl\/index.php\/wp-json\/wp\/v2\/comments?post=10538"}],"version-history":[{"count":6,"href":"https:\/\/sp1hrubieszow.pl\/index.php\/wp-json\/wp\/v2\/pages\/10538\/revisions"}],"predecessor-version":[{"id":25247,"href":"https:\/\/sp1hrubieszow.pl\/index.php\/wp-json\/wp\/v2\/pages\/10538\/revisions\/25247"}],"up":[{"embeddable":true,"href":"https:\/\/sp1hrubieszow.pl\/index.php\/wp-json\/wp\/v2\/pages\/2"}],"wp:attachment":[{"href":"https:\/\/sp1hrubieszow.pl\/index.php\/wp-json\/wp\/v2\/media?parent=10538"}],"curies":[{"name":"wp","href":"https:\/\/api.w.org\/{rel}","templated":true}]}}