{"id":10521,"date":"2021-09-09T18:28:56","date_gmt":"2021-09-09T16:28:56","guid":{"rendered":"http:\/\/sp1.hrubieszow.info\/?page_id=10521"},"modified":"2021-09-09T18:29:26","modified_gmt":"2021-09-09T16:29:26","slug":"oglaszamy-sukcesy","status":"publish","type":"page","link":"https:\/\/sp1hrubieszow.pl\/index.php\/kronika-2020-2021\/oglaszamy-sukcesy\/","title":{"rendered":"Og\u0142aszamy sukcesy!"},"content":{"rendered":"\n<h1><img loading=\"lazy\" decoding=\"async\" class=\"size-medium wp-image-10519 aligncenter\" src=\"http:\/\/sp1.hrubieszow.info\/wp-content\/uploads\/2021\/09\/OIP-300x191.jpg\" alt=\"\" width=\"300\" height=\"191\" srcset=\"https:\/\/sp1hrubieszow.pl\/wp-content\/uploads\/2021\/09\/OIP-300x191.jpg 300w, https:\/\/sp1hrubieszow.pl\/wp-content\/uploads\/2021\/09\/OIP.jpg 474w\" sizes=\"auto, (max-width: 300px) 100vw, 300px\" \/><\/h1>\n<div class=\"kvgmc6g5 cxmmr5t8 oygrvhab hcukyx3x c1et5uql ii04i59q\">\n<div dir=\"auto\"><span style=\"color: #000080;\">Mi\u0142o nam poinformowa\u0107, \u017ce uczniowie naszej szko\u0142y zostali laureatami og\u00f3lnopolskich wyr\u00f3\u017cnie\u0144 w konkursie plastyczno-literackim pt. &#8222;Szcz\u0119\u015bliwa chwila, szcz\u0119\u015bliwy dzie\u0144, szcz\u0119\u015bliwe \u017cycie&#8230;&#8221;, organizowanym w ramach og\u00f3lnopolskiej kampanii &#8222;Zachowaj Trze\u017awy Umys\u0142&#8217;2021&#8221;.<\/span><\/div>\n<div dir=\"auto\"><span style=\"color: #000080;\">Gratulujemy nast\u0119puj\u0105cym uczniom oraz ich opiekunom:<\/span><\/div>\n<div dir=\"auto\"><span style=\"color: #000080;\">1.Dawid Go\u0142\u0119biowski, grupa &#8222;0&#8221;, obecnie klasa Ib, opiekun: pani Joanna Sawicka.<\/span><\/div>\n<div dir=\"auto\"><span style=\"color: #000080;\">2.Micha\u0142 Nowacki, klasa Ia, obecnie klasa IIa, opiekun: pani Katarzyna Sztuk.<\/span><\/div>\n<div dir=\"auto\"><span style=\"color: #000080;\">3.David Keneth, klasa Ia, obecnie klasa IIa, opiekun: pani Katarzyna Sztuk.<\/span><\/div>\n<div dir=\"auto\"><span style=\"color: #000080;\">4.Paula Wilczy\u0144ska, klasa IIIa, obecnie klasa IVa, opiekun: pani Ma\u0142gorzata Serafin.<\/span><\/div>\n<div dir=\"auto\"><span style=\"color: #000080;\">5.Karolina Danilczuk, klasa IIIa, obecnie klasa IVa, opiekun: pani Ma\u0142gorzata Serafin.<\/span><\/div>\n<div dir=\"auto\"><span style=\"color: #000080;\">6. Lena Ni\u017anikowska, klasa IIc, obecnie klasa IIIc, opiekun: pani Joanna Bartnik.<\/span><\/div>\n<div dir=\"auto\"><span style=\"color: #000080;\">7.Marcin Lackowski, klasa Va, obecnie klasa VIa, opiekun: pani Ewa Szostak.<\/span><\/div>\n<\/div>\n<div class=\"o9v6fnle cxmmr5t8 oygrvhab hcukyx3x c1et5uql ii04i59q\">\n<div dir=\"auto\"><span style=\"color: #000080;\">Gratulujemy i zach\u0119camy wszystkich uczni\u00f3w do udzia\u0142u w konkursach, realizowanych w ramach kolejnej edycji kampanii &#8222;Zachowaj Trze\u017awy Umys\u0142&#8221;.<\/span><\/div>\n<div dir=\"auto\">&nbsp;<\/div>\n<\/div>\n<div class=\"o9v6fnle cxmmr5t8 oygrvhab hcukyx3x c1et5uql ii04i59q\">\n<div dir=\"auto\" style=\"text-align: right;\"><span style=\"color: #000080;\">Koordynatorzy<\/span> Z<span style=\"color: #000080;\">TU: pedagodzy szkolni Marta K<\/span>uczy\u0144ska i Anna Karkuszewska<\/div>\n<\/div>\n","protected":false},"excerpt":{"rendered":"<p>Mi\u0142o nam poinformowa\u0107, \u017ce uczniowie naszej szko\u0142y zostali laureatami og\u00f3lnopolskich wyr\u00f3\u017cnie\u0144 w konkursie plastyczno-literackim pt. &#8222;Szcz\u0119\u015bliwa chwila, szcz\u0119\u015bliwy dzie\u0144, szcz\u0119\u015bliwe \u017cycie&#8230;&#8221;, organizowanym w ramach og\u00f3lnopolskiej kampanii &#8222;Zachowaj Trze\u017awy Umys\u0142&#8217;2021&#8221;. Gratulujemy nast\u0119puj\u0105cym uczniom oraz ich opiekunom: 1.Dawid Go\u0142\u0119biowski, grupa &#8222;0&#8221;, obecnie klasa Ib, opiekun: pani Joanna Sawicka. 2.Micha\u0142 Nowacki, klasa Ia, obecnie klasa IIa, opiekun: pani [&hellip;]<\/p>\n","protected":false},"author":2,"featured_media":0,"parent":5983,"menu_order":0,"comment_status":"closed","ping_status":"closed","template":"","meta":{"ngg_post_thumbnail":0,"footnotes":""},"class_list":["post-10521","page","type-page","status-publish","hentry"],"_links":{"self":[{"href":"https:\/\/sp1hrubieszow.pl\/index.php\/wp-json\/wp\/v2\/pages\/10521","targetHints":{"allow":["GET"]}}],"collection":[{"href":"https:\/\/sp1hrubieszow.pl\/index.php\/wp-json\/wp\/v2\/pages"}],"about":[{"href":"https:\/\/sp1hrubieszow.pl\/index.php\/wp-json\/wp\/v2\/types\/page"}],"author":[{"embeddable":true,"href":"https:\/\/sp1hrubieszow.pl\/index.php\/wp-json\/wp\/v2\/users\/2"}],"replies":[{"embeddable":true,"href":"https:\/\/sp1hrubieszow.pl\/index.php\/wp-json\/wp\/v2\/comments?post=10521"}],"version-history":[{"count":1,"href":"https:\/\/sp1hrubieszow.pl\/index.php\/wp-json\/wp\/v2\/pages\/10521\/revisions"}],"predecessor-version":[{"id":10522,"href":"https:\/\/sp1hrubieszow.pl\/index.php\/wp-json\/wp\/v2\/pages\/10521\/revisions\/10522"}],"up":[{"embeddable":true,"href":"https:\/\/sp1hrubieszow.pl\/index.php\/wp-json\/wp\/v2\/pages\/5983"}],"wp:attachment":[{"href":"https:\/\/sp1hrubieszow.pl\/index.php\/wp-json\/wp\/v2\/media?parent=10521"}],"curies":[{"name":"wp","href":"https:\/\/api.w.org\/{rel}","templated":true}]}}