{"id":10442,"date":"2021-09-02T20:38:47","date_gmt":"2021-09-02T18:38:47","guid":{"rendered":"http:\/\/sp1.hrubieszow.info\/?page_id=10442"},"modified":"2021-09-02T20:39:14","modified_gmt":"2021-09-02T18:39:14","slug":"spotkanie-z-mistrzynia-i-wicemistrzynia-olimpijska-malgorzata-holub-kowalik","status":"publish","type":"page","link":"https:\/\/sp1hrubieszow.pl\/index.php\/kronika-2020-2021\/spotkanie-z-mistrzynia-i-wicemistrzynia-olimpijska-malgorzata-holub-kowalik\/","title":{"rendered":"Spotkanie z mistrzyni\u0105 i wicemistrzyni\u0105 olimpijsk\u0105 Ma\u0142gorzat\u0105 Ho\u0142ub- Kowalik"},"content":{"rendered":"\n<p><span style=\"color: #000080;\">1 wrze\u015bnia, po uroczystym rozpocz\u0119ciu roku szkolnego, uczniowie naszej szko\u0142y uczestniczyli w spotkaniu z z mistrzyni\u0105 i wicemistrzyni\u0105 olimpijsk\u0105 z Tokio Ma\u0142gorzat\u0105 Ho\u0142ub- Kowalik. Na wydarzenie do HRK wybrali si\u0119 przedstawiciele klas: 4b, 5a, 5c, 6a, 7d oraz 8a wraz z nauczycielami.&nbsp; Spotkanie z biegaczk\u0105 by\u0142o dla nas wszystkich wielkim i niezapomnianym prze\u017cyciem. To pi\u0119kne m\u00f3c pos\u0142ucha\u0107 o czyjej\u015b pasji i mie\u0107 mo\u017cliwo\u015b\u0107 trzymania w d\u0142oniach z\u0142otego medalu olimpijskiego.&nbsp;<\/span><\/p>\nngg_shortcode_0_placeholder\n","protected":false},"excerpt":{"rendered":"<p>1 wrze\u015bnia, po uroczystym rozpocz\u0119ciu roku szkolnego, uczniowie naszej szko\u0142y uczestniczyli w spotkaniu z z mistrzyni\u0105 i wicemistrzyni\u0105 olimpijsk\u0105 z Tokio Ma\u0142gorzat\u0105 Ho\u0142ub- Kowalik. Na wydarzenie do HRK wybrali si\u0119 przedstawiciele klas: 4b, 5a, 5c, 6a, 7d oraz 8a wraz z nauczycielami.&nbsp; Spotkanie z biegaczk\u0105 by\u0142o dla nas wszystkich wielkim i niezapomnianym prze\u017cyciem. To pi\u0119kne [&hellip;]<\/p>\n","protected":false},"author":2,"featured_media":0,"parent":5983,"menu_order":0,"comment_status":"closed","ping_status":"closed","template":"","meta":{"ngg_post_thumbnail":0,"footnotes":""},"class_list":["post-10442","page","type-page","status-publish","hentry"],"_links":{"self":[{"href":"https:\/\/sp1hrubieszow.pl\/index.php\/wp-json\/wp\/v2\/pages\/10442","targetHints":{"allow":["GET"]}}],"collection":[{"href":"https:\/\/sp1hrubieszow.pl\/index.php\/wp-json\/wp\/v2\/pages"}],"about":[{"href":"https:\/\/sp1hrubieszow.pl\/index.php\/wp-json\/wp\/v2\/types\/page"}],"author":[{"embeddable":true,"href":"https:\/\/sp1hrubieszow.pl\/index.php\/wp-json\/wp\/v2\/users\/2"}],"replies":[{"embeddable":true,"href":"https:\/\/sp1hrubieszow.pl\/index.php\/wp-json\/wp\/v2\/comments?post=10442"}],"version-history":[{"count":1,"href":"https:\/\/sp1hrubieszow.pl\/index.php\/wp-json\/wp\/v2\/pages\/10442\/revisions"}],"predecessor-version":[{"id":10443,"href":"https:\/\/sp1hrubieszow.pl\/index.php\/wp-json\/wp\/v2\/pages\/10442\/revisions\/10443"}],"up":[{"embeddable":true,"href":"https:\/\/sp1hrubieszow.pl\/index.php\/wp-json\/wp\/v2\/pages\/5983"}],"wp:attachment":[{"href":"https:\/\/sp1hrubieszow.pl\/index.php\/wp-json\/wp\/v2\/media?parent=10442"}],"curies":[{"name":"wp","href":"https:\/\/api.w.org\/{rel}","templated":true}]}}