{"id":10377,"date":"2021-08-31T14:31:36","date_gmt":"2021-08-31T12:31:36","guid":{"rendered":"http:\/\/sp1.hrubieszow.info\/?page_id=10377"},"modified":"2021-08-31T14:33:00","modified_gmt":"2021-08-31T12:33:00","slug":"stolowka-szkolna-informacje","status":"publish","type":"page","link":"https:\/\/sp1hrubieszow.pl\/index.php\/kronika-2020-2021\/stolowka-szkolna-informacje\/","title":{"rendered":"Sto\u0142\u00f3wka szkolna &#8211; informacje"},"content":{"rendered":"\n<p><span style=\"color: #000080;\">Zapraszamy do zapoznania si\u0119 z informacjami zwi\u0105zanymi z funkcjonowaniem szkolnej sto\u0142\u00f3wki. Jednocze\u015bnie informujemy, \u017ce wszelkie wiadomo\u015bci o sto\u0142\u00f3wce zamieszczane s\u0105 w zak\u0142adce UCZNIOWIE\/STO\u0141\u00d3WKA SZKOLNA.&nbsp;<\/span><\/p>\n<p><span style=\"color: #000080;\"><a style=\"color: #000080;\" href=\"http:\/\/sp1.hrubieszow.info\/wp-content\/uploads\/2021\/08\/jad\u0142ospis-nr-1.docx\"><strong>jad\u0142ospis nr 1<\/strong><\/a><\/span><\/p>\n<p><strong><span style=\"color: #000080;\"><a style=\"color: #000080;\" href=\"http:\/\/sp1.hrubieszow.info\/wp-content\/uploads\/2021\/08\/UWAGA-informacje-o-wp\u0142atach.docx\">UWAGA informacje o wp\u0142atach<\/a><\/span><\/strong><\/p>\n<p><strong><span style=\"color: #000080;\"><a style=\"color: #000080;\" href=\"http:\/\/sp1.hrubieszow.info\/wp-content\/uploads\/2021\/08\/Uwaga.docx\">Uwaga<\/a><\/span><\/strong><\/p>\n<p><strong><span style=\"color: #000080;\"><a style=\"color: #000080;\" href=\"http:\/\/sp1.hrubieszow.info\/wp-content\/uploads\/2021\/08\/Wnoszenie-op\u0142at-za-obiady.docx\">Wnoszenie op\u0142at za obiady<\/a><\/span><\/strong><\/p>\n","protected":false},"excerpt":{"rendered":"<p>Zapraszamy do zapoznania si\u0119 z informacjami zwi\u0105zanymi z funkcjonowaniem szkolnej sto\u0142\u00f3wki. Jednocze\u015bnie informujemy, \u017ce wszelkie wiadomo\u015bci o sto\u0142\u00f3wce zamieszczane s\u0105 w zak\u0142adce UCZNIOWIE\/STO\u0141\u00d3WKA SZKOLNA.&nbsp; jad\u0142ospis nr 1 UWAGA informacje o wp\u0142atach Uwaga Wnoszenie op\u0142at za obiady<\/p>\n","protected":false},"author":2,"featured_media":0,"parent":5983,"menu_order":0,"comment_status":"closed","ping_status":"closed","template":"","meta":{"ngg_post_thumbnail":0,"footnotes":""},"class_list":["post-10377","page","type-page","status-publish","hentry"],"_links":{"self":[{"href":"https:\/\/sp1hrubieszow.pl\/index.php\/wp-json\/wp\/v2\/pages\/10377","targetHints":{"allow":["GET"]}}],"collection":[{"href":"https:\/\/sp1hrubieszow.pl\/index.php\/wp-json\/wp\/v2\/pages"}],"about":[{"href":"https:\/\/sp1hrubieszow.pl\/index.php\/wp-json\/wp\/v2\/types\/page"}],"author":[{"embeddable":true,"href":"https:\/\/sp1hrubieszow.pl\/index.php\/wp-json\/wp\/v2\/users\/2"}],"replies":[{"embeddable":true,"href":"https:\/\/sp1hrubieszow.pl\/index.php\/wp-json\/wp\/v2\/comments?post=10377"}],"version-history":[{"count":1,"href":"https:\/\/sp1hrubieszow.pl\/index.php\/wp-json\/wp\/v2\/pages\/10377\/revisions"}],"predecessor-version":[{"id":10378,"href":"https:\/\/sp1hrubieszow.pl\/index.php\/wp-json\/wp\/v2\/pages\/10377\/revisions\/10378"}],"up":[{"embeddable":true,"href":"https:\/\/sp1hrubieszow.pl\/index.php\/wp-json\/wp\/v2\/pages\/5983"}],"wp:attachment":[{"href":"https:\/\/sp1hrubieszow.pl\/index.php\/wp-json\/wp\/v2\/media?parent=10377"}],"curies":[{"name":"wp","href":"https:\/\/api.w.org\/{rel}","templated":true}]}}