{"id":10350,"date":"2021-08-26T17:02:26","date_gmt":"2021-08-26T15:02:26","guid":{"rendered":"http:\/\/sp1.hrubieszow.info\/?page_id=10350"},"modified":"2021-08-26T17:02:59","modified_gmt":"2021-08-26T15:02:59","slug":"uroczyste-rozpoczecie-roku-szkolnego","status":"publish","type":"page","link":"https:\/\/sp1hrubieszow.pl\/index.php\/kronika-2020-2021\/uroczyste-rozpoczecie-roku-szkolnego\/","title":{"rendered":"UROCZYSTE ROZPOCZ\u0118CIE ROKU SZKOLNEGO"},"content":{"rendered":"\n<p><img loading=\"lazy\" decoding=\"async\" class=\"alignnone size-medium wp-image-10349 aligncenter\" src=\"http:\/\/sp1.hrubieszow.info\/wp-content\/uploads\/2021\/08\/OIF-300x141.jpg\" alt=\"\" width=\"300\" height=\"141\"><\/p>\n<p style=\"text-align: center;\"><span style=\"color: #000080;\"><strong>UROCZYSTE ROZPOCZ\u0118CIE ROKU SZKOLNEGO<\/strong><\/span><\/p>\n<p style=\"text-align: center;\"><span style=\"color: #000080;\"><strong>w Szkole Podstawowej Nr 1 w Hrubieszowie <\/strong><\/span><\/p>\n<p style=\"text-align: center;\"><span style=\"color: #000080;\"><strong>1 wrzesie\u0144 2021 r .<\/strong><\/span><\/p>\n<p style=\"text-align: center;\"><span style=\"color: #000080;\"><strong>godzina 8.00 &#8211; plac rekreacyjny .<\/strong><\/span><\/p>\n<p><span style=\"color: #000080;\"><strong>Informuj\u0119, \u017ce w razie niesprzyjaj\u0105cych &nbsp;warunk\u00f3w atmosferycznych spotkania uczni\u00f3w, rodzic\u00f3w&nbsp; z wychowawcami klas odb\u0119d\u0105 si\u0119 w&nbsp;salach lekcyjnych.<\/strong><\/span><\/p>\n<p><span style=\"color: #000080;\"><strong>Zasady bezpiecze\u0144stwa obowi\u0105zuj\u0105ce w szkole &nbsp;1 wrze\u015bnia 2021 r.<\/strong> <strong>(wytyczne MEiN, GIS i MZ):<\/strong><\/span><\/p>\n<ol>\n<li><span style=\"color: #000080;\">Uczniom klas 1-8 mo\u017ce towarzyszy\u0107 na terenie szko\u0142y tylko jeden rodzic\/opiekun.<\/span><\/li>\n<li><span style=\"color: #000080;\">Wszystkie osoby wchodz\u0105ce na teren szko\u0142y &nbsp;(uczniowie i rodzice) musz\u0105 &nbsp;zdezynfekowa\u0107 d\u0142onie.<\/span><\/li>\n<li><span style=\"color: #000080;\">W przestrzeni wsp\u00f3lnej obowi\u0105zuje maseczka oraz zachowanie dystansu (min. 1,5 m).<\/span><\/li>\n<li><span style=\"color: #000080;\">Podczas spotkania z wychowawc\u0105 w sali uczniowie mog\u0105 zdj\u0105\u0107 maseczk\u0119.<\/span><\/li>\n<\/ol>\n<p><span style=\"color: #000080;\"><strong>Msza \u015awi\u0119ta z okazji rozpocz\u0119cia roku szkolnego&nbsp; odb\u0119dzie si\u0119 5 wrze\u015bnia o godzinie 11.00 w Ko\u015bciele p.w. Ducha \u015awi\u0119tego w Hrubieszowie.<\/strong><\/span><\/p>\n<p><span style=\"color: #000080;\"><strong>&nbsp; <\/strong><\/span><\/p>\n<p><strong>&nbsp;<\/strong><\/p>\n","protected":false},"excerpt":{"rendered":"<p>UROCZYSTE ROZPOCZ\u0118CIE ROKU SZKOLNEGO w Szkole Podstawowej Nr 1 w Hrubieszowie 1 wrzesie\u0144 2021 r . godzina 8.00 &#8211; plac rekreacyjny . Informuj\u0119, \u017ce w razie niesprzyjaj\u0105cych &nbsp;warunk\u00f3w atmosferycznych spotkania uczni\u00f3w, rodzic\u00f3w&nbsp; z wychowawcami klas odb\u0119d\u0105 si\u0119 w&nbsp;salach lekcyjnych. Zasady bezpiecze\u0144stwa obowi\u0105zuj\u0105ce w szkole &nbsp;1 wrze\u015bnia 2021 r. (wytyczne MEiN, GIS i MZ): Uczniom klas [&hellip;]<\/p>\n","protected":false},"author":2,"featured_media":0,"parent":5983,"menu_order":0,"comment_status":"closed","ping_status":"closed","template":"","meta":{"ngg_post_thumbnail":0,"footnotes":""},"class_list":["post-10350","page","type-page","status-publish","hentry"],"_links":{"self":[{"href":"https:\/\/sp1hrubieszow.pl\/index.php\/wp-json\/wp\/v2\/pages\/10350","targetHints":{"allow":["GET"]}}],"collection":[{"href":"https:\/\/sp1hrubieszow.pl\/index.php\/wp-json\/wp\/v2\/pages"}],"about":[{"href":"https:\/\/sp1hrubieszow.pl\/index.php\/wp-json\/wp\/v2\/types\/page"}],"author":[{"embeddable":true,"href":"https:\/\/sp1hrubieszow.pl\/index.php\/wp-json\/wp\/v2\/users\/2"}],"replies":[{"embeddable":true,"href":"https:\/\/sp1hrubieszow.pl\/index.php\/wp-json\/wp\/v2\/comments?post=10350"}],"version-history":[{"count":1,"href":"https:\/\/sp1hrubieszow.pl\/index.php\/wp-json\/wp\/v2\/pages\/10350\/revisions"}],"predecessor-version":[{"id":10351,"href":"https:\/\/sp1hrubieszow.pl\/index.php\/wp-json\/wp\/v2\/pages\/10350\/revisions\/10351"}],"up":[{"embeddable":true,"href":"https:\/\/sp1hrubieszow.pl\/index.php\/wp-json\/wp\/v2\/pages\/5983"}],"wp:attachment":[{"href":"https:\/\/sp1hrubieszow.pl\/index.php\/wp-json\/wp\/v2\/media?parent=10350"}],"curies":[{"name":"wp","href":"https:\/\/api.w.org\/{rel}","templated":true}]}}