{"id":10326,"date":"2021-07-21T09:51:34","date_gmt":"2021-07-21T07:51:34","guid":{"rendered":"http:\/\/sp1.hrubieszow.info\/?page_id=10326"},"modified":"2021-07-21T09:52:01","modified_gmt":"2021-07-21T07:52:01","slug":"zawodylotto-grand-prix-polski-modeli-swobodnie-latajacych","status":"publish","type":"page","link":"https:\/\/sp1hrubieszow.pl\/index.php\/kronika-2020-2021\/zawodylotto-grand-prix-polski-modeli-swobodnie-latajacych\/","title":{"rendered":"Zawody\tLotto Grand Prix Polski Modeli Swobodnie Lataj\u0105cych"},"content":{"rendered":"\n<p><span style=\"color: #000080;\">W ostatni weekend w dniach 17-18.07.2021r. na lotnisku w Pile, <\/span><br><span style=\"color: #000080;\">rozegrano zawody Lotto Grand Prix Polski Modeli Swobodnie Lataj\u0105cych<\/span><br><span style=\"color: #000080;\">klasy F1A standard.<\/span><\/p>\n<p><span style=\"color: #000080;\">Kilkudziesi\u0119ciu zawodnik\u00f3w rywalizowa\u0142o w kategorii wiekowej junior oraz senior. W\u015br\u00f3d junior\u00f3w dwa pierwsze miejsca zaj\u0119li zawodnicy ze \u015arody Wielkopolskiej, a na najni\u017cszym stopniu podium stan\u0105\u0142 nasz zawodnik Pawe\u0142 Gumieniak, Kacper Ho\u0142uj zaj\u0105\u0142 6 miejsce. W&nbsp;kategorii wiekowej senior zwyci\u0119\u017cy\u0142&nbsp; zawodnik z Niemiec, drugie i trzecie miejsce zawodnicy z Pi\u0142y, a na pi\u0105tym miejscu instruktor Leszek Kryszczuk. <\/span><br><span style=\"color: #000080;\">Dru\u017cynowo zawodnicy z Hrubieszowa tu\u017c za podium na czwartym miejscu. Zwyci\u0119\u017cy\u0142a ekipa ze \u015arody Wielkopolskiej na drugim miejscu Pi\u0142a i na trzecim stopniu podium stan\u0119\u0142a dru\u017cyna z Bochni.<\/span><br><span style=\"color: #000080;\">Zawody zosta\u0142y przeprowadzone w bardzo dobrych warunkach atmosferycznych. Najm\u0142odsza grupa zawodnik\u00f3w startuj\u0105ca po raz pierwszy w&nbsp;tej klasie poradzi\u0142a sobie do\u015b\u0107 dobrze, zdobywaj\u0105c wysokie miejsca.<\/span><\/p>\n<p><span style=\"color: #000080;\"><strong><a style=\"color: #000080;\" href=\"http:\/\/sp1.hrubieszow.info\/wp-content\/uploads\/2021\/07\/img740.pdf\">dyplom<\/a><\/strong><\/span><\/p>\nngg_shortcode_0_placeholder\n","protected":false},"excerpt":{"rendered":"<p>W ostatni weekend w dniach 17-18.07.2021r. na lotnisku w Pile, rozegrano zawody Lotto Grand Prix Polski Modeli Swobodnie Lataj\u0105cychklasy F1A standard. Kilkudziesi\u0119ciu zawodnik\u00f3w rywalizowa\u0142o w kategorii wiekowej junior oraz senior. W\u015br\u00f3d junior\u00f3w dwa pierwsze miejsca zaj\u0119li zawodnicy ze \u015arody Wielkopolskiej, a na najni\u017cszym stopniu podium stan\u0105\u0142 nasz zawodnik Pawe\u0142 Gumieniak, Kacper Ho\u0142uj zaj\u0105\u0142 6 miejsce. [&hellip;]<\/p>\n","protected":false},"author":2,"featured_media":0,"parent":5983,"menu_order":0,"comment_status":"closed","ping_status":"closed","template":"","meta":{"ngg_post_thumbnail":0,"footnotes":""},"class_list":["post-10326","page","type-page","status-publish","hentry"],"_links":{"self":[{"href":"https:\/\/sp1hrubieszow.pl\/index.php\/wp-json\/wp\/v2\/pages\/10326","targetHints":{"allow":["GET"]}}],"collection":[{"href":"https:\/\/sp1hrubieszow.pl\/index.php\/wp-json\/wp\/v2\/pages"}],"about":[{"href":"https:\/\/sp1hrubieszow.pl\/index.php\/wp-json\/wp\/v2\/types\/page"}],"author":[{"embeddable":true,"href":"https:\/\/sp1hrubieszow.pl\/index.php\/wp-json\/wp\/v2\/users\/2"}],"replies":[{"embeddable":true,"href":"https:\/\/sp1hrubieszow.pl\/index.php\/wp-json\/wp\/v2\/comments?post=10326"}],"version-history":[{"count":1,"href":"https:\/\/sp1hrubieszow.pl\/index.php\/wp-json\/wp\/v2\/pages\/10326\/revisions"}],"predecessor-version":[{"id":10327,"href":"https:\/\/sp1hrubieszow.pl\/index.php\/wp-json\/wp\/v2\/pages\/10326\/revisions\/10327"}],"up":[{"embeddable":true,"href":"https:\/\/sp1hrubieszow.pl\/index.php\/wp-json\/wp\/v2\/pages\/5983"}],"wp:attachment":[{"href":"https:\/\/sp1hrubieszow.pl\/index.php\/wp-json\/wp\/v2\/media?parent=10326"}],"curies":[{"name":"wp","href":"https:\/\/api.w.org\/{rel}","templated":true}]}}