{"id":10269,"date":"2021-07-16T20:15:29","date_gmt":"2021-07-16T18:15:29","guid":{"rendered":"http:\/\/sp1.hrubieszow.info\/?page_id=10269"},"modified":"2021-07-16T20:16:06","modified_gmt":"2021-07-16T18:16:06","slug":"program-dobry-start-swiadczenie-300","status":"publish","type":"page","link":"https:\/\/sp1hrubieszow.pl\/index.php\/kronika-2020-2021\/program-dobry-start-swiadczenie-300\/","title":{"rendered":"Program DOBRY START \u015bwiadczenie 300+"},"content":{"rendered":"\n<p><span style=\"color: #000080;\">B\u0119dziesz stara\u0142 si\u0119 o \u015bwiadczenie 300+, musisz wiedzie\u0107, \u017ce:<\/span><\/p>\n<p><span style=\"color: #000080;\">1)&nbsp;&nbsp;&nbsp;&nbsp;&nbsp; Wniosek o \u015bwiadczenie 300+ b\u0119dziesz m\u00f3g\u0142 z\u0142o\u017cy\u0107 wy\u0142\u0105cznie drog\u0105 elektroniczn\u0105, za po\u015brednictwem:<\/span><\/p>\n<p><span style=\"color: #000080;\">\uf0b7&nbsp;&nbsp;&nbsp;&nbsp;&nbsp;&nbsp;&nbsp;&nbsp; Platformy Us\u0142ug Elektronicznych (PUE) ZUS,<\/span><\/p>\n<p><span style=\"color: #000080;\">\uf0b7&nbsp;&nbsp;&nbsp;&nbsp;&nbsp;&nbsp;&nbsp;&nbsp; bankowo\u015bci elektronicznej &nbsp;&nbsp;(15 bank\u00f3w),<\/span><\/p>\n<p><span style=\"color: #000080;\">\uf0b7&nbsp;&nbsp;&nbsp;&nbsp;&nbsp;&nbsp;&nbsp;&nbsp; portalu emp@tia,<\/span><\/p>\n<p><span style=\"color: #000080;\">2)&nbsp;&nbsp;&nbsp;&nbsp;&nbsp; \u015awiadczenie otrzymasz wy\u0142\u0105cznie na rachunek bankowy,<\/span><\/p>\n<p><span style=\"color: #000080;\">3)&nbsp;&nbsp;&nbsp;&nbsp;&nbsp; Obs\u0142ug\u0119 \u015bwiadczenia przejmuje Zak\u0142ad Ubezpiecze\u0144 Spo\u0142ecznych.<\/span><\/p>\n<p><span style=\"color: #000080;\">Wi\u0119cej informacji na temat \u015bwiadczenia 300+ znajd\u0105 Pa\u0144stwo pod linkiem \u2013 <a style=\"color: #000080;\" href=\"https:\/\/www.zus.pl\/baza-wiedzy\/program-dobry-start\">https:\/\/www.zus.pl\/baza-wiedzy\/program-dobry-start<\/a><\/span><\/p>\n<p><img loading=\"lazy\" decoding=\"async\" class=\"alignnone size-medium wp-image-10268\" src=\"http:\/\/sp1.hrubieszow.info\/wp-content\/uploads\/2021\/07\/infografika-Dobry-Start-300-poziom-1-300x246.png\" alt=\"\" width=\"300\" height=\"246\" srcset=\"https:\/\/sp1hrubieszow.pl\/wp-content\/uploads\/2021\/07\/infografika-Dobry-Start-300-poziom-1-300x246.png 300w, https:\/\/sp1hrubieszow.pl\/wp-content\/uploads\/2021\/07\/infografika-Dobry-Start-300-poziom-1-768x629.png 768w, https:\/\/sp1hrubieszow.pl\/wp-content\/uploads\/2021\/07\/infografika-Dobry-Start-300-poziom-1-1024x838.png 1024w, https:\/\/sp1hrubieszow.pl\/wp-content\/uploads\/2021\/07\/infografika-Dobry-Start-300-poziom-1-624x511.png 624w, https:\/\/sp1hrubieszow.pl\/wp-content\/uploads\/2021\/07\/infografika-Dobry-Start-300-poziom-1.png 1319w\" sizes=\"auto, (max-width: 300px) 100vw, 300px\" \/><\/p>\n<p><img loading=\"lazy\" decoding=\"async\" class=\"alignnone size-medium wp-image-10267\" src=\"http:\/\/sp1.hrubieszow.info\/wp-content\/uploads\/2021\/07\/infografika-Dobry-Start-300-info-og\u00f3lne-2-300x166.png\" alt=\"\" width=\"300\" height=\"166\" srcset=\"https:\/\/sp1hrubieszow.pl\/wp-content\/uploads\/2021\/07\/infografika-Dobry-Start-300-info-og\u00f3lne-2-300x166.png 300w, https:\/\/sp1hrubieszow.pl\/wp-content\/uploads\/2021\/07\/infografika-Dobry-Start-300-info-og\u00f3lne-2-768x426.png 768w, https:\/\/sp1hrubieszow.pl\/wp-content\/uploads\/2021\/07\/infografika-Dobry-Start-300-info-og\u00f3lne-2-1024x568.png 1024w, https:\/\/sp1hrubieszow.pl\/wp-content\/uploads\/2021\/07\/infografika-Dobry-Start-300-info-og\u00f3lne-2-624x346.png 624w, https:\/\/sp1hrubieszow.pl\/wp-content\/uploads\/2021\/07\/infografika-Dobry-Start-300-info-og\u00f3lne-2.png 1946w\" sizes=\"auto, (max-width: 300px) 100vw, 300px\" \/><\/p>\n<p>&nbsp;<\/p>\n","protected":false},"excerpt":{"rendered":"<p>B\u0119dziesz stara\u0142 si\u0119 o \u015bwiadczenie 300+, musisz wiedzie\u0107, \u017ce: 1)&nbsp;&nbsp;&nbsp;&nbsp;&nbsp; Wniosek o \u015bwiadczenie 300+ b\u0119dziesz m\u00f3g\u0142 z\u0142o\u017cy\u0107 wy\u0142\u0105cznie drog\u0105 elektroniczn\u0105, za po\u015brednictwem: \uf0b7&nbsp;&nbsp;&nbsp;&nbsp;&nbsp;&nbsp;&nbsp;&nbsp; Platformy Us\u0142ug Elektronicznych (PUE) ZUS, \uf0b7&nbsp;&nbsp;&nbsp;&nbsp;&nbsp;&nbsp;&nbsp;&nbsp; bankowo\u015bci elektronicznej &nbsp;&nbsp;(15 bank\u00f3w), \uf0b7&nbsp;&nbsp;&nbsp;&nbsp;&nbsp;&nbsp;&nbsp;&nbsp; portalu emp@tia, 2)&nbsp;&nbsp;&nbsp;&nbsp;&nbsp; \u015awiadczenie otrzymasz wy\u0142\u0105cznie na rachunek bankowy, 3)&nbsp;&nbsp;&nbsp;&nbsp;&nbsp; Obs\u0142ug\u0119 \u015bwiadczenia przejmuje Zak\u0142ad Ubezpiecze\u0144 Spo\u0142ecznych. Wi\u0119cej informacji na temat \u015bwiadczenia [&hellip;]<\/p>\n","protected":false},"author":2,"featured_media":0,"parent":5983,"menu_order":0,"comment_status":"closed","ping_status":"closed","template":"","meta":{"ngg_post_thumbnail":0,"footnotes":""},"class_list":["post-10269","page","type-page","status-publish","hentry"],"_links":{"self":[{"href":"https:\/\/sp1hrubieszow.pl\/index.php\/wp-json\/wp\/v2\/pages\/10269","targetHints":{"allow":["GET"]}}],"collection":[{"href":"https:\/\/sp1hrubieszow.pl\/index.php\/wp-json\/wp\/v2\/pages"}],"about":[{"href":"https:\/\/sp1hrubieszow.pl\/index.php\/wp-json\/wp\/v2\/types\/page"}],"author":[{"embeddable":true,"href":"https:\/\/sp1hrubieszow.pl\/index.php\/wp-json\/wp\/v2\/users\/2"}],"replies":[{"embeddable":true,"href":"https:\/\/sp1hrubieszow.pl\/index.php\/wp-json\/wp\/v2\/comments?post=10269"}],"version-history":[{"count":1,"href":"https:\/\/sp1hrubieszow.pl\/index.php\/wp-json\/wp\/v2\/pages\/10269\/revisions"}],"predecessor-version":[{"id":10270,"href":"https:\/\/sp1hrubieszow.pl\/index.php\/wp-json\/wp\/v2\/pages\/10269\/revisions\/10270"}],"up":[{"embeddable":true,"href":"https:\/\/sp1hrubieszow.pl\/index.php\/wp-json\/wp\/v2\/pages\/5983"}],"wp:attachment":[{"href":"https:\/\/sp1hrubieszow.pl\/index.php\/wp-json\/wp\/v2\/media?parent=10269"}],"curies":[{"name":"wp","href":"https:\/\/api.w.org\/{rel}","templated":true}]}}