{"id":10263,"date":"2021-07-16T08:58:19","date_gmt":"2021-07-16T06:58:19","guid":{"rendered":"http:\/\/sp1.hrubieszow.info\/?page_id=10263"},"modified":"2021-07-16T08:58:34","modified_gmt":"2021-07-16T06:58:34","slug":"jedynka-bedzie-miala-nowa-sale-gimnastyczna","status":"publish","type":"page","link":"https:\/\/sp1hrubieszow.pl\/index.php\/kronika-2020-2021\/jedynka-bedzie-miala-nowa-sale-gimnastyczna\/","title":{"rendered":",,Jedynka\u201d b\u0119dzie mia\u0142a now\u0105 sal\u0119 gimnastyczn\u0105"},"content":{"rendered":"\n<p><span style=\"color: #000080;\">Budowa sali gimnastycznej to d\u0142ugo oczekiwana inwestycja, na kt\u00f3r\u0105 czekali\u015bmy cierpliwie. Dzi\u0119ki staraniom Burmistrz Miasta Hrubieszowa Pani Marcie Majewskiej oraz pracownik\u00f3w Wydzia\u0142u Inwestycji i Rozwoju Urz\u0119du Miasta Hrubieszowie &#8211; mamy to!<\/span><br><span style=\"color: #000080;\">14 lipca 2021 r. w budynku Szko\u0142y Podstawowej Nr 1 w Hrubieszowie podpisano umow\u0119 na wyczekan\u0105 przez pokolenia ,,Jedynki\u2019\u2019 budow\u0119 sali gimnastycznej. Umow\u0119 podpisa\u0142a Pani Marta Majewska Burmistrz Miasta Hrubieszowa z wykonawc\u0105, a jest to &#8211; Firma \u201eREM-BUD-I\u201d Bronis\u0142aw Dr\u0105g Sp\u00f3\u0142ka Jawna ze Stalowej Woli.<\/span><br><span style=\"color: #000080;\">Przy podpisaniu uczestniczyli tak\u017ce pracownicy Wydzia\u0142u Inwestycji i Rozwoju Urz\u0119du Miasta Hrubiesz\u00f3w, Naczelnik Wydzia\u0142u Pan Przemys\u0142aw Podskarbi, inspektor ds. realizacji projekt\u00f3w &#8211; Pani Anna \u0141oma\u0144ska i inspektor ds. budownictwa i inwestycji Pan Henryk Demendecki. <\/span><br><span style=\"color: #000080;\">Koszt wykonania ca\u0142ej inwestycji wyniesie 4 327 041 z\u0142, z czego 1 983 300 z\u0142 pochodzi z Funduszu Rozwoju Kultury Fizycznej. Inwestycja obejmuje wybudowanie nowej sali gimnastycznej o wymiarach 30,10m x 16,70m oraz nadbudowy cz\u0119\u015bci istniej\u0105cej ju\u017c sali i przebudowy zaplecza sanitarno-szatniowego. Czas realizacji to nieca\u0142e p\u00f3\u0142tora roku.<\/span><\/p>\n<p style=\"text-align: center;\"><br><span style=\"color: #000080;\">Dzi\u0119kujemy.<\/span><\/p>\nngg_shortcode_0_placeholder\n","protected":false},"excerpt":{"rendered":"<p>Budowa sali gimnastycznej to d\u0142ugo oczekiwana inwestycja, na kt\u00f3r\u0105 czekali\u015bmy cierpliwie. Dzi\u0119ki staraniom Burmistrz Miasta Hrubieszowa Pani Marcie Majewskiej oraz pracownik\u00f3w Wydzia\u0142u Inwestycji i Rozwoju Urz\u0119du Miasta Hrubieszowie &#8211; mamy to!14 lipca 2021 r. w budynku Szko\u0142y Podstawowej Nr 1 w Hrubieszowie podpisano umow\u0119 na wyczekan\u0105 przez pokolenia ,,Jedynki\u2019\u2019 budow\u0119 sali gimnastycznej. Umow\u0119 podpisa\u0142a Pani [&hellip;]<\/p>\n","protected":false},"author":2,"featured_media":0,"parent":5983,"menu_order":0,"comment_status":"closed","ping_status":"closed","template":"","meta":{"ngg_post_thumbnail":0,"footnotes":""},"class_list":["post-10263","page","type-page","status-publish","hentry"],"_links":{"self":[{"href":"https:\/\/sp1hrubieszow.pl\/index.php\/wp-json\/wp\/v2\/pages\/10263","targetHints":{"allow":["GET"]}}],"collection":[{"href":"https:\/\/sp1hrubieszow.pl\/index.php\/wp-json\/wp\/v2\/pages"}],"about":[{"href":"https:\/\/sp1hrubieszow.pl\/index.php\/wp-json\/wp\/v2\/types\/page"}],"author":[{"embeddable":true,"href":"https:\/\/sp1hrubieszow.pl\/index.php\/wp-json\/wp\/v2\/users\/2"}],"replies":[{"embeddable":true,"href":"https:\/\/sp1hrubieszow.pl\/index.php\/wp-json\/wp\/v2\/comments?post=10263"}],"version-history":[{"count":1,"href":"https:\/\/sp1hrubieszow.pl\/index.php\/wp-json\/wp\/v2\/pages\/10263\/revisions"}],"predecessor-version":[{"id":10264,"href":"https:\/\/sp1hrubieszow.pl\/index.php\/wp-json\/wp\/v2\/pages\/10263\/revisions\/10264"}],"up":[{"embeddable":true,"href":"https:\/\/sp1hrubieszow.pl\/index.php\/wp-json\/wp\/v2\/pages\/5983"}],"wp:attachment":[{"href":"https:\/\/sp1hrubieszow.pl\/index.php\/wp-json\/wp\/v2\/media?parent=10263"}],"curies":[{"name":"wp","href":"https:\/\/api.w.org\/{rel}","templated":true}]}}