{"id":10234,"date":"2021-07-16T08:41:48","date_gmt":"2021-07-16T06:41:48","guid":{"rendered":"http:\/\/sp1.hrubieszow.info\/?page_id=10234"},"modified":"2021-07-16T08:47:09","modified_gmt":"2021-07-16T06:47:09","slug":"projekt-ruszaj-na-rower-z-orlen-paliwa","status":"publish","type":"page","link":"https:\/\/sp1hrubieszow.pl\/index.php\/kronika-2020-2021\/projekt-ruszaj-na-rower-z-orlen-paliwa\/","title":{"rendered":"Projekt  \u201eRuszaj na rower z ORLEN Paliwa&#8221;"},"content":{"rendered":"\n<p class=\"gwp569c09c9_MsoNormal\"><span style=\"color: #000080;\"><strong><img loading=\"lazy\" decoding=\"async\" class=\"size-medium wp-image-10227 aligncenter\" src=\"http:\/\/sp1.hrubieszow.info\/wp-content\/uploads\/2021\/07\/image002-300x82.jpg\" alt=\"\" width=\"300\" height=\"82\" srcset=\"https:\/\/sp1hrubieszow.pl\/wp-content\/uploads\/2021\/07\/image002-300x82.jpg 300w, https:\/\/sp1hrubieszow.pl\/wp-content\/uploads\/2021\/07\/image002-768x211.jpg 768w, https:\/\/sp1hrubieszow.pl\/wp-content\/uploads\/2021\/07\/image002-1024x281.jpg 1024w, https:\/\/sp1hrubieszow.pl\/wp-content\/uploads\/2021\/07\/image002-624x171.jpg 624w, https:\/\/sp1hrubieszow.pl\/wp-content\/uploads\/2021\/07\/image002.jpg 1245w\" sizes=\"auto, (max-width: 300px) 100vw, 300px\" \/><\/strong><\/span><\/p>\n<p class=\"gwp569c09c9_MsoNormal\"><span style=\"color: #000080;\"><strong>Szanowni Pa\u0144stwo,<\/strong><\/span><\/p>\n<p class=\"gwp569c09c9_MsoNormal\"><span style=\"color: #000080;\">Sp\u00f3\u0142ka ORLEN Paliwa przygotowa\u0142a projekt skierowany do dzieci w wieku 6 \u2013 11 lat, maj\u0105cy na celu&nbsp;<strong>upowszechnianie aktywno\u015bci sportowej<\/strong>&nbsp;w\u015br\u00f3d dzieci poprzez zabaw\u0119 i edukacj\u0119 w zakresie jazdy na rowerze oraz kolarstwa. Projekt b\u0119dzie prowadzony przy wsp\u00f3\u0142pracy z Czes\u0142awem Langiem, wicemistrzem olimpijskim, organizatorem Tour de Pologne Junior.<\/span><\/p>\n<p class=\"gwp569c09c9_MsoNormal\"><span style=\"color: #000080;\">Projekt zosta\u0142 zatytu\u0142owany \u201e<strong><em>Ruszaj na rower z ORLEN Paliwa<\/em><\/strong>&#8221; i b\u0119dzie trwa\u0142 w okresie od 30 czerwca do 15 wrze\u015bnia br.<\/span><\/p>\n<p class=\"gwp569c09c9_MsoNormal\"><span style=\"color: #000080;\">Maj\u0105c na uwadze zachowanie bezpiecze\u0144stwa zwi\u0105zanego z Covid-19, Projekt zosta\u0142 przygotowany&nbsp;<strong>w formie on-line<\/strong>, z wykorzystaniem platformy Zoom.<\/span><\/p>\n<p class=\"gwp569c09c9_MsoNormal\"><span style=\"color: #000080;\"><strong>W ramach Projektu zosta\u0142o zaplanowanych 9 spotka\u0144 on-line, podczas kt\u00f3rych dzieci m. in.:<\/strong><\/span><\/p>\n<p class=\"gwp569c09c9_MsoListParagraph\"><span style=\"color: #000080;\">\u00b7&nbsp;&nbsp;&nbsp;&nbsp;&nbsp;&nbsp;&nbsp;poznaj\u0105 wicemistrza olimpijskiego, Czes\u0142awa Langa oraz jego drog\u0119 do sukcesu,<\/span><\/p>\n<p class=\"gwp569c09c9_MsoListParagraph\"><span style=\"color: #000080;\">\u00b7&nbsp;&nbsp;&nbsp;&nbsp;&nbsp;&nbsp;&nbsp;dowiedz\u0105 si\u0119 od ekspert\u00f3w ciekawych informacji o kolarstwie,<\/span><\/p>\n<p class=\"gwp569c09c9_MsoListParagraph\"><span style=\"color: #000080;\">\u00b7&nbsp;&nbsp;&nbsp;&nbsp;&nbsp;&nbsp;&nbsp;poznaj\u0105 m\u0142odego kolarza, uczestnika Tour de Pologne Junior,<\/span><\/p>\n<p class=\"gwp569c09c9_MsoListParagraph\"><span style=\"color: #000080;\">\u00b7&nbsp;&nbsp;&nbsp;&nbsp;&nbsp;&nbsp;&nbsp;poznaj\u0105 zasady bezpiecznej jazdy na rowerze,<\/span><\/p>\n<p class=\"gwp569c09c9_MsoListParagraph\"><span style=\"color: #000080;\">\u00b7&nbsp;&nbsp;&nbsp;&nbsp;&nbsp;&nbsp;&nbsp;wezm\u0105 udzia\u0142 w zabawach i konkursach z nagrodami.<\/span><\/p>\n<p class=\"gwp569c09c9_MsoNormal\"><span style=\"color: #000080;\"><strong>&nbsp;<\/strong>Projekt zak\u0142ada wiele ciekawych spotka\u0144 on-line oraz konkurs\u00f3w,&nbsp;w ramach kt\u00f3rych mo\u017cna wygra\u0107 atrakcyjne nagrody, udzia\u0142 w paradzie Tour de Pologne Junior w Krakowie, a tak\u017ce bony do Decathlon.<\/span><\/p>\n<p class=\"gwp569c09c9_MsoNormal\"><span style=\"color: #000080;\">W zwi\u0105zku z powy\u017cszym zapraszamy dzieci w wieku 6-11 lat&nbsp; do udzia\u0142u w naszym Projekcie.<\/span><\/p>\n<p class=\"gwp569c09c9_Default\" style=\"text-align: right;\"><span style=\"color: #000080;\">Pozdrawiamy,<\/span><\/p>\n<p class=\"gwp569c09c9_Default\" style=\"text-align: right;\"><span style=\"color: #000080;\"><strong>&nbsp;<\/strong><strong>Dzia\u0142 Marketingu i Komunikacji<\/strong><\/span><\/p>\n<p class=\"gwp569c09c9_Default\" style=\"text-align: right;\"><span style=\"color: #000080;\"><strong>ORLEN PALIWA<\/strong><\/span><\/p>\n<p>&nbsp;<\/p>\n<p><img loading=\"lazy\" decoding=\"async\" class=\"alignnone size-full wp-image-10228\" src=\"http:\/\/sp1.hrubieszow.info\/wp-content\/uploads\/2021\/07\/Logo.png\" alt=\"\" width=\"293\" height=\"100\"><\/p>\n<p><span style=\"color: #000080;\"><a style=\"color: #000080;\" href=\"http:\/\/sp1.hrubieszow.info\/wp-content\/uploads\/2021\/07\/agenda_spotka\u0144.pdf\"><strong>agenda_spotka\u0144<\/strong><\/a><\/span><\/p>\n<p><span style=\"color: #000080;\"><strong><a style=\"color: #000080;\" href=\"http:\/\/sp1.hrubieszow.info\/wp-content\/uploads\/2021\/07\/Regulamin-skan-podpisany.pdf\">Regulamin skan podpisany<\/a><\/strong><\/span><\/p>\n<p><strong><span style=\"color: #000080;\"><a style=\"color: #000080;\" href=\"http:\/\/sp1.hrubieszow.info\/wp-content\/uploads\/2021\/07\/Cz\u0119\u015b\u0107-7.eml_.txt\">list<\/a><\/span><\/strong><\/p>\n<p><span style=\"color: #000080;\"><strong><a style=\"color: #000080;\" href=\"http:\/\/sp1.hrubieszow.info\/wp-content\/uploads\/2021\/07\/Za\u0142\u0105cznik-nr-1.pdf\">Za\u0142\u0105cznik nr 1<\/a><\/strong><\/span><\/p>\n<p><span style=\"color: #000080;\"><strong><a style=\"color: #000080;\" href=\"http:\/\/sp1.hrubieszow.info\/wp-content\/uploads\/2021\/07\/Za\u0142\u0105cznik-nr-2.pdf\">Za\u0142\u0105cznik nr 2<\/a><\/strong><\/span><\/p>\n<p><span style=\"color: #000080;\"><strong><a style=\"color: #000080;\" href=\"http:\/\/sp1.hrubieszow.info\/wp-content\/uploads\/2021\/07\/Za\u0142\u0105cznik-nr-3.pdf\">Za\u0142\u0105cznik nr 3<\/a><\/strong><\/span><\/p>\n<p>&nbsp;<\/p>\n<p class=\"gwp569c09c9_Default\">&nbsp;<\/p>\n","protected":false},"excerpt":{"rendered":"<p>Szanowni Pa\u0144stwo, Sp\u00f3\u0142ka ORLEN Paliwa przygotowa\u0142a projekt skierowany do dzieci w wieku 6 \u2013 11 lat, maj\u0105cy na celu&nbsp;upowszechnianie aktywno\u015bci sportowej&nbsp;w\u015br\u00f3d dzieci poprzez zabaw\u0119 i edukacj\u0119 w zakresie jazdy na rowerze oraz kolarstwa. Projekt b\u0119dzie prowadzony przy wsp\u00f3\u0142pracy z Czes\u0142awem Langiem, wicemistrzem olimpijskim, organizatorem Tour de Pologne Junior. Projekt zosta\u0142 zatytu\u0142owany \u201eRuszaj na rower z [&hellip;]<\/p>\n","protected":false},"author":2,"featured_media":0,"parent":5983,"menu_order":0,"comment_status":"closed","ping_status":"closed","template":"","meta":{"ngg_post_thumbnail":0,"footnotes":""},"class_list":["post-10234","page","type-page","status-publish","hentry"],"_links":{"self":[{"href":"https:\/\/sp1hrubieszow.pl\/index.php\/wp-json\/wp\/v2\/pages\/10234","targetHints":{"allow":["GET"]}}],"collection":[{"href":"https:\/\/sp1hrubieszow.pl\/index.php\/wp-json\/wp\/v2\/pages"}],"about":[{"href":"https:\/\/sp1hrubieszow.pl\/index.php\/wp-json\/wp\/v2\/types\/page"}],"author":[{"embeddable":true,"href":"https:\/\/sp1hrubieszow.pl\/index.php\/wp-json\/wp\/v2\/users\/2"}],"replies":[{"embeddable":true,"href":"https:\/\/sp1hrubieszow.pl\/index.php\/wp-json\/wp\/v2\/comments?post=10234"}],"version-history":[{"count":2,"href":"https:\/\/sp1hrubieszow.pl\/index.php\/wp-json\/wp\/v2\/pages\/10234\/revisions"}],"predecessor-version":[{"id":10237,"href":"https:\/\/sp1hrubieszow.pl\/index.php\/wp-json\/wp\/v2\/pages\/10234\/revisions\/10237"}],"up":[{"embeddable":true,"href":"https:\/\/sp1hrubieszow.pl\/index.php\/wp-json\/wp\/v2\/pages\/5983"}],"wp:attachment":[{"href":"https:\/\/sp1hrubieszow.pl\/index.php\/wp-json\/wp\/v2\/media?parent=10234"}],"curies":[{"name":"wp","href":"https:\/\/api.w.org\/{rel}","templated":true}]}}