{"id":10217,"date":"2021-06-29T14:32:27","date_gmt":"2021-06-29T12:32:27","guid":{"rendered":"http:\/\/sp1.hrubieszow.info\/?page_id=10217"},"modified":"2021-06-29T14:35:07","modified_gmt":"2021-06-29T12:35:07","slug":"mysle-pozytywnie-zadanie-na-czerwiec-eko-rozwiazania-dla-naszej-szkoly","status":"publish","type":"page","link":"https:\/\/sp1hrubieszow.pl\/index.php\/kronika-2020-2021\/mysle-pozytywnie-zadanie-na-czerwiec-eko-rozwiazania-dla-naszej-szkoly\/","title":{"rendered":"My\u015bl\u0119 Pozytywnie \u2013 Zadanie na czerwiec Eko-rozwi\u0105zania dla naszej szko\u0142y"},"content":{"rendered":"\n<div dir=\"auto\"><span style=\"color: #000080;\">W czerwcu, nie bez przyczyny, podejmowali\u015bmy temat \u015brodowiska naturalnego, gdy\u017c wi\u0119cej czasu sp\u0119dzali\u015bmy na \u015bwie\u017cym powietrzu (m.in. prowadz\u0105c lekcje na terenach zielonych dooko\u0142a szko\u0142y). Jest to co\u015b, czego do\u015bwiadczaj\u0105 nasi uczniowie i uczennice bezpo\u015brednio ka\u017cdego dnia, wszystkimi swoimi zmys\u0142ami. Wygl\u0105d budynku, wyposa\u017cenie, estetyka, d\u017awi\u0119ki, zapachy, nat\u0119\u017cenie \u015bwiat\u0142a \u2013 to wszystko pozostaje nie bez wp\u0142ywu na ich samopoczucie, emocje, spos\u00f3b budowania relacji z r\u00f3wie\u015bnikami, nauczycielami, wychowawcami i pracownikami szko\u0142y.<\/span><\/div>\n<div dir=\"auto\"><span style=\"color: #000080;\">Czy ta przestrze\u0144 mo\u017ce by\u0107 bardziej sprzyjaj\u0105ca \u015brodowisku? Jak to zrobi\u0107, \u017ceby dba\u0107 o klimat zar\u00f3wno pod k\u0105tem psychicznym, jak i \u015brodowiskowym?<\/span><\/div>\n<div dir=\"auto\"><span style=\"color: #000080;\">Na te i inne pytania poszukiwali\u015bmy odpowiedzi, poprzez wsp\u00f3lne wyj\u015bcia, wycieczki, zaj\u0119cia z wychowawc\u0105 oraz wykonywanie plakat\u00f3w, prac plastycznych i map my\u015bli dotycz\u0105cych Eko-rozwi\u0105za\u0144 dla naszej szko\u0142y. W\u015br\u00f3d wspania\u0142ych pomys\u0142\u00f3w naszych uczni\u00f3w znalaz\u0142y si\u0119: ogr\u00f3dek warzywny wok\u00f3\u0142 szko\u0142y, poide\u0142ka z wod\u0105 dla uczni\u00f3w wewn\u0105trz budynku i kolorowe tabliczki zach\u0119caj\u0105ce uczni\u00f3w do utrzymania porz\u0105dku wok\u00f3\u0142 siebie oraz do segregacji odpad\u00f3w. Uczniowie u\u015bwiadamiali sobie tak\u017ce, \u017ce &#8222;porz\u0105dek wok\u00f3\u0142 nas to tak\u017ce porz\u0105dek w g\u0142owie&#8221;, bowiem lepiej i spokojniej \u017cyje si\u0119 w zr\u00f3wnowa\u017conym , czystym \u015brodowisku oraz w kontakcie z natur\u0105 i pi\u0119knem architektury. Uczniowie klasy IVc (wych.p. Anna Lewandowska)obok urz\u0105dzenia &#8222;pikniku na szkolnym trawniku&#8221; odwiedzili w czerwcu farm\u0119 alpak\u00f3w, park linowy, Cerkiew prawos\u0142awn\u0105 oraz obejrzeli przedstawienie w HDK. Uczniowie klasy VIIIc (wych.p.Marta Lackowska) pracowali w grupach nad wykonywaniem plakat\u00f3w z eko-rozwi\u0105zaniami oraz wzi\u0119li udzia\u0142 w zaj\u0119ciach wychowawczych wed\u0142ug scenaiusz Katarzyny Skolimowskiej FitEdukacja. Uczniowie klas IIa (wych.p.Renata Pacza\u0142a), IIIa (wych. p.Ma\u0142gorzata Serafin),IIIb (wych. p.Monika Korneluk), VIc (wych. p.Monika Anigacz) wykonywali pi\u0119kne prace plastyczne, zach\u0119caj\u0105ce do eko-rozwi\u0105za\u0144 w \u017cyciu codziennym. Miejmy nadziej\u0119, \u017ce nasi uczniowie b\u0119d\u0105 potrafili doceni\u0107 w swoim \u017cyciu kontakt z natur\u0105 oraz b\u0119d\u0105 czuli potrzeb\u0119 dbania o nasze \u015brodowisko naturalne i przestrze\u0144 szkoln\u0105.<\/span><\/div>\n<div dir=\"auto\">&nbsp;<\/div>\n<div dir=\"auto\" style=\"text-align: right;\"><span style=\"color: #000080;\">Koordynator &#8222;Szko\u0142y My\u015blenia Pozytywnego&#8221; w SP 1 Hrubiesz\u00f3w- Marta Kuczy\u0144ska<\/span><\/div>\n<div dir=\"auto\">&nbsp;<\/div>\n<div dir=\"auto\"><strong><span style=\"color: #000080;\"><a style=\"color: #000080;\" href=\"http:\/\/sp1.hrubieszow.info\/wp-content\/uploads\/2021\/06\/Porz\u0105dek-w-g\u0142owie-porz\u0105dek-wok\u00f3\u0142-klasy-4c.pptx\">Porz\u0105dek w g\u0142owie, porz\u0105dek wok\u00f3\u0142 klasy 4c<\/a><\/span><\/strong><\/div>\n<div dir=\"auto\">\nngg_shortcode_0_placeholder\n<\/div>\n","protected":false},"excerpt":{"rendered":"<p>W czerwcu, nie bez przyczyny, podejmowali\u015bmy temat \u015brodowiska naturalnego, gdy\u017c wi\u0119cej czasu sp\u0119dzali\u015bmy na \u015bwie\u017cym powietrzu (m.in. prowadz\u0105c lekcje na terenach zielonych dooko\u0142a szko\u0142y). Jest to co\u015b, czego do\u015bwiadczaj\u0105 nasi uczniowie i uczennice bezpo\u015brednio ka\u017cdego dnia, wszystkimi swoimi zmys\u0142ami. Wygl\u0105d budynku, wyposa\u017cenie, estetyka, d\u017awi\u0119ki, zapachy, nat\u0119\u017cenie \u015bwiat\u0142a \u2013 to wszystko pozostaje nie bez wp\u0142ywu na [&hellip;]<\/p>\n","protected":false},"author":2,"featured_media":0,"parent":5983,"menu_order":0,"comment_status":"closed","ping_status":"closed","template":"","meta":{"ngg_post_thumbnail":0,"footnotes":""},"class_list":["post-10217","page","type-page","status-publish","hentry"],"_links":{"self":[{"href":"https:\/\/sp1hrubieszow.pl\/index.php\/wp-json\/wp\/v2\/pages\/10217","targetHints":{"allow":["GET"]}}],"collection":[{"href":"https:\/\/sp1hrubieszow.pl\/index.php\/wp-json\/wp\/v2\/pages"}],"about":[{"href":"https:\/\/sp1hrubieszow.pl\/index.php\/wp-json\/wp\/v2\/types\/page"}],"author":[{"embeddable":true,"href":"https:\/\/sp1hrubieszow.pl\/index.php\/wp-json\/wp\/v2\/users\/2"}],"replies":[{"embeddable":true,"href":"https:\/\/sp1hrubieszow.pl\/index.php\/wp-json\/wp\/v2\/comments?post=10217"}],"version-history":[{"count":2,"href":"https:\/\/sp1hrubieszow.pl\/index.php\/wp-json\/wp\/v2\/pages\/10217\/revisions"}],"predecessor-version":[{"id":10221,"href":"https:\/\/sp1hrubieszow.pl\/index.php\/wp-json\/wp\/v2\/pages\/10217\/revisions\/10221"}],"up":[{"embeddable":true,"href":"https:\/\/sp1hrubieszow.pl\/index.php\/wp-json\/wp\/v2\/pages\/5983"}],"wp:attachment":[{"href":"https:\/\/sp1hrubieszow.pl\/index.php\/wp-json\/wp\/v2\/media?parent=10217"}],"curies":[{"name":"wp","href":"https:\/\/api.w.org\/{rel}","templated":true}]}}