{"id":10173,"date":"2021-06-29T14:17:39","date_gmt":"2021-06-29T12:17:39","guid":{"rendered":"http:\/\/sp1.hrubieszow.info\/?page_id=10173"},"modified":"2021-06-29T14:18:01","modified_gmt":"2021-06-29T12:18:01","slug":"konkursy-i-sukcesy","status":"publish","type":"page","link":"https:\/\/sp1hrubieszow.pl\/index.php\/kronika-2020-2021\/konkursy-i-sukcesy\/","title":{"rendered":"Konkursy i sukcesy"},"content":{"rendered":"\n<div class=\"o9v6fnle cxmmr5t8 oygrvhab hcukyx3x c1et5uql ii04i59q\">\n<div dir=\"auto\"><span style=\"color: #000080;\">W ostatnim tygodniu nauki rozstrzygni\u0119to etap szkolny og\u00f3lnopolskiego konkursu plastyczno-literackiego &#8222;Szcz\u0119\u015bliwe chwile, szcz\u0119\u015bliwy dzie\u0144, szcz\u0119\u015bliwe \u017cycie&#8221;, pod patronatem ZTU.<\/span><\/div>\n<div dir=\"auto\"><span style=\"color: #000080;\">Przebieg kampanii &#8222;Zachowaj Trze\u017awy Umys\u0142&#8221; w Szkole Podstawowej Nr 1 w Hrubieszowie, koordynuj\u0105 panie pedagog Marta Kuczy\u0144ska i Anna Karkuszewska , kt\u00f3re przed przes\u0142aniem prac na konkurs og\u00f3lnopolski, wy\u0142oni\u0142y laureat\u00f3w konkursu na etapie szkolnym, przyznaj\u0105c nagrody i dyplomy nast\u0119puj\u0105cym uczniom:<\/span><\/div>\n<div dir=\"auto\"><span style=\"color: #000080;\">1.Lena Ni\u017anikowska, kl. IIc<\/span><\/div>\n<div dir=\"auto\"><span style=\"color: #000080;\">2.Karolina Danilczuk, kl. IIIa<\/span><\/div>\n<div dir=\"auto\"><span style=\"color: #000080;\">3.Paula Wilczy\u0144ska, kl. IIIa<\/span><\/div>\n<div dir=\"auto\"><span style=\"color: #000080;\">4. David Keneth, kl. Ia<\/span><\/div>\n<div dir=\"auto\"><span style=\"color: #000080;\">5. Gabriela Osma\u0144ska, kl. IIIb<\/span><\/div>\n<div dir=\"auto\"><span style=\"color: #000080;\">6. Julia Kiszel, kl. IIIb<\/span><\/div>\n<div dir=\"auto\"><span style=\"color: #000080;\">7.Nikola Pietryna, kl. IVb<\/span><\/div>\n<div dir=\"auto\"><span style=\"color: #000080;\">8.Marcin Lackowski, kl. Va<\/span><\/div>\n<\/div>\n<div class=\"o9v6fnle cxmmr5t8 oygrvhab hcukyx3x c1et5uql ii04i59q\">\n<div dir=\"auto\"><span style=\"color: #000080;\">Swoje nagrody i dyplomy odebrali laureaci og\u00f3lnopolskiego konkursu &#8222;Wehiku\u0142 czasu&#8221;, kt\u00f3ry przebiega\u0142 pod patronatem ZTU&#8217;2020r. Byli to nast\u0119puj\u0105cy uczniowie:<\/span><\/div>\n<div dir=\"auto\"><span style=\"color: #000080;\">1.Lena Ni\u017anikowska, kl. IIc<\/span><\/div>\n<div dir=\"auto\"><span style=\"color: #000080;\">2.Miko\u0142aj Karpiuk, kl. IIIb<\/span><\/div>\n<div dir=\"auto\"><span style=\"color: #000080;\">3.Dominik Kowalczuk, kl. IVb<\/span><\/div>\n<div dir=\"auto\"><span style=\"color: #000080;\">4. Jakub Chomiak, kl. VIIc<\/span><\/div>\n<div dir=\"auto\"><span style=\"color: #000080;\">Uczniowie otrzymali dyplomy, ksi\u0105\u017cki i plecaki.<\/span><\/div>\n<\/div>\n<div class=\"o9v6fnle cxmmr5t8 oygrvhab hcukyx3x c1et5uql ii04i59q\">\n<div dir=\"auto\"><span style=\"color: #000080;\">Nagrody i pami\u0105tkowe certyfikaty za projekt nagrodzony w ramach og\u00f3lnopolskiej Akademii Szkolnych Lider\u00f3w Przysz\u0142o\u015bci odebra\u0142y uczennice:<\/span><\/div>\n<div dir=\"auto\"><span style=\"color: #000080;\">1.Stefania Suchecka, kl. VIc<\/span><\/div>\n<div dir=\"auto\"><span style=\"color: #000080;\">2. Wiktoria Najfeld, kl. VIId<\/span><\/div>\n<div dir=\"auto\"><span style=\"color: #000080;\">3. Aleksandra Szymko, kl. VIIIb<\/span><\/div>\n<div dir=\"auto\"><span style=\"color: #000080;\">Dziewcz\u0119ta otrzyma\u0142y certyfikaty, gry planszowe oraz g\u0142o\u015bniki<\/span><\/div>\n<div dir=\"auto\"><span style=\"color: #000080;\">z logo programu &#8222;My\u015bl\u0119 Pozytywnie&#8221;.<\/span><\/div>\n<\/div>\n<div class=\"o9v6fnle cxmmr5t8 oygrvhab hcukyx3x c1et5uql ii04i59q\">\n<div dir=\"auto\"><span style=\"color: #000080;\">Gratulujemy, \u017cyczymy dalszych sukces\u00f3w i trzymamy kciuki za pomy\u015blne wyniki w og\u00f3lnopolskim etapie konkursu &#8222;Szcz\u0119\u015bliwe chwile&#8230;&#8221;, kt\u00f3rego rozstrzygni\u0119cie nast\u0105pi 31 sierpnia 2021r.<\/span><\/div>\n<div dir=\"auto\">\nngg_shortcode_0_placeholder\n<\/div>\n<\/div>\n","protected":false},"excerpt":{"rendered":"<p>W ostatnim tygodniu nauki rozstrzygni\u0119to etap szkolny og\u00f3lnopolskiego konkursu plastyczno-literackiego &#8222;Szcz\u0119\u015bliwe chwile, szcz\u0119\u015bliwy dzie\u0144, szcz\u0119\u015bliwe \u017cycie&#8221;, pod patronatem ZTU. Przebieg kampanii &#8222;Zachowaj Trze\u017awy Umys\u0142&#8221; w Szkole Podstawowej Nr 1 w Hrubieszowie, koordynuj\u0105 panie pedagog Marta Kuczy\u0144ska i Anna Karkuszewska , kt\u00f3re przed przes\u0142aniem prac na konkurs og\u00f3lnopolski, wy\u0142oni\u0142y laureat\u00f3w konkursu na etapie szkolnym, przyznaj\u0105c nagrody [&hellip;]<\/p>\n","protected":false},"author":2,"featured_media":0,"parent":5983,"menu_order":0,"comment_status":"closed","ping_status":"closed","template":"","meta":{"ngg_post_thumbnail":0,"footnotes":""},"class_list":["post-10173","page","type-page","status-publish","hentry"],"_links":{"self":[{"href":"https:\/\/sp1hrubieszow.pl\/index.php\/wp-json\/wp\/v2\/pages\/10173","targetHints":{"allow":["GET"]}}],"collection":[{"href":"https:\/\/sp1hrubieszow.pl\/index.php\/wp-json\/wp\/v2\/pages"}],"about":[{"href":"https:\/\/sp1hrubieszow.pl\/index.php\/wp-json\/wp\/v2\/types\/page"}],"author":[{"embeddable":true,"href":"https:\/\/sp1hrubieszow.pl\/index.php\/wp-json\/wp\/v2\/users\/2"}],"replies":[{"embeddable":true,"href":"https:\/\/sp1hrubieszow.pl\/index.php\/wp-json\/wp\/v2\/comments?post=10173"}],"version-history":[{"count":1,"href":"https:\/\/sp1hrubieszow.pl\/index.php\/wp-json\/wp\/v2\/pages\/10173\/revisions"}],"predecessor-version":[{"id":10174,"href":"https:\/\/sp1hrubieszow.pl\/index.php\/wp-json\/wp\/v2\/pages\/10173\/revisions\/10174"}],"up":[{"embeddable":true,"href":"https:\/\/sp1hrubieszow.pl\/index.php\/wp-json\/wp\/v2\/pages\/5983"}],"wp:attachment":[{"href":"https:\/\/sp1hrubieszow.pl\/index.php\/wp-json\/wp\/v2\/media?parent=10173"}],"curies":[{"name":"wp","href":"https:\/\/api.w.org\/{rel}","templated":true}]}}