{"id":1015,"date":"2019-05-23T09:14:57","date_gmt":"2019-05-23T07:14:57","guid":{"rendered":"http:\/\/sp1.hrubieszow.info\/?page_id=1015"},"modified":"2019-05-23T09:14:57","modified_gmt":"2019-05-23T07:14:57","slug":"uks-jedynka-na-84-mistrzostwa-polski-juniorow-w-krosnie-2019","status":"publish","type":"page","link":"https:\/\/sp1hrubieszow.pl\/index.php\/uczniowie\/orlik-2019\/uks-jedynka-na-84-mistrzostwa-polski-juniorow-w-krosnie-2019\/","title":{"rendered":"UKS \u201eJedynka\u201d na 84 Mistrzostwa Polski Junior\u00f3w w\u00a0Kro\u015bnie &#8211; 2019"},"content":{"rendered":"\n<p style=\"text-align: justify;\"><span style=\"color: #000080;\"><strong>UKS \u201eJedynka\u201d na 84 Mistrzostwa Polski Junior\u00f3w w&nbsp;Kro\u015bnie<\/strong><\/span><\/p>\n<p style=\"text-align: justify;\"><span style=\"color: #000080;\">Tegoroczne Mistrzostwa Polski Junior\u00f3w Modeli Swobodnie Lataj\u0105cych&nbsp; odby\u0142y si\u0119 na lotnisku w Kro\u015bnie. Uczniowski Klub Sportowy \u201eJedynka\u201d reprezentowali zawodnicy: w kategorii modeli F1A Dominik Skwarek, Kacper Kaczmarek, Jakub Wezgraj oraz Kacper Zbarachewicz w kategorii modeli F1P. Najlepsze wyniki osi\u0105gn\u0119li: Jakub Wezgraj i Kacper Zbarachewicz, kt\u00f3rzy stan\u0119li na 3 stopniu podium oraz wywalczyli tytu\u0142 II-go Wice Mistrza Polski.<\/span><\/p>\n<p style=\"text-align: justify;\"><span style=\"color: #000080;\">W tym roku 84 Mistrzostwa Polski Modeli Swobodnie Lataj\u0105cych klas F1A,B,P rozegrano w Kro\u015bnie. Miejsce bardzo dobre, lotnisko przyjemne, a pogoda wymarzona do latania.<\/span><\/p>\n<p style=\"text-align: justify;\"><span style=\"color: #000080;\">Rywalizacj\u0119 w kategorii F1A wygra\u0142 Damian M\u0105derek zawodnik z Aeroklubu Pozna\u0144skiego, Wice Mistrzem Polski zosta\u0142a Iga Gozdek z Gliwic, a II Wice Mistrzem Polski zosta\u0142 Jakub Wezgraj z Hrubieszowa. Pozostali Hrubieszowscy zawodnicy zaj\u0119li nast\u0119puj\u0105ce pozycje, debiutuj\u0105cy Kacper Kaczmarek zaj\u0105\u0142 6 miejsce, a Dominik Skwarek przez uszkodzony model w pierwszej kolejce lot\u00f3w zaj\u0105\u0142 10 miejsce.<\/span><\/p>\n<p style=\"text-align: justify;\"><span style=\"color: #000080;\">W klasie modeli F1P 1 miejsce zaj\u0105\u0142 Micha\u0142 Kr\u0119\u017cel z Mielca, 2 miejsce Krzysztof&nbsp; Nieroda zawodnik z Chrzanowa \u015al\u0105skiego i 3 miejsce nasz zawodnik Kacper Zbarachewicz. &nbsp;<\/span><\/p>\n<p style=\"text-align: justify;\"><span style=\"color: #000080;\">Mistrzostwa Polski to najwa\u017cniejsze zawody w ci\u0105gu sezonu. Start w nich gwarantuje rywalizacj\u0119 w szerokim gronie i zmierzenie si\u0119 z najlepszymi zawodnikami w kraju. Pojedyncza impreza, za kt\u00f3r\u0105 mo\u017cna zdoby\u0107 sporo punkt\u00f3w do przysz\u0142orocznej Kadry Narodowej, a ma\u0142a strata w cho\u0107by jednym locie, cz\u0119sto wyklucza z&nbsp;rywalizacji o dobre miejsce.<\/span><\/p>\nngg_shortcode_0_placeholder\n<p style=\"text-align: justify;\">&nbsp;<\/p>\n<p style=\"text-align: justify;\">&nbsp;<\/p>\n<p style=\"text-align: justify;\">&nbsp;<\/p>\n","protected":false},"excerpt":{"rendered":"<p>UKS \u201eJedynka\u201d na 84 Mistrzostwa Polski Junior\u00f3w w&nbsp;Kro\u015bnie Tegoroczne Mistrzostwa Polski Junior\u00f3w Modeli Swobodnie Lataj\u0105cych&nbsp; odby\u0142y si\u0119 na lotnisku w Kro\u015bnie. Uczniowski Klub Sportowy \u201eJedynka\u201d reprezentowali zawodnicy: w kategorii modeli F1A Dominik Skwarek, Kacper Kaczmarek, Jakub Wezgraj oraz Kacper Zbarachewicz w kategorii modeli F1P. Najlepsze wyniki osi\u0105gn\u0119li: Jakub Wezgraj i Kacper Zbarachewicz, kt\u00f3rzy stan\u0119li na [&hellip;]<\/p>\n","protected":false},"author":1,"featured_media":0,"parent":46,"menu_order":2,"comment_status":"closed","ping_status":"closed","template":"","meta":{"ngg_post_thumbnail":0,"footnotes":""},"class_list":["post-1015","page","type-page","status-publish","hentry"],"_links":{"self":[{"href":"https:\/\/sp1hrubieszow.pl\/index.php\/wp-json\/wp\/v2\/pages\/1015","targetHints":{"allow":["GET"]}}],"collection":[{"href":"https:\/\/sp1hrubieszow.pl\/index.php\/wp-json\/wp\/v2\/pages"}],"about":[{"href":"https:\/\/sp1hrubieszow.pl\/index.php\/wp-json\/wp\/v2\/types\/page"}],"author":[{"embeddable":true,"href":"https:\/\/sp1hrubieszow.pl\/index.php\/wp-json\/wp\/v2\/users\/1"}],"replies":[{"embeddable":true,"href":"https:\/\/sp1hrubieszow.pl\/index.php\/wp-json\/wp\/v2\/comments?post=1015"}],"version-history":[{"count":1,"href":"https:\/\/sp1hrubieszow.pl\/index.php\/wp-json\/wp\/v2\/pages\/1015\/revisions"}],"predecessor-version":[{"id":1016,"href":"https:\/\/sp1hrubieszow.pl\/index.php\/wp-json\/wp\/v2\/pages\/1015\/revisions\/1016"}],"up":[{"embeddable":true,"href":"https:\/\/sp1hrubieszow.pl\/index.php\/wp-json\/wp\/v2\/pages\/46"}],"wp:attachment":[{"href":"https:\/\/sp1hrubieszow.pl\/index.php\/wp-json\/wp\/v2\/media?parent=1015"}],"curies":[{"name":"wp","href":"https:\/\/api.w.org\/{rel}","templated":true}]}}