{"id":10135,"date":"2021-06-29T13:21:47","date_gmt":"2021-06-29T11:21:47","guid":{"rendered":"http:\/\/sp1.hrubieszow.info\/?page_id=10135"},"modified":"2021-06-29T13:29:55","modified_gmt":"2021-06-29T11:29:55","slug":"akacja-czytelnicza-duzy-czyta-malemu","status":"publish","type":"page","link":"https:\/\/sp1hrubieszow.pl\/index.php\/kronika-2020-2021\/akacja-czytelnicza-duzy-czyta-malemu\/","title":{"rendered":"Akacja czytelnicza ,,Du\u017cy czyta ma\u0142emu\u201d"},"content":{"rendered":"\n<p><span style=\"color: #000080;\">Cz\u0142onkowie Szkolnego Ko\u0142a Wolontariatu zorganizowali akcj\u0119, kt\u00f3rej celem by\u0142o rozwijanie zainteresowa\u0144 czytelniczych najm\u0142odszych uczni\u00f3w naszej szko\u0142y, a tak\u017ce u\u015bwiadomienia im, jakie korzy\u015bci wynikaj\u0105 z czytania ksi\u0105\u017cek. <\/span><br><span style=\"color: #000080;\">W ramach akcji wolontariusze czytali literatur\u0119 dzieci\u0119c\u0105 w klasach 1-3, zach\u0119caj\u0105c dzieci do jak najcz\u0119stszego si\u0119gania po ulubione bestsellery ksi\u0105\u017ckowe. <\/span><br><span style=\"color: #000080;\">Dzi\u0119kuj\u0119 wolontariuszom w osobach: Oliwia Tomi\u0142o, Pawe\u0142 Gumieniak, Zuzanna Mr\u00f3z, Maja Nowacka, Stefania Suchecka, Maja Bartnik, Amelia Puszcza\u0142o, Marta Burda, Aleksandra Szymko, za aktywny udzia\u0142 w zaplanowanym przedsi\u0119wzi\u0119ciu.<\/span><\/p>\n<p style=\"text-align: right;\"><br><span style=\"color: #000080;\">Opiekun Szkolnego Ko\u0142a Wolontariatu<\/span><\/p>\nngg_shortcode_0_placeholder\n","protected":false},"excerpt":{"rendered":"<p>Cz\u0142onkowie Szkolnego Ko\u0142a Wolontariatu zorganizowali akcj\u0119, kt\u00f3rej celem by\u0142o rozwijanie zainteresowa\u0144 czytelniczych najm\u0142odszych uczni\u00f3w naszej szko\u0142y, a tak\u017ce u\u015bwiadomienia im, jakie korzy\u015bci wynikaj\u0105 z czytania ksi\u0105\u017cek. W ramach akcji wolontariusze czytali literatur\u0119 dzieci\u0119c\u0105 w klasach 1-3, zach\u0119caj\u0105c dzieci do jak najcz\u0119stszego si\u0119gania po ulubione bestsellery ksi\u0105\u017ckowe. Dzi\u0119kuj\u0119 wolontariuszom w osobach: Oliwia Tomi\u0142o, Pawe\u0142 Gumieniak, Zuzanna [&hellip;]<\/p>\n","protected":false},"author":2,"featured_media":0,"parent":5983,"menu_order":0,"comment_status":"closed","ping_status":"closed","template":"","meta":{"ngg_post_thumbnail":0,"footnotes":""},"class_list":["post-10135","page","type-page","status-publish","hentry"],"_links":{"self":[{"href":"https:\/\/sp1hrubieszow.pl\/index.php\/wp-json\/wp\/v2\/pages\/10135","targetHints":{"allow":["GET"]}}],"collection":[{"href":"https:\/\/sp1hrubieszow.pl\/index.php\/wp-json\/wp\/v2\/pages"}],"about":[{"href":"https:\/\/sp1hrubieszow.pl\/index.php\/wp-json\/wp\/v2\/types\/page"}],"author":[{"embeddable":true,"href":"https:\/\/sp1hrubieszow.pl\/index.php\/wp-json\/wp\/v2\/users\/2"}],"replies":[{"embeddable":true,"href":"https:\/\/sp1hrubieszow.pl\/index.php\/wp-json\/wp\/v2\/comments?post=10135"}],"version-history":[{"count":1,"href":"https:\/\/sp1hrubieszow.pl\/index.php\/wp-json\/wp\/v2\/pages\/10135\/revisions"}],"predecessor-version":[{"id":10136,"href":"https:\/\/sp1hrubieszow.pl\/index.php\/wp-json\/wp\/v2\/pages\/10135\/revisions\/10136"}],"up":[{"embeddable":true,"href":"https:\/\/sp1hrubieszow.pl\/index.php\/wp-json\/wp\/v2\/pages\/5983"}],"wp:attachment":[{"href":"https:\/\/sp1hrubieszow.pl\/index.php\/wp-json\/wp\/v2\/media?parent=10135"}],"curies":[{"name":"wp","href":"https:\/\/api.w.org\/{rel}","templated":true}]}}