{"id":10117,"date":"2021-06-28T18:20:39","date_gmt":"2021-06-28T16:20:39","guid":{"rendered":"http:\/\/sp1.hrubieszow.info\/?page_id=10117"},"modified":"2021-06-28T18:21:04","modified_gmt":"2021-06-28T16:21:04","slug":"komunikat-w-sprawie-odbioru-zaswiadczen-z-egzaminu-osmoklasisty","status":"publish","type":"page","link":"https:\/\/sp1hrubieszow.pl\/index.php\/kronika-2020-2021\/komunikat-w-sprawie-odbioru-zaswiadczen-z-egzaminu-osmoklasisty\/","title":{"rendered":"Komunikat w sprawie odbioru za\u015bwiadcze\u0144 z egzaminu \u00f3smoklasisty"},"content":{"rendered":"\n<p class=\"gwp860bc342_MsoNormal\"><span style=\"color: #000080;\">28 czerwca otrzymali\u015bmy informacje z OKE Krak\u00f3w dotycz\u0105c\u0105 za\u015bwiadcze\u0144.<\/span><\/p>\n<p class=\"gwp860bc342_MsoNormal\"><span style=\"color: #000080;\">Za\u015bwiadczenia b\u0119d\u0105&nbsp;&nbsp;przekazane zdaj\u0105cym 9 lipca 2021 r.&nbsp;&nbsp;w sekretariacie szko\u0142y SP Nr 1 w godzinach 9.00- 14.00<\/span><\/p>\n<p class=\"gwp860bc342_MsoNormal\" style=\"text-align: right;\"><span style=\"color: #000080;\">Edyta Kucharska<\/span><\/p>\n<p class=\"gwp860bc342_MsoNormal\" style=\"text-align: right;\"><span style=\"color: #000080;\">dyrektor szko\u0142y<\/span><\/p>\n","protected":false},"excerpt":{"rendered":"<p>28 czerwca otrzymali\u015bmy informacje z OKE Krak\u00f3w dotycz\u0105c\u0105 za\u015bwiadcze\u0144. Za\u015bwiadczenia b\u0119d\u0105&nbsp;&nbsp;przekazane zdaj\u0105cym 9 lipca 2021 r.&nbsp;&nbsp;w sekretariacie szko\u0142y SP Nr 1 w godzinach 9.00- 14.00 Edyta Kucharska dyrektor szko\u0142y<\/p>\n","protected":false},"author":2,"featured_media":0,"parent":5983,"menu_order":0,"comment_status":"closed","ping_status":"closed","template":"","meta":{"ngg_post_thumbnail":0,"footnotes":""},"class_list":["post-10117","page","type-page","status-publish","hentry"],"_links":{"self":[{"href":"https:\/\/sp1hrubieszow.pl\/index.php\/wp-json\/wp\/v2\/pages\/10117","targetHints":{"allow":["GET"]}}],"collection":[{"href":"https:\/\/sp1hrubieszow.pl\/index.php\/wp-json\/wp\/v2\/pages"}],"about":[{"href":"https:\/\/sp1hrubieszow.pl\/index.php\/wp-json\/wp\/v2\/types\/page"}],"author":[{"embeddable":true,"href":"https:\/\/sp1hrubieszow.pl\/index.php\/wp-json\/wp\/v2\/users\/2"}],"replies":[{"embeddable":true,"href":"https:\/\/sp1hrubieszow.pl\/index.php\/wp-json\/wp\/v2\/comments?post=10117"}],"version-history":[{"count":1,"href":"https:\/\/sp1hrubieszow.pl\/index.php\/wp-json\/wp\/v2\/pages\/10117\/revisions"}],"predecessor-version":[{"id":10118,"href":"https:\/\/sp1hrubieszow.pl\/index.php\/wp-json\/wp\/v2\/pages\/10117\/revisions\/10118"}],"up":[{"embeddable":true,"href":"https:\/\/sp1hrubieszow.pl\/index.php\/wp-json\/wp\/v2\/pages\/5983"}],"wp:attachment":[{"href":"https:\/\/sp1hrubieszow.pl\/index.php\/wp-json\/wp\/v2\/media?parent=10117"}],"curies":[{"name":"wp","href":"https:\/\/api.w.org\/{rel}","templated":true}]}}