{"id":10111,"date":"2021-06-28T08:16:32","date_gmt":"2021-06-28T06:16:32","guid":{"rendered":"http:\/\/sp1.hrubieszow.info\/?page_id=10111"},"modified":"2021-06-28T08:20:28","modified_gmt":"2021-06-28T06:20:28","slug":"uroczyste-zakonczenie-roku-szkolnego-2020-2021","status":"publish","type":"page","link":"https:\/\/sp1hrubieszow.pl\/index.php\/kronika-2020-2021\/uroczyste-zakonczenie-roku-szkolnego-2020-2021\/","title":{"rendered":"Uroczyste zako\u0144czenie roku szkolnego 2020\/2021"},"content":{"rendered":"\n<p><span style=\"color: #000080;\">25 czerwca spo\u0142eczno\u015b\u0107 naszej szko\u0142y uczestniczy\u0142a w uroczystym zako\u0144czeniu roku szkolnego. W tym szczeg\u00f3lnym wydarzeniu towarzyszy\u0142 nam przedstawiciel Urz\u0119du Miasta Pan Rados\u0142aw Szkudzi\u0144ski. Uroczysto\u015bci rozpocz\u0119\u0142y si\u0119 na placu rekreacyjnym szko\u0142y, jednak aura pogodowa zmieni\u0142a nasze plany i musieli\u015bmy si\u0119 przenie\u015b\u0107 do budynku szko\u0142y.&nbsp;<\/span><\/p>\n<p><span style=\"color: #000080;\">Wszystkie klasy spotka\u0142y si\u0119 z wychowawcami w salach lekcyjnych, natomiast klasy 8 uczestniczy\u0142y w podsumowaniu roku na sali gimnastycznej. Dla nich by\u0142 to szczeg\u00f3lny dzie\u0144, poniewa\u017c wi\u0105za\u0142 si\u0119 z wieloma niezapomnianymi chwilami. Wbijanie pami\u0105tkowych gwo\u017adzi, przekazanie sztandaru, wr\u0119czenie \u015bwiadectw z wyr\u00f3\u017cnieniem i nagr\u00f3d ksi\u0105\u017ckowych przez Pani\u0105 Dyrektor Edyt\u0119 Kucharsk\u0105 oraz odebranie statuetek dla najlepszych sportowc\u00f3w. Poza tym uczniowie ze \u015bredni\u0105 co najmniej 5,00 otrzymali tak\u017ce pami\u0105tkowe dyplomy i pi\u00f3ra przekazane przez Pani\u0105 Burmistrz Mart\u0119 Majewsk\u0105.&nbsp; Wr\u0119czona zosta\u0142a r\u00f3wnie\u017c nagroda dla Super Ucznia, kt\u00f3rym w tym roku szkolnym zosta\u0142a Agata Czajkowska z kl. 8c.&nbsp;<\/span><\/p>\n<p><span style=\"color: #000080;\">Po cz\u0119\u015bci oficjalnej uczniowie klas 8 spotkali si\u0119 z wychowawcami klas w salach lekcyjnych. Trudno by\u0142o si\u0119 rozsta\u0107 i po\u017cegna\u0107 &#8222;Jedynk\u0119&#8221;&#8230; Mamy jednak nadziej\u0119, \u017ce nasi absolwenci b\u0119d\u0105 odwiedza\u0107 progi swojej podstaw\u00f3wki oraz godnie reprezentowa\u0107 szko\u0142\u0119. \u017byczymy im wielu sukces\u00f3w.&nbsp;<\/span><\/p>\n<p><span style=\"color: #000080;\">Wszystkim \u017cyczymy radosnych, bezpiecznych i pi\u0119knych wakacji. Do zobaczenia we wrze\u015bniu!<\/span><\/p>\nngg_shortcode_0_placeholder\n<p>&nbsp;<\/p>\n","protected":false},"excerpt":{"rendered":"<p>25 czerwca spo\u0142eczno\u015b\u0107 naszej szko\u0142y uczestniczy\u0142a w uroczystym zako\u0144czeniu roku szkolnego. W tym szczeg\u00f3lnym wydarzeniu towarzyszy\u0142 nam przedstawiciel Urz\u0119du Miasta Pan Rados\u0142aw Szkudzi\u0144ski. Uroczysto\u015bci rozpocz\u0119\u0142y si\u0119 na placu rekreacyjnym szko\u0142y, jednak aura pogodowa zmieni\u0142a nasze plany i musieli\u015bmy si\u0119 przenie\u015b\u0107 do budynku szko\u0142y.&nbsp; Wszystkie klasy spotka\u0142y si\u0119 z wychowawcami w salach lekcyjnych, natomiast klasy 8 [&hellip;]<\/p>\n","protected":false},"author":2,"featured_media":0,"parent":5983,"menu_order":0,"comment_status":"closed","ping_status":"closed","template":"","meta":{"ngg_post_thumbnail":0,"footnotes":""},"class_list":["post-10111","page","type-page","status-publish","hentry"],"_links":{"self":[{"href":"https:\/\/sp1hrubieszow.pl\/index.php\/wp-json\/wp\/v2\/pages\/10111","targetHints":{"allow":["GET"]}}],"collection":[{"href":"https:\/\/sp1hrubieszow.pl\/index.php\/wp-json\/wp\/v2\/pages"}],"about":[{"href":"https:\/\/sp1hrubieszow.pl\/index.php\/wp-json\/wp\/v2\/types\/page"}],"author":[{"embeddable":true,"href":"https:\/\/sp1hrubieszow.pl\/index.php\/wp-json\/wp\/v2\/users\/2"}],"replies":[{"embeddable":true,"href":"https:\/\/sp1hrubieszow.pl\/index.php\/wp-json\/wp\/v2\/comments?post=10111"}],"version-history":[{"count":2,"href":"https:\/\/sp1hrubieszow.pl\/index.php\/wp-json\/wp\/v2\/pages\/10111\/revisions"}],"predecessor-version":[{"id":10115,"href":"https:\/\/sp1hrubieszow.pl\/index.php\/wp-json\/wp\/v2\/pages\/10111\/revisions\/10115"}],"up":[{"embeddable":true,"href":"https:\/\/sp1hrubieszow.pl\/index.php\/wp-json\/wp\/v2\/pages\/5983"}],"wp:attachment":[{"href":"https:\/\/sp1hrubieszow.pl\/index.php\/wp-json\/wp\/v2\/media?parent=10111"}],"curies":[{"name":"wp","href":"https:\/\/api.w.org\/{rel}","templated":true}]}}