{"id":10063,"date":"2021-06-24T21:16:49","date_gmt":"2021-06-24T19:16:49","guid":{"rendered":"http:\/\/sp1.hrubieszow.info\/?page_id=10063"},"modified":"2021-06-28T07:03:44","modified_gmt":"2021-06-28T05:03:44","slug":"sukcesy-leny-niznikowskiej-z-klasy-2c","status":"publish","type":"page","link":"https:\/\/sp1hrubieszow.pl\/index.php\/kronika-2020-2021\/sukcesy-leny-niznikowskiej-z-klasy-2c\/","title":{"rendered":"Sukcesy Leny  Ni\u017anikowskiej z klasy 2c"},"content":{"rendered":"\n<p><span style=\"color: #000080;\">Nagroda &#8211; Powiatowy konkurs plastyczno-literacki &#8222;Plusy i minusy w dobie koronawirusa&#8221; &#8211; Caritas<\/span><br><br><span style=\"color: #000080;\">Nagroda &#8211; &#8222;Najpi\u0119kniejsza pisanka i koszyk wielkanocny&#8221; &#8211; HDK<\/span><\/p>\n<p><span style=\"color: #000080;\">Nagroda &#8211; &#8222;230 lat Konstytucji 3 Maja&#8221; &#8211; HDK<\/span><\/p>\n<p><span style=\"color: #000080;\">II miejsce &#8211; &#8222;W sieci dobra i z\u0142a&#8221; &#8211; Powiatowy Zesp\u00f3\u0142 Plac\u00f3wek Szkolno &#8211; Wychowawczych i Komenda Powiatowa Policji w Hrubieszowie<\/span><\/p>\n<p><span style=\"color: #000080;\">I miejsce &#8211; &#8222;Kartka urodzinowa dla Stra\u017cy Granicznej&#8221; &#8211; Nadbu\u017ca\u0144ski Oddzia\u0142 Stra\u017cy Granicznej w Che\u0142mie<\/span><\/p>\n<p><span style=\"color: #000080;\">II miejsce &#8211; &#8222;Po\u017cary, powodzie i r\u00f3\u017cne codzienne z \u017cycia sprawy- stra\u017cak zawsze pomoc sw\u0105 oka\u017ce&#8221; &#8211; Powiatowy Zesp\u00f3\u0142 Plac\u00f3wek Szkolno &#8211; Wychowawczych w Hrubieszowie<\/span><\/p>\n<p><span style=\"color: #000080;\">I miejsce &#8211; &#8222;Ja i moja rodzina&#8221; &#8211; Caritas<\/span><\/p>\n<p><span style=\"color: #000080;\">III miejsce &#8211; Powiatowy Zesp\u00f3\u0142 Plac\u00f3wek Szkolno &#8211; Wychowawczych w Hrubieszowie &#8211; &#8222;Koronowirus &#8211; Praca medyk\u00f3w&#8221;<\/span><\/p>\n<p><span style=\"color: #000080;\">Nagroda &#8211; &#8222;\u0106wicz pami\u0119\u0107 o rodzinie&#8221; &#8211; Miejska Biblioteka Publiczna w Hrubieszowie<\/span><\/p>\n<p style=\"text-align: center;\"><br><span style=\"color: #000080;\">Gratulujemy!<\/span><\/p>\nngg_shortcode_0_placeholder\n","protected":false},"excerpt":{"rendered":"<p>Nagroda &#8211; Powiatowy konkurs plastyczno-literacki &#8222;Plusy i minusy w dobie koronawirusa&#8221; &#8211; Caritas Nagroda &#8211; &#8222;Najpi\u0119kniejsza pisanka i koszyk wielkanocny&#8221; &#8211; HDK Nagroda &#8211; &#8222;230 lat Konstytucji 3 Maja&#8221; &#8211; HDK II miejsce &#8211; &#8222;W sieci dobra i z\u0142a&#8221; &#8211; Powiatowy Zesp\u00f3\u0142 Plac\u00f3wek Szkolno &#8211; Wychowawczych i Komenda Powiatowa Policji w Hrubieszowie I miejsce &#8211; [&hellip;]<\/p>\n","protected":false},"author":2,"featured_media":0,"parent":5983,"menu_order":0,"comment_status":"closed","ping_status":"closed","template":"","meta":{"ngg_post_thumbnail":0,"footnotes":""},"class_list":["post-10063","page","type-page","status-publish","hentry"],"_links":{"self":[{"href":"https:\/\/sp1hrubieszow.pl\/index.php\/wp-json\/wp\/v2\/pages\/10063","targetHints":{"allow":["GET"]}}],"collection":[{"href":"https:\/\/sp1hrubieszow.pl\/index.php\/wp-json\/wp\/v2\/pages"}],"about":[{"href":"https:\/\/sp1hrubieszow.pl\/index.php\/wp-json\/wp\/v2\/types\/page"}],"author":[{"embeddable":true,"href":"https:\/\/sp1hrubieszow.pl\/index.php\/wp-json\/wp\/v2\/users\/2"}],"replies":[{"embeddable":true,"href":"https:\/\/sp1hrubieszow.pl\/index.php\/wp-json\/wp\/v2\/comments?post=10063"}],"version-history":[{"count":3,"href":"https:\/\/sp1hrubieszow.pl\/index.php\/wp-json\/wp\/v2\/pages\/10063\/revisions"}],"predecessor-version":[{"id":10078,"href":"https:\/\/sp1hrubieszow.pl\/index.php\/wp-json\/wp\/v2\/pages\/10063\/revisions\/10078"}],"up":[{"embeddable":true,"href":"https:\/\/sp1hrubieszow.pl\/index.php\/wp-json\/wp\/v2\/pages\/5983"}],"wp:attachment":[{"href":"https:\/\/sp1hrubieszow.pl\/index.php\/wp-json\/wp\/v2\/media?parent=10063"}],"curies":[{"name":"wp","href":"https:\/\/api.w.org\/{rel}","templated":true}]}}