{"id":10056,"date":"2021-06-23T12:36:44","date_gmt":"2021-06-23T10:36:44","guid":{"rendered":"http:\/\/sp1.hrubieszow.info\/?page_id=10056"},"modified":"2021-06-23T12:37:12","modified_gmt":"2021-06-23T10:37:12","slug":"zakonczenie-roku-szkolnego","status":"publish","type":"page","link":"https:\/\/sp1hrubieszow.pl\/index.php\/kronika-2020-2021\/zakonczenie-roku-szkolnego\/","title":{"rendered":"Zako\u0144czenie Roku Szkolnego"},"content":{"rendered":"\n<p><img loading=\"lazy\" decoding=\"async\" class=\"size-medium wp-image-10055 aligncenter\" src=\"http:\/\/sp1.hrubieszow.info\/wp-content\/uploads\/2021\/06\/zakonczenie_roku-1024x856-300x251.jpg\" alt=\"\" width=\"300\" height=\"251\"><\/p>\n<p><span style=\"color: #000080;\">Informujemy, \u017ce Msza \u015awi\u0119ta na zako\u0144czenie roku szkolnego odb\u0119dzie si\u0119 24 czerwca o godzinie 10.00 w Ko\u015bciele Ducha \u015awi\u0119tego. Uczniowie wychodz\u0105 na Eucharysti\u0119 pod opiek\u0105 nauczycieli.&nbsp;<\/span><\/p>\n<p><span style=\"color: #000080;\">Uroczyste zako\u0144czenie roku szkolnego 2020\/2021 odb\u0119dzie si\u0119 25.06.2021 o godzinie 8.00 na placu rekreacyjnym szko\u0142y.&nbsp; Nast\u0119pnie zapraszamy na spotkania z wychowawcami do sal klasowych.&nbsp;<\/span><\/p>\n","protected":false},"excerpt":{"rendered":"<p>Informujemy, \u017ce Msza \u015awi\u0119ta na zako\u0144czenie roku szkolnego odb\u0119dzie si\u0119 24 czerwca o godzinie 10.00 w Ko\u015bciele Ducha \u015awi\u0119tego. Uczniowie wychodz\u0105 na Eucharysti\u0119 pod opiek\u0105 nauczycieli.&nbsp; Uroczyste zako\u0144czenie roku szkolnego 2020\/2021 odb\u0119dzie si\u0119 25.06.2021 o godzinie 8.00 na placu rekreacyjnym szko\u0142y.&nbsp; Nast\u0119pnie zapraszamy na spotkania z wychowawcami do sal klasowych.&nbsp;<\/p>\n","protected":false},"author":2,"featured_media":0,"parent":5983,"menu_order":0,"comment_status":"closed","ping_status":"closed","template":"","meta":{"ngg_post_thumbnail":0,"footnotes":""},"class_list":["post-10056","page","type-page","status-publish","hentry"],"_links":{"self":[{"href":"https:\/\/sp1hrubieszow.pl\/index.php\/wp-json\/wp\/v2\/pages\/10056","targetHints":{"allow":["GET"]}}],"collection":[{"href":"https:\/\/sp1hrubieszow.pl\/index.php\/wp-json\/wp\/v2\/pages"}],"about":[{"href":"https:\/\/sp1hrubieszow.pl\/index.php\/wp-json\/wp\/v2\/types\/page"}],"author":[{"embeddable":true,"href":"https:\/\/sp1hrubieszow.pl\/index.php\/wp-json\/wp\/v2\/users\/2"}],"replies":[{"embeddable":true,"href":"https:\/\/sp1hrubieszow.pl\/index.php\/wp-json\/wp\/v2\/comments?post=10056"}],"version-history":[{"count":1,"href":"https:\/\/sp1hrubieszow.pl\/index.php\/wp-json\/wp\/v2\/pages\/10056\/revisions"}],"predecessor-version":[{"id":10057,"href":"https:\/\/sp1hrubieszow.pl\/index.php\/wp-json\/wp\/v2\/pages\/10056\/revisions\/10057"}],"up":[{"embeddable":true,"href":"https:\/\/sp1hrubieszow.pl\/index.php\/wp-json\/wp\/v2\/pages\/5983"}],"wp:attachment":[{"href":"https:\/\/sp1hrubieszow.pl\/index.php\/wp-json\/wp\/v2\/media?parent=10056"}],"curies":[{"name":"wp","href":"https:\/\/api.w.org\/{rel}","templated":true}]}}