{"id":10051,"date":"2021-06-22T20:58:31","date_gmt":"2021-06-22T18:58:31","guid":{"rendered":"http:\/\/sp1.hrubieszow.info\/?page_id=10051"},"modified":"2021-06-22T21:00:24","modified_gmt":"2021-06-22T19:00:24","slug":"sukces-uczennicy-z-klasy-3a","status":"publish","type":"page","link":"https:\/\/sp1hrubieszow.pl\/index.php\/kronika-2020-2021\/sukces-uczennicy-z-klasy-3a\/","title":{"rendered":"Sukces uczennicy z klasy 3a"},"content":{"rendered":"\n<p><span style=\"color: #000080;\">Mi\u0142o nam poinformowa\u0107, \u017ce uczennica klasy 3a zdoby\u0142a wyr\u00f3\u017cnienie w Regionalnym Konkursie Czytelniczym &#8221; Czy znasz&#8230;&#8230;?&#8221;. <\/span><\/p>\n<p style=\"text-align: center;\"><span style=\"color: #000080;\">Gratulujemy! \u017byczymy dalszych przyg\u00f3d z ksi\u0105\u017ck\u0105.<\/span><\/p>\nngg_shortcode_0_placeholder\n","protected":false},"excerpt":{"rendered":"<p>Mi\u0142o nam poinformowa\u0107, \u017ce uczennica klasy 3a zdoby\u0142a wyr\u00f3\u017cnienie w Regionalnym Konkursie Czytelniczym &#8221; Czy znasz&#8230;&#8230;?&#8221;. Gratulujemy! \u017byczymy dalszych przyg\u00f3d z ksi\u0105\u017ck\u0105.<\/p>\n","protected":false},"author":2,"featured_media":0,"parent":5983,"menu_order":0,"comment_status":"closed","ping_status":"closed","template":"","meta":{"ngg_post_thumbnail":0,"footnotes":""},"class_list":["post-10051","page","type-page","status-publish","hentry"],"_links":{"self":[{"href":"https:\/\/sp1hrubieszow.pl\/index.php\/wp-json\/wp\/v2\/pages\/10051","targetHints":{"allow":["GET"]}}],"collection":[{"href":"https:\/\/sp1hrubieszow.pl\/index.php\/wp-json\/wp\/v2\/pages"}],"about":[{"href":"https:\/\/sp1hrubieszow.pl\/index.php\/wp-json\/wp\/v2\/types\/page"}],"author":[{"embeddable":true,"href":"https:\/\/sp1hrubieszow.pl\/index.php\/wp-json\/wp\/v2\/users\/2"}],"replies":[{"embeddable":true,"href":"https:\/\/sp1hrubieszow.pl\/index.php\/wp-json\/wp\/v2\/comments?post=10051"}],"version-history":[{"count":1,"href":"https:\/\/sp1hrubieszow.pl\/index.php\/wp-json\/wp\/v2\/pages\/10051\/revisions"}],"predecessor-version":[{"id":10052,"href":"https:\/\/sp1hrubieszow.pl\/index.php\/wp-json\/wp\/v2\/pages\/10051\/revisions\/10052"}],"up":[{"embeddable":true,"href":"https:\/\/sp1hrubieszow.pl\/index.php\/wp-json\/wp\/v2\/pages\/5983"}],"wp:attachment":[{"href":"https:\/\/sp1hrubieszow.pl\/index.php\/wp-json\/wp\/v2\/media?parent=10051"}],"curies":[{"name":"wp","href":"https:\/\/api.w.org\/{rel}","templated":true}]}}