{"id":10023,"date":"2021-06-16T19:14:42","date_gmt":"2021-06-16T17:14:42","guid":{"rendered":"http:\/\/sp1.hrubieszow.info\/?page_id=10023"},"modified":"2021-06-16T19:17:11","modified_gmt":"2021-06-16T17:17:11","slug":"warsztaty-loesje","status":"publish","type":"page","link":"https:\/\/sp1hrubieszow.pl\/index.php\/kronika-2020-2021\/warsztaty-loesje\/","title":{"rendered":"Warsztaty LOESJE"},"content":{"rendered":"\n<p><span style=\"color: #000080;\">16 czerwca uczestniczyli\u015bmy w warsztatach Loesje. Zaj\u0119cia poprowadzi\u0142a specjalistka w tej dziedzinie Pani Jolanta Janiec &#8211; Dyrektor Miejskiej Biblioteki Publicznej.<\/span><\/p>\n<p><span style=\"color: #000080;\">Podczas warsztat\u00f3w Pani Jola stara\u0142a si\u0119 pobudzi\u0107 nasze tw\u00f3rcze my\u015blenie i zach\u0119ca\u0142a do kreatywno\u015bci.<\/span><\/p>\n<p style=\"text-align: center;\"><span style=\"color: #000080;\">To by\u0142y wyj\u0105tkowe zaj\u0119cia i serdecznie za nie dzi\u0119kujemy!<\/span><\/p>\n<p style=\"text-align: right;\"><span style=\"color: #000080;\">klasa 8 c i wychowawca Marta Lackowska&nbsp;<\/span><\/p>\nngg_shortcode_0_placeholder\n","protected":false},"excerpt":{"rendered":"<p>16 czerwca uczestniczyli\u015bmy w warsztatach Loesje. Zaj\u0119cia poprowadzi\u0142a specjalistka w tej dziedzinie Pani Jolanta Janiec &#8211; Dyrektor Miejskiej Biblioteki Publicznej. Podczas warsztat\u00f3w Pani Jola stara\u0142a si\u0119 pobudzi\u0107 nasze tw\u00f3rcze my\u015blenie i zach\u0119ca\u0142a do kreatywno\u015bci. To by\u0142y wyj\u0105tkowe zaj\u0119cia i serdecznie za nie dzi\u0119kujemy! klasa 8 c i wychowawca Marta Lackowska&nbsp;<\/p>\n","protected":false},"author":2,"featured_media":0,"parent":5983,"menu_order":0,"comment_status":"closed","ping_status":"closed","template":"","meta":{"ngg_post_thumbnail":0,"footnotes":""},"class_list":["post-10023","page","type-page","status-publish","hentry"],"_links":{"self":[{"href":"https:\/\/sp1hrubieszow.pl\/index.php\/wp-json\/wp\/v2\/pages\/10023","targetHints":{"allow":["GET"]}}],"collection":[{"href":"https:\/\/sp1hrubieszow.pl\/index.php\/wp-json\/wp\/v2\/pages"}],"about":[{"href":"https:\/\/sp1hrubieszow.pl\/index.php\/wp-json\/wp\/v2\/types\/page"}],"author":[{"embeddable":true,"href":"https:\/\/sp1hrubieszow.pl\/index.php\/wp-json\/wp\/v2\/users\/2"}],"replies":[{"embeddable":true,"href":"https:\/\/sp1hrubieszow.pl\/index.php\/wp-json\/wp\/v2\/comments?post=10023"}],"version-history":[{"count":2,"href":"https:\/\/sp1hrubieszow.pl\/index.php\/wp-json\/wp\/v2\/pages\/10023\/revisions"}],"predecessor-version":[{"id":10028,"href":"https:\/\/sp1hrubieszow.pl\/index.php\/wp-json\/wp\/v2\/pages\/10023\/revisions\/10028"}],"up":[{"embeddable":true,"href":"https:\/\/sp1hrubieszow.pl\/index.php\/wp-json\/wp\/v2\/pages\/5983"}],"wp:attachment":[{"href":"https:\/\/sp1hrubieszow.pl\/index.php\/wp-json\/wp\/v2\/media?parent=10023"}],"curies":[{"name":"wp","href":"https:\/\/api.w.org\/{rel}","templated":true}]}}