{"id":10010,"date":"2021-06-15T16:13:20","date_gmt":"2021-06-15T14:13:20","guid":{"rendered":"http:\/\/sp1.hrubieszow.info\/?page_id=10010"},"modified":"2021-06-15T16:13:47","modified_gmt":"2021-06-15T14:13:47","slug":"nauczycielka-z-naszej-szkoly-laureatka-ii-miejsca-w-konkursie-dla-nauczycieli","status":"publish","type":"page","link":"https:\/\/sp1hrubieszow.pl\/index.php\/kronika-2020-2021\/nauczycielka-z-naszej-szkoly-laureatka-ii-miejsca-w-konkursie-dla-nauczycieli\/","title":{"rendered":"Nauczycielka z naszej szko\u0142y laureatk\u0105 II miejsca w konkursie dla nauczycieli"},"content":{"rendered":"\n<p style=\"text-align: left;\"><span style=\"color: #000080;\">Nauczycielka j\u0119zyka angielskiego pani Ilona Winogrodzka zdoby\u0142a II miejsce w konkursie dla nauczycieli z wojew\u00f3dztwa lubelskiego pt. \u201ePomys\u0142 na Lema\u201d organizowanym przez Bibliotek\u0119 Pedagogiczn\u0105 w Che\u0142mie. Zadaniem uczestnik\u00f3w by\u0142o przygotowanie materia\u0142\u00f3w dydaktycznych dotycz\u0105cych tw\u00f3rczo\u015bci Stanis\u0142awa Lema. Pani Ilona opracowa\u0142a zestaw projekt\u00f3w edukacyjnych dla szko\u0142y podstawowej.<\/span><\/p>\n<p style=\"text-align: center;\"><br><span style=\"color: #000080;\">Gratulujemy i \u017cyczymy dalszych sukces\u00f3w!<\/span><\/p>\n<p><img loading=\"lazy\" decoding=\"async\" class=\"alignnone size-medium wp-image-10009\" src=\"http:\/\/sp1.hrubieszow.info\/wp-content\/uploads\/2021\/06\/DYPLOM-SCAN-216x300.jpg\" alt=\"\" width=\"216\" height=\"300\" srcset=\"https:\/\/sp1hrubieszow.pl\/wp-content\/uploads\/2021\/06\/DYPLOM-SCAN-216x300.jpg 216w, https:\/\/sp1hrubieszow.pl\/wp-content\/uploads\/2021\/06\/DYPLOM-SCAN-768x1064.jpg 768w, https:\/\/sp1hrubieszow.pl\/wp-content\/uploads\/2021\/06\/DYPLOM-SCAN-739x1024.jpg 739w, https:\/\/sp1hrubieszow.pl\/wp-content\/uploads\/2021\/06\/DYPLOM-SCAN-624x865.jpg 624w\" sizes=\"auto, (max-width: 216px) 100vw, 216px\" \/><\/p>\n","protected":false},"excerpt":{"rendered":"<p>Nauczycielka j\u0119zyka angielskiego pani Ilona Winogrodzka zdoby\u0142a II miejsce w konkursie dla nauczycieli z wojew\u00f3dztwa lubelskiego pt. \u201ePomys\u0142 na Lema\u201d organizowanym przez Bibliotek\u0119 Pedagogiczn\u0105 w Che\u0142mie. Zadaniem uczestnik\u00f3w by\u0142o przygotowanie materia\u0142\u00f3w dydaktycznych dotycz\u0105cych tw\u00f3rczo\u015bci Stanis\u0142awa Lema. Pani Ilona opracowa\u0142a zestaw projekt\u00f3w edukacyjnych dla szko\u0142y podstawowej. Gratulujemy i \u017cyczymy dalszych sukces\u00f3w!<\/p>\n","protected":false},"author":2,"featured_media":0,"parent":5983,"menu_order":0,"comment_status":"closed","ping_status":"closed","template":"","meta":{"ngg_post_thumbnail":0,"footnotes":""},"class_list":["post-10010","page","type-page","status-publish","hentry"],"_links":{"self":[{"href":"https:\/\/sp1hrubieszow.pl\/index.php\/wp-json\/wp\/v2\/pages\/10010","targetHints":{"allow":["GET"]}}],"collection":[{"href":"https:\/\/sp1hrubieszow.pl\/index.php\/wp-json\/wp\/v2\/pages"}],"about":[{"href":"https:\/\/sp1hrubieszow.pl\/index.php\/wp-json\/wp\/v2\/types\/page"}],"author":[{"embeddable":true,"href":"https:\/\/sp1hrubieszow.pl\/index.php\/wp-json\/wp\/v2\/users\/2"}],"replies":[{"embeddable":true,"href":"https:\/\/sp1hrubieszow.pl\/index.php\/wp-json\/wp\/v2\/comments?post=10010"}],"version-history":[{"count":1,"href":"https:\/\/sp1hrubieszow.pl\/index.php\/wp-json\/wp\/v2\/pages\/10010\/revisions"}],"predecessor-version":[{"id":10011,"href":"https:\/\/sp1hrubieszow.pl\/index.php\/wp-json\/wp\/v2\/pages\/10010\/revisions\/10011"}],"up":[{"embeddable":true,"href":"https:\/\/sp1hrubieszow.pl\/index.php\/wp-json\/wp\/v2\/pages\/5983"}],"wp:attachment":[{"href":"https:\/\/sp1hrubieszow.pl\/index.php\/wp-json\/wp\/v2\/media?parent=10010"}],"curies":[{"name":"wp","href":"https:\/\/api.w.org\/{rel}","templated":true}]}}