{"id":10005,"date":"2021-06-14T09:03:09","date_gmt":"2021-06-14T07:03:09","guid":{"rendered":"http:\/\/sp1.hrubieszow.info\/?page_id=10005"},"modified":"2021-06-14T09:03:43","modified_gmt":"2021-06-14T07:03:43","slug":"sukces-pawla-stankiewicza-z-kl-6a","status":"publish","type":"page","link":"https:\/\/sp1hrubieszow.pl\/index.php\/kronika-2020-2021\/sukces-pawla-stankiewicza-z-kl-6a\/","title":{"rendered":"Sukces Paw\u0142a Stankiewicza z kl. 6a"},"content":{"rendered":"\n<p><img loading=\"lazy\" decoding=\"async\" class=\"size-medium wp-image-10004 aligncenter\" src=\"http:\/\/sp1.hrubieszow.info\/wp-content\/uploads\/2021\/06\/WOK-300x168.png\" alt=\"\" width=\"300\" height=\"168\" srcset=\"https:\/\/sp1hrubieszow.pl\/wp-content\/uploads\/2021\/06\/WOK-300x168.png 300w, https:\/\/sp1hrubieszow.pl\/wp-content\/uploads\/2021\/06\/WOK-768x431.png 768w, https:\/\/sp1hrubieszow.pl\/wp-content\/uploads\/2021\/06\/WOK-1024x574.png 1024w, https:\/\/sp1hrubieszow.pl\/wp-content\/uploads\/2021\/06\/WOK-624x350.png 624w, https:\/\/sp1hrubieszow.pl\/wp-content\/uploads\/2021\/06\/WOK.png 1204w\" sizes=\"auto, (max-width: 300px) 100vw, 300px\" \/><\/p>\n<p style=\"text-align: right;\"><span style=\"color: #000080;\"><strong><em>\u201eTalent jest jak kawa\u0142ek szlachetnego, ale surowego metalu, dopiero pilna <\/em><\/strong><\/span><\/p>\n<p style=\"text-align: right;\"><span style=\"color: #000080;\"><strong><em>praca go obrobi i warto\u015b\u0107 mu wielk\u0105 nada\u201d<\/em><\/strong><\/span><\/p>\n<p style=\"text-align: right;\"><span style=\"color: #000080;\"><em>Stanis\u0142aw Staszic<\/em><em>&nbsp;<\/em><\/span><\/p>\n<p><span style=\"color: #000080;\">Gratulujemy uczniowi Paw\u0142owi Stankiewiczowi uczniowi klasy 6a Szko\u0142y Podstawowej nr 1 w Hrubieszowie talentu recytatorskiego i tytu\u0142u Laureata w kategorii uczni\u00f3w klas 4-6 w XXXX Turnieju Wojew\u00f3dzkim Ma\u0142ego Konkursu Recytatorskiego, kt\u00f3ry otrzyma\u0142 &nbsp;za wyj\u0105tkow\u0105 recytacj\u0119 wiersza naszej Noblistki Wis\u0142awy Szymborskiej pod tytu\u0142em \u201e&nbsp; Pierwsza fotografia Hitlera\u201d.<\/span><\/p>\n","protected":false},"excerpt":{"rendered":"<p>\u201eTalent jest jak kawa\u0142ek szlachetnego, ale surowego metalu, dopiero pilna praca go obrobi i warto\u015b\u0107 mu wielk\u0105 nada\u201d Stanis\u0142aw Staszic&nbsp; Gratulujemy uczniowi Paw\u0142owi Stankiewiczowi uczniowi klasy 6a Szko\u0142y Podstawowej nr 1 w Hrubieszowie talentu recytatorskiego i tytu\u0142u Laureata w kategorii uczni\u00f3w klas 4-6 w XXXX Turnieju Wojew\u00f3dzkim Ma\u0142ego Konkursu Recytatorskiego, kt\u00f3ry otrzyma\u0142 &nbsp;za wyj\u0105tkow\u0105 recytacj\u0119 [&hellip;]<\/p>\n","protected":false},"author":2,"featured_media":0,"parent":5983,"menu_order":0,"comment_status":"closed","ping_status":"closed","template":"","meta":{"ngg_post_thumbnail":0,"footnotes":""},"class_list":["post-10005","page","type-page","status-publish","hentry"],"_links":{"self":[{"href":"https:\/\/sp1hrubieszow.pl\/index.php\/wp-json\/wp\/v2\/pages\/10005","targetHints":{"allow":["GET"]}}],"collection":[{"href":"https:\/\/sp1hrubieszow.pl\/index.php\/wp-json\/wp\/v2\/pages"}],"about":[{"href":"https:\/\/sp1hrubieszow.pl\/index.php\/wp-json\/wp\/v2\/types\/page"}],"author":[{"embeddable":true,"href":"https:\/\/sp1hrubieszow.pl\/index.php\/wp-json\/wp\/v2\/users\/2"}],"replies":[{"embeddable":true,"href":"https:\/\/sp1hrubieszow.pl\/index.php\/wp-json\/wp\/v2\/comments?post=10005"}],"version-history":[{"count":1,"href":"https:\/\/sp1hrubieszow.pl\/index.php\/wp-json\/wp\/v2\/pages\/10005\/revisions"}],"predecessor-version":[{"id":10006,"href":"https:\/\/sp1hrubieszow.pl\/index.php\/wp-json\/wp\/v2\/pages\/10005\/revisions\/10006"}],"up":[{"embeddable":true,"href":"https:\/\/sp1hrubieszow.pl\/index.php\/wp-json\/wp\/v2\/pages\/5983"}],"wp:attachment":[{"href":"https:\/\/sp1hrubieszow.pl\/index.php\/wp-json\/wp\/v2\/media?parent=10005"}],"curies":[{"name":"wp","href":"https:\/\/api.w.org\/{rel}","templated":true}]}}